{"id":2909,"date":"2015-09-18T09:54:14","date_gmt":"2015-09-18T09:54:14","guid":{"rendered":"http:\/\/www.mithio.com\/?page_id=2909"},"modified":"2025-10-22T08:09:48","modified_gmt":"2025-10-22T05:09:48","slug":"lookbook","status":"publish","type":"page","link":"https:\/\/www.mithio.com\/en\/lookbook\/","title":{"rendered":"LOOKBOOK"},"content":{"rendered":"\r\n\r\n\r\n<h2>\r\n\r\n<\/h2>\r\n<h2 id=\"2019sygis2\">LOOKBOOK 2025 II<\/h2>\r\nngg_shortcode_0_placeholder\r\n<p>photography: Kristi T\u00fcvi<br>MUAH: Jennifer \u00d5un ja Signe J\u00e4rve<br>models: Carolin ja Andre<\/p>\r\n<h2>LOOKBOOK 2025 I<\/h2>\r\nngg_shortcode_1_placeholder\r\n<p>photography: Johan Withaj<br>model: Linn Valentine<\/p>\r\n<h2 id=\"2019sygis2\">LOOKBOOK 2024<\/h2>\r\nngg_shortcode_2_placeholder\r\n<p>photography: Kristi T\u00fcvi<br>MUAH: Jennifer \u00d5un<br>models: Lisete ja Andre<\/p>\r\n<h2 id=\"2019sygis2\">LOOKBOOK 2024<\/h2>\r\nngg_shortcode_3_placeholder\r\n<p>photography: Erica Wessman<br>model: Linn Valentine<\/p>\r\n<h2>&nbsp;<\/h2>\r\n<h2>\r\n\r\n<\/h2>\r\n<p>&nbsp;<\/p>\r\n<h2>\r\n\r\n<\/h2>\r\n<h2 class=\"wp-block-heading\">&nbsp;<\/h2>\r\n<h2>\r\n\r\n<\/h2>\r\n<h2 id=\"2019sygis2\">LOOKBOOK 2023<\/h2>\r\nngg_shortcode_4_placeholder\r\n<p>photography: Erica Wessman<br>model: Linn Valentine<\/p>\r\n<h2>\r\n\r\n<\/h2>\r\n<h2 id=\"2019sygis2\">LOOKBOOK 2020<\/h2>\r\n<h2>&nbsp;<\/h2>\r\nngg_shortcode_5_placeholder\r\n<h2><br>\r\n\r\n\r\n\r\n<\/h2>\r\n<p>photography: Johanna Oden<br>style: K\u00e4tlin Kikkas<br>designer: Tiia Orgna<br>MUAH: Britt Ressar<br>models: Lisandra ja Mark<\/p>\r\n<h2>\r\n\r\n<\/h2>\r\n<h2 class=\"wp-block-heading\" id=\"2019sygis2\">LOOKBOOK 2019 II<\/h2>\r\n<h2>\r\n\r\n<\/h2>\r\n<div class=\"wp-block-group\"><div class=\"wp-block-group__inner-container\">\r\n<div class=\"wp-block-group__inner-container is-layout-flow wp-block-group-is-layout-flow\">\r\nngg_shortcode_6_placeholder\r\n<br><\/div>\r\n<\/div><\/div>\r\n<h2>\r\n\r\n<\/h2>\r\n<p>photography: Kristi T\u00fcvi<br>Creative: Carol-Liis M\u00e4nnik<br>designer: Tiia Orgna<br>MUAH: Carol-Liis M\u00e4nnik<br>model: Brigite<\/p>\r\n<h2>\r\n\r\n<\/h2>\r\n<h2 class=\"wp-block-heading\" id=\"2019sygis1\">LOOKBOOK 2019 I<\/h2>\r\n<h2>\r\n\r\n<\/h2>\r\nngg_shortcode_7_placeholder\r\n<h2><br>\r\n\r\n<\/h2>\r\n<p>photography: Kristi T\u00fcvi<br>Creative: Carol-Liis M\u00e4nnik<br>designer: Tiia Orgna<br>MUAH: Mirjam Repnau<br>model: Grete<\/p>\r\n<h2>\r\n\r\n<\/h2>\r\n<h2 class=\"wp-block-heading\" id=\"2018sygis\">LOOKBOOK 2018<\/h2>\r\n<h2>\r\n\r\n<\/h2>\r\nngg_shortcode_8_placeholder\r\n<h2><br>\r\n\r\n<\/h2>\r\n<p>photography: Kristi T\u00fcvi<br>Creative: Carol-Liis M\u00e4nnik<br>designer: Tiia Orgna<br>MUAH: Mirjam Repnau<br>models: Kristelle ja Kristjan<\/p>\r\n<h2>\r\n\r\n<\/h2>\r\n<h2 class=\"wp-block-heading\" id=\"2017sygis2\">LOOKBOOK 2017 II<\/h2>\r\n<h2>\r\n\r\n<\/h2>\r\nngg_shortcode_9_placeholder\r\n<h2><br>\r\n\r\n<\/h2>\r\n<p>photography: Artjom Fraiman<br>Creative: Eve Orgna<br>style: Tiia Orgna<br>models: Magnus ja Markus, Fiji ja Mustikas<\/p>\r\n<h2>\r\n\r\n<\/h2>\r\n<h2 class=\"wp-block-heading\" id=\"2017sygis1\">LOOKBOOK 2017 I<\/h2>\r\n<h2>\r\n\r\n<\/h2>\r\nngg_shortcode_10_placeholder\r\n<h2><br>\r\n\r\n<\/h2>\r\n<p>photography: Sohvi Viik<br>MUAH: Britt Ressar<br>style: Tiia Orgna<br>models: Laura-Eliise, Kaur ja Kristo<\/p>\r\n<h2>\r\n\r\n<\/h2>\r\n<h2 class=\"wp-block-heading\" id=\"2017veebruar\">LOOKBOOK 2017 veebruar<\/h2>\r\n<h2>\r\n\r\n<\/h2>\r\nngg_shortcode_11_placeholder\r\n<h2><br>\r\n\r\n<\/h2>\r\n<p>photography: Kristi T\u00fcvi<br>MUAH : Liis Vahter<br>style: Carol-Liis M\u00e4nnik<br>model: Laura-Eliise<\/p>\r\n<h2>\r\n\r\n<\/h2>\r\n<h2 class=\"wp-block-heading\" id=\"2016sygis2\">LOOKBOOK 2016 II<\/h2>\r\n<h2>\r\n\r\n<\/h2>\r\nngg_shortcode_12_placeholder\r\n<h2><br>\r\n\r\n<\/h2>\r\n<p>photography: Sohvi Viik<br>MUAH: Liisa Chrislin Saleh<br>style: Tiia Orgna, Sohvi Viik<br>models: Hanne-Loore ja Karl-Thomas<\/p>\r\n<h2>\r\n\r\n<\/h2>\r\n<h2 class=\"wp-block-heading\" id=\"2016sygis1\">LOOKBOOK 2016 I<\/h2>\r\n<h2>\r\n\r\n<\/h2>\r\nngg_shortcode_13_placeholder\r\n<h2><br>\r\n\r\n<\/h2>\r\n<p>photography: Sohvi Viik<br>style: Tiia Orgna, Sohvi Viik<br>models: Herman ja Marilind<\/p>\r\n<h2>\r\n\r\n<\/h2>\r\n<h2 class=\"wp-block-heading\" id=\"2015sygis\">LOOKBOOK 2015&nbsp;<\/h2>\r\n<h2>\r\n\r\n<\/h2>\r\nngg_shortcode_14_placeholder\r\n<h2><br>\r\n\r\n<\/h2>\r\n<p>photography: Kertin Vasser<br>MUAH: Britt Ressar<br>style: Tiia Orgna<br>models: Kertin, Magnus, Fran\u04abois, Jason Astro, Liisa ja Ellena<br>4-leg model : Dingo<\/p>\r\n<h2>\r\n\r\n<\/h2>\r\n<h2 class=\"wp-block-heading\" id=\"2015kevad\">LOOKBOOK 2015<\/h2>\r\n<h2>\r\n\r\n<\/h2>\r\nngg_shortcode_15_placeholder\r\n<h2><br>\r\n\r\n<\/h2>\r\n<p>photography: Kertin Vasser<br>MUAH: Britt Ressar<br>style: Tiia Orgna<br>models: Kristjan ja Jennifer agentuurist Trunk-Line BS<br>4-leg model : Dingo<\/p>\r\n<h2>\r\n\r\n<\/h2>\r\n<h2 class=\"wp-block-heading\" id=\"2014\">LOOKBOOK 2014<\/h2>\r\n<h2>\r\n\r\n<\/h2>\r\nngg_shortcode_16_placeholder\r\n<h2><br>\r\n\r\n<\/h2>\r\n<p>photography: Kertin Vasser<br>MUAH: Britt Ressar<br>style: Tiia Orgna<br>models: Hanne-Loore, Markkus ja Ivan agentuurist Trunk-Line BS<br>4-leg model : Dingo<\/p>\r\n<h2>\r\n\r\n<\/h2>\r\n<h2 class=\"wp-block-heading\" id=\"2013\">LOOKBOOK 2013<\/h2>\r\n<h2>\r\n\r\n<\/h2>\r\nngg_shortcode_17_placeholder\r\n<h2><br>\r\n\r\n<\/h2>\r\n<p>photography: Johanna Eenma<br>style: Karl<br>MUAH: Liisa-Chrislin<br>models: Crislin, Liisa-Chrislin, Sander, Kaja<\/p>\r\n<h2><\/h2>","protected":false},"excerpt":{"rendered":"<p>LOOKBOOK 2025 II photography: Kristi T\u00fcviMUAH: Jennifer \u00d5un ja Signe J\u00e4rvemodels: Carolin ja Andre LOOKBOOK 2025 I photography: Johan Withajmodel: Linn Valentine LOOKBOOK 2024 photography: Kristi T\u00fcviMUAH: Jennifer \u00d5unmodels: Lisete ja Andre LOOKBOOK 2024 photography: Erica Wessmanmodel: Linn Valentine &nbsp; &nbsp; LOOKBOOK 2023 photography: Erica Wessmanmodel: Linn Valentine photography: Johanna Odenstyle: K\u00e4tlin Kikkasdesigner: Tiia OrgnaMUAH: [&hellip;]<\/p>\n","protected":false},"author":1,"featured_media":0,"parent":0,"menu_order":28,"comment_status":"closed","ping_status":"closed","template":"","meta":{"inline_featured_image":false,"ngg_post_thumbnail":0,"jetpack_post_was_ever_published":false,"footnotes":""},"class_list":["post-2909","page","type-page","status-publish","hentry"],"yoast_head":"<!-- This site is optimized with the Yoast SEO plugin v27.3 - https:\/\/yoast.com\/product\/yoast-seo-wordpress\/ -->\n<title>LOOKBOOK - Mithio | Clothing<\/title>\n<meta name=\"robots\" content=\"index, follow, max-snippet:-1, max-image-preview:large, max-video-preview:-1\" \/>\n<link rel=\"canonical\" href=\"https:\/\/www.mithio.com\/en\/lookbook\/\" \/>\n<meta property=\"og:locale\" content=\"en_US\" \/>\n<meta property=\"og:type\" content=\"article\" \/>\n<meta property=\"og:title\" content=\"LOOKBOOK - Mithio | Clothing\" \/>\n<meta property=\"og:description\" content=\"LOOKBOOK 2025 II photography: Kristi T\u00fcviMUAH: Jennifer \u00d5un ja Signe J\u00e4rvemodels: Carolin ja Andre LOOKBOOK 2025 I photography: Johan Withajmodel: Linn Valentine LOOKBOOK 2024 photography: Kristi T\u00fcviMUAH: Jennifer \u00d5unmodels: Lisete ja Andre LOOKBOOK 2024 photography: Erica Wessmanmodel: Linn Valentine &nbsp; &nbsp; LOOKBOOK 2023 photography: Erica Wessmanmodel: Linn Valentine photography: Johanna Odenstyle: K\u00e4tlin Kikkasdesigner: Tiia OrgnaMUAH: [&hellip;]\" \/>\n<meta property=\"og:url\" content=\"https:\/\/www.mithio.com\/en\/lookbook\/\" \/>\n<meta property=\"og:site_name\" content=\"Mithio | Clothing\" \/>\n<meta property=\"article:publisher\" content=\"https:\/\/www.facebook.com\/MithioBrand\/?fref=ts\" \/>\n<meta property=\"article:modified_time\" content=\"2025-10-22T05:09:48+00:00\" \/>\n<meta name=\"twitter:card\" content=\"summary_large_image\" \/>\n<meta name=\"twitter:label1\" content=\"Est. reading time\" \/>\n\t<meta name=\"twitter:data1\" content=\"3 minutes\" \/>\n<script type=\"application\/ld+json\" class=\"yoast-schema-graph\">{\"@context\":\"https:\\\/\\\/schema.org\",\"@graph\":[{\"@type\":\"WebPage\",\"@id\":\"https:\\\/\\\/www.mithio.com\\\/en\\\/lookbook\\\/\",\"url\":\"https:\\\/\\\/www.mithio.com\\\/en\\\/lookbook\\\/\",\"name\":\"LOOKBOOK - Mithio | Clothing\",\"isPartOf\":{\"@id\":\"https:\\\/\\\/www.mithio.com\\\/en\\\/#website\"},\"datePublished\":\"2015-09-18T09:54:14+00:00\",\"dateModified\":\"2025-10-22T05:09:48+00:00\",\"breadcrumb\":{\"@id\":\"https:\\\/\\\/www.mithio.com\\\/en\\\/lookbook\\\/#breadcrumb\"},\"inLanguage\":\"en-US\",\"potentialAction\":[{\"@type\":\"ReadAction\",\"target\":[\"https:\\\/\\\/www.mithio.com\\\/en\\\/lookbook\\\/\"]}]},{\"@type\":\"BreadcrumbList\",\"@id\":\"https:\\\/\\\/www.mithio.com\\\/en\\\/lookbook\\\/#breadcrumb\",\"itemListElement\":[{\"@type\":\"ListItem\",\"position\":1,\"name\":\"Home\",\"item\":\"https:\\\/\\\/www.mithio.com\\\/en\\\/\"},{\"@type\":\"ListItem\",\"position\":2,\"name\":\"LOOKBOOK\"}]},{\"@type\":\"WebSite\",\"@id\":\"https:\\\/\\\/www.mithio.com\\\/en\\\/#website\",\"url\":\"https:\\\/\\\/www.mithio.com\\\/en\\\/\",\"name\":\"Mithio | Clothing\",\"description\":\"Etnost futuni\",\"publisher\":{\"@id\":\"https:\\\/\\\/www.mithio.com\\\/en\\\/#organization\"},\"potentialAction\":[{\"@type\":\"SearchAction\",\"target\":{\"@type\":\"EntryPoint\",\"urlTemplate\":\"https:\\\/\\\/www.mithio.com\\\/en\\\/?s={search_term_string}\"},\"query-input\":{\"@type\":\"PropertyValueSpecification\",\"valueRequired\":true,\"valueName\":\"search_term_string\"}}],\"inLanguage\":\"en-US\"},{\"@type\":\"Organization\",\"@id\":\"https:\\\/\\\/www.mithio.com\\\/en\\\/#organization\",\"name\":\"Mithio\",\"url\":\"https:\\\/\\\/www.mithio.com\\\/en\\\/\",\"logo\":{\"@type\":\"ImageObject\",\"inLanguage\":\"en-US\",\"@id\":\"https:\\\/\\\/www.mithio.com\\\/en\\\/#\\\/schema\\\/logo\\\/image\\\/\",\"url\":\"https:\\\/\\\/www.mithio.com\\\/wp-content\\\/uploads\\\/2022\\\/05\\\/Mithio_logo.svg\",\"contentUrl\":\"https:\\\/\\\/www.mithio.com\\\/wp-content\\\/uploads\\\/2022\\\/05\\\/Mithio_logo.svg\",\"width\":\"1024\",\"height\":\"1024\",\"caption\":\"Mithio\"},\"image\":{\"@id\":\"https:\\\/\\\/www.mithio.com\\\/en\\\/#\\\/schema\\\/logo\\\/image\\\/\"},\"sameAs\":[\"https:\\\/\\\/www.facebook.com\\\/MithioBrand\\\/?fref=ts\",\"https:\\\/\\\/www.instagram.com\\\/mithiobrand\\\/\",\"https:\\\/\\\/www.pinterest.com\\\/mithiobrand\\\/\"]}]}<\/script>\n<!-- \/ Yoast SEO plugin. -->","yoast_head_json":{"title":"LOOKBOOK - Mithio | Clothing","robots":{"index":"index","follow":"follow","max-snippet":"max-snippet:-1","max-image-preview":"max-image-preview:large","max-video-preview":"max-video-preview:-1"},"canonical":"https:\/\/www.mithio.com\/en\/lookbook\/","og_locale":"en_US","og_type":"article","og_title":"LOOKBOOK - Mithio | Clothing","og_description":"LOOKBOOK 2025 II photography: Kristi T\u00fcviMUAH: Jennifer \u00d5un ja Signe J\u00e4rvemodels: Carolin ja Andre LOOKBOOK 2025 I photography: Johan Withajmodel: Linn Valentine LOOKBOOK 2024 photography: Kristi T\u00fcviMUAH: Jennifer \u00d5unmodels: Lisete ja Andre LOOKBOOK 2024 photography: Erica Wessmanmodel: Linn Valentine &nbsp; &nbsp; LOOKBOOK 2023 photography: Erica Wessmanmodel: Linn Valentine photography: Johanna Odenstyle: K\u00e4tlin Kikkasdesigner: Tiia OrgnaMUAH: [&hellip;]","og_url":"https:\/\/www.mithio.com\/en\/lookbook\/","og_site_name":"Mithio | Clothing","article_publisher":"https:\/\/www.facebook.com\/MithioBrand\/?fref=ts","article_modified_time":"2025-10-22T05:09:48+00:00","twitter_card":"summary_large_image","twitter_misc":{"Est. reading time":"3 minutes"},"schema":{"@context":"https:\/\/schema.org","@graph":[{"@type":"WebPage","@id":"https:\/\/www.mithio.com\/en\/lookbook\/","url":"https:\/\/www.mithio.com\/en\/lookbook\/","name":"LOOKBOOK - Mithio | Clothing","isPartOf":{"@id":"https:\/\/www.mithio.com\/en\/#website"},"datePublished":"2015-09-18T09:54:14+00:00","dateModified":"2025-10-22T05:09:48+00:00","breadcrumb":{"@id":"https:\/\/www.mithio.com\/en\/lookbook\/#breadcrumb"},"inLanguage":"en-US","potentialAction":[{"@type":"ReadAction","target":["https:\/\/www.mithio.com\/en\/lookbook\/"]}]},{"@type":"BreadcrumbList","@id":"https:\/\/www.mithio.com\/en\/lookbook\/#breadcrumb","itemListElement":[{"@type":"ListItem","position":1,"name":"Home","item":"https:\/\/www.mithio.com\/en\/"},{"@type":"ListItem","position":2,"name":"LOOKBOOK"}]},{"@type":"WebSite","@id":"https:\/\/www.mithio.com\/en\/#website","url":"https:\/\/www.mithio.com\/en\/","name":"Mithio | Clothing","description":"Etnost futuni","publisher":{"@id":"https:\/\/www.mithio.com\/en\/#organization"},"potentialAction":[{"@type":"SearchAction","target":{"@type":"EntryPoint","urlTemplate":"https:\/\/www.mithio.com\/en\/?s={search_term_string}"},"query-input":{"@type":"PropertyValueSpecification","valueRequired":true,"valueName":"search_term_string"}}],"inLanguage":"en-US"},{"@type":"Organization","@id":"https:\/\/www.mithio.com\/en\/#organization","name":"Mithio","url":"https:\/\/www.mithio.com\/en\/","logo":{"@type":"ImageObject","inLanguage":"en-US","@id":"https:\/\/www.mithio.com\/en\/#\/schema\/logo\/image\/","url":"https:\/\/www.mithio.com\/wp-content\/uploads\/2022\/05\/Mithio_logo.svg","contentUrl":"https:\/\/www.mithio.com\/wp-content\/uploads\/2022\/05\/Mithio_logo.svg","width":"1024","height":"1024","caption":"Mithio"},"image":{"@id":"https:\/\/www.mithio.com\/en\/#\/schema\/logo\/image\/"},"sameAs":["https:\/\/www.facebook.com\/MithioBrand\/?fref=ts","https:\/\/www.instagram.com\/mithiobrand\/","https:\/\/www.pinterest.com\/mithiobrand\/"]}]}},"jetpack_shortlink":"https:\/\/wp.me\/P68eMR-KV","jetpack_sharing_enabled":true,"_links":{"self":[{"href":"https:\/\/www.mithio.com\/en\/wp-json\/wp\/v2\/pages\/2909","targetHints":{"allow":["GET"]}}],"collection":[{"href":"https:\/\/www.mithio.com\/en\/wp-json\/wp\/v2\/pages"}],"about":[{"href":"https:\/\/www.mithio.com\/en\/wp-json\/wp\/v2\/types\/page"}],"author":[{"embeddable":true,"href":"https:\/\/www.mithio.com\/en\/wp-json\/wp\/v2\/users\/1"}],"replies":[{"embeddable":true,"href":"https:\/\/www.mithio.com\/en\/wp-json\/wp\/v2\/comments?post=2909"}],"version-history":[{"count":5,"href":"https:\/\/www.mithio.com\/en\/wp-json\/wp\/v2\/pages\/2909\/revisions"}],"predecessor-version":[{"id":18371,"href":"https:\/\/www.mithio.com\/en\/wp-json\/wp\/v2\/pages\/2909\/revisions\/18371"}],"wp:attachment":[{"href":"https:\/\/www.mithio.com\/en\/wp-json\/wp\/v2\/media?parent=2909"}],"curies":[{"name":"wp","href":"https:\/\/api.w.org\/{rel}","templated":true}]}}