{"id":11528,"date":"2021-08-05T18:21:39","date_gmt":"2021-08-05T15:21:39","guid":{"rendered":"https:\/\/www.mithio.com\/toimitus\/"},"modified":"2021-08-05T18:21:39","modified_gmt":"2021-08-05T15:21:39","slug":"toimitus","status":"publish","type":"page","link":"https:\/\/www.mithio.com\/fi\/toimitus\/","title":{"rendered":"TOIMITUS"},"content":{"rendered":"<h6><strong>MITEN TILATA<\/strong><\/h6>\n<h6><strong>KOKO -OPAS<\/strong><\/h6>\n<p>Tarkista &#8211; vaatekuvien alla on tuotteiden valmiita vaatemittoja jokaiselle tyylille.<br \/>\nVoit mitata ja vertailla olemassa olevaa vastaavaa villapaitaa l\u00f6yt\u00e4\u00e4ksesi oikean koon ja arvioidaksesi parhaiten sopivan.<br \/>\nValitse maa ja toimituspaikka.<br \/>\nHyv\u00e4\u00e4 shoppailua!<\/p>\n<h6><strong>TARKISTA<\/strong><\/h6>\n<p>Kun kirjaudut ulos, n\u00e4et taatun tilauksen kokonaism\u00e4\u00e4r\u00e4n, mukaan lukien toimituskulut.<br \/>\nMaksat paikalliset tullit ja verot toimituksen yhteydess\u00e4, jos toimitusosoite on Euroopan unionin ulkopuolella.<br \/>\nEU: n asukkaat eiv\u00e4t maksa ylim\u00e4\u00e4r\u00e4ist\u00e4 paikallista arvonlis\u00e4veroa paketin vastaanottamisen yhteydess\u00e4.<br \/>\nJos et n\u00e4e maasi luettelossa, emme t\u00e4ll\u00e4 hetkell\u00e4 toimita kohteeseen, valitettavasti.<\/p>\n<h6><strong>LAIVAUS<\/strong><\/h6>\n<p>Mithion arvioitu normaali toimitusaika on 7\u201314 arkip\u00e4iv\u00e4\u00e4 maailmanlaajuisesti.<br \/>\nKatso lis\u00e4tietoja alla.<br \/>\nMithio -verkkokauppa toimittaa tavaroita Itella SmartPOSTin avulla Viroon ja Suomeen.<br \/>\nKaikissa muissa kansainv\u00e4lisiss\u00e4 toimituksissa ymp\u00e4ri maailmaa k\u00e4yt\u00e4mme Omnivan (Viron posti Oy) pakettijakelupalvelua kuten tavallisia paketteja tai Courier Europe kuljetuspalvelua (Omnivan yhteisty\u00f6kumppani) .Kun tilauksesi on l\u00e4hetetty, saat haluttaessa s\u00e4hk\u00f6postin, jossa on seuranta- ja j\u00e4ljitysnumero, jotta voit helposti seurata pakettiasi.<br \/>\nOmniva-paketteja voi seurata Omnivan ja UPU: n kansainv\u00e4lisess\u00e4 seurantaymp\u00e4rist\u00f6ss\u00e4: <a href=\"http:\/\/www.track-trace.com\/post\">http:\/\/www.track-trace.com\/post<\/a><br \/>\nItella SmartPOSTin paketteja voi seurata Itellan seurantaymp\u00e4rist\u00f6ss\u00e4: <a href=\"http:\/\/uus.smartpost.ee\/saadetise-otsing\">http:\/\/uus.smartpost.ee\/saadetise-otsing<\/a>.<br \/>\nJoissakin tapauksissa voi kest\u00e4\u00e4 24 tuntia, ennen kuin paketin matka n\u00e4kyy seurantaymp\u00e4rist\u00f6ss\u00e4.<br \/>\nHuomaa, ett\u00e4 toimitus syrj\u00e4isille alueille voi kest\u00e4\u00e4 p\u00e4iv\u00e4n tai kaksi kauemmin.<br \/>\nViron sis\u00e4iset tilaukset ovat ilmaisia \u200b\u200bSmartpost &amp; OMNIVA -pakettikoneella.<\/p>\n","protected":false},"excerpt":{"rendered":"<p>MITEN TILATA KOKO -OPAS Tarkista &#8211; vaatekuvien alla on tuotteiden valmiita vaatemittoja jokaiselle tyylille. Voit mitata ja vertailla olemassa olevaa vastaavaa villapaitaa l\u00f6yt\u00e4\u00e4ksesi oikean koon ja arvioidaksesi parhaiten sopivan. Valitse maa ja toimituspaikka. Hyv\u00e4\u00e4 shoppailua! TARKISTA Kun kirjaudut ulos, n\u00e4et taatun tilauksen kokonaism\u00e4\u00e4r\u00e4n, mukaan lukien toimituskulut. Maksat paikalliset tullit ja verot toimituksen yhteydess\u00e4, jos toimitusosoite [&hellip;]<\/p>\n","protected":false},"author":1,"featured_media":0,"parent":0,"menu_order":57,"comment_status":"closed","ping_status":"closed","template":"","meta":{"inline_featured_image":false,"ngg_post_thumbnail":0,"jetpack_post_was_ever_published":false,"footnotes":""},"class_list":["post-11528","page","type-page","status-publish","hentry"],"yoast_head":"<!-- This site is optimized with the Yoast SEO plugin v27.3 - https:\/\/yoast.com\/product\/yoast-seo-wordpress\/ -->\n<title>TOIMITUS - Mithio | Clothing<\/title>\n<meta name=\"robots\" content=\"index, follow, max-snippet:-1, max-image-preview:large, max-video-preview:-1\" \/>\n<link rel=\"canonical\" href=\"https:\/\/www.mithio.com\/fi\/toimitus\/\" \/>\n<meta property=\"og:locale\" content=\"fi_FI\" \/>\n<meta property=\"og:type\" content=\"article\" \/>\n<meta property=\"og:title\" content=\"TOIMITUS - Mithio | Clothing\" \/>\n<meta property=\"og:description\" content=\"MITEN TILATA KOKO -OPAS Tarkista &#8211; vaatekuvien alla on tuotteiden valmiita vaatemittoja jokaiselle tyylille. Voit mitata ja vertailla olemassa olevaa vastaavaa villapaitaa l\u00f6yt\u00e4\u00e4ksesi oikean koon ja arvioidaksesi parhaiten sopivan. Valitse maa ja toimituspaikka. Hyv\u00e4\u00e4 shoppailua! TARKISTA Kun kirjaudut ulos, n\u00e4et taatun tilauksen kokonaism\u00e4\u00e4r\u00e4n, mukaan lukien toimituskulut. Maksat paikalliset tullit ja verot toimituksen yhteydess\u00e4, jos toimitusosoite [&hellip;]\" \/>\n<meta property=\"og:url\" content=\"https:\/\/www.mithio.com\/fi\/toimitus\/\" \/>\n<meta property=\"og:site_name\" content=\"Mithio | Clothing\" \/>\n<meta property=\"article:publisher\" content=\"https:\/\/www.facebook.com\/MithioBrand\/?fref=ts\" \/>\n<meta name=\"twitter:card\" content=\"summary_large_image\" \/>\n<meta name=\"twitter:label1\" content=\"Est. reading time\" \/>\n\t<meta name=\"twitter:data1\" content=\"1 minute\" \/>\n<script type=\"application\/ld+json\" class=\"yoast-schema-graph\">{\"@context\":\"https:\\\/\\\/schema.org\",\"@graph\":[{\"@type\":\"WebPage\",\"@id\":\"https:\\\/\\\/www.mithio.com\\\/fi\\\/toimitus\\\/\",\"url\":\"https:\\\/\\\/www.mithio.com\\\/fi\\\/toimitus\\\/\",\"name\":\"TOIMITUS - Mithio | Clothing\",\"isPartOf\":{\"@id\":\"https:\\\/\\\/www.mithio.com\\\/fi\\\/#website\"},\"datePublished\":\"2021-08-05T15:21:39+00:00\",\"breadcrumb\":{\"@id\":\"https:\\\/\\\/www.mithio.com\\\/fi\\\/toimitus\\\/#breadcrumb\"},\"inLanguage\":\"fi-FI\",\"potentialAction\":[{\"@type\":\"ReadAction\",\"target\":[\"https:\\\/\\\/www.mithio.com\\\/fi\\\/toimitus\\\/\"]}]},{\"@type\":\"BreadcrumbList\",\"@id\":\"https:\\\/\\\/www.mithio.com\\\/fi\\\/toimitus\\\/#breadcrumb\",\"itemListElement\":[{\"@type\":\"ListItem\",\"position\":1,\"name\":\"Home\",\"item\":\"https:\\\/\\\/www.mithio.com\\\/fi\\\/\"},{\"@type\":\"ListItem\",\"position\":2,\"name\":\"TOIMITUS\"}]},{\"@type\":\"WebSite\",\"@id\":\"https:\\\/\\\/www.mithio.com\\\/fi\\\/#website\",\"url\":\"https:\\\/\\\/www.mithio.com\\\/fi\\\/\",\"name\":\"Mithio | Clothing\",\"description\":\"Etnost futuni\",\"publisher\":{\"@id\":\"https:\\\/\\\/www.mithio.com\\\/fi\\\/#organization\"},\"potentialAction\":[{\"@type\":\"SearchAction\",\"target\":{\"@type\":\"EntryPoint\",\"urlTemplate\":\"https:\\\/\\\/www.mithio.com\\\/fi\\\/?s={search_term_string}\"},\"query-input\":{\"@type\":\"PropertyValueSpecification\",\"valueRequired\":true,\"valueName\":\"search_term_string\"}}],\"inLanguage\":\"fi-FI\"},{\"@type\":\"Organization\",\"@id\":\"https:\\\/\\\/www.mithio.com\\\/fi\\\/#organization\",\"name\":\"Mithio\",\"url\":\"https:\\\/\\\/www.mithio.com\\\/fi\\\/\",\"logo\":{\"@type\":\"ImageObject\",\"inLanguage\":\"fi-FI\",\"@id\":\"https:\\\/\\\/www.mithio.com\\\/fi\\\/#\\\/schema\\\/logo\\\/image\\\/\",\"url\":\"https:\\\/\\\/www.mithio.com\\\/wp-content\\\/uploads\\\/2022\\\/05\\\/Mithio_logo.svg\",\"contentUrl\":\"https:\\\/\\\/www.mithio.com\\\/wp-content\\\/uploads\\\/2022\\\/05\\\/Mithio_logo.svg\",\"width\":\"1024\",\"height\":\"1024\",\"caption\":\"Mithio\"},\"image\":{\"@id\":\"https:\\\/\\\/www.mithio.com\\\/fi\\\/#\\\/schema\\\/logo\\\/image\\\/\"},\"sameAs\":[\"https:\\\/\\\/www.facebook.com\\\/MithioBrand\\\/?fref=ts\",\"https:\\\/\\\/www.instagram.com\\\/mithiobrand\\\/\",\"https:\\\/\\\/www.pinterest.com\\\/mithiobrand\\\/\"]}]}<\/script>\n<!-- \/ Yoast SEO plugin. -->","yoast_head_json":{"title":"TOIMITUS - Mithio | Clothing","robots":{"index":"index","follow":"follow","max-snippet":"max-snippet:-1","max-image-preview":"max-image-preview:large","max-video-preview":"max-video-preview:-1"},"canonical":"https:\/\/www.mithio.com\/fi\/toimitus\/","og_locale":"fi_FI","og_type":"article","og_title":"TOIMITUS - Mithio | Clothing","og_description":"MITEN TILATA KOKO -OPAS Tarkista &#8211; vaatekuvien alla on tuotteiden valmiita vaatemittoja jokaiselle tyylille. Voit mitata ja vertailla olemassa olevaa vastaavaa villapaitaa l\u00f6yt\u00e4\u00e4ksesi oikean koon ja arvioidaksesi parhaiten sopivan. Valitse maa ja toimituspaikka. Hyv\u00e4\u00e4 shoppailua! TARKISTA Kun kirjaudut ulos, n\u00e4et taatun tilauksen kokonaism\u00e4\u00e4r\u00e4n, mukaan lukien toimituskulut. Maksat paikalliset tullit ja verot toimituksen yhteydess\u00e4, jos toimitusosoite [&hellip;]","og_url":"https:\/\/www.mithio.com\/fi\/toimitus\/","og_site_name":"Mithio | Clothing","article_publisher":"https:\/\/www.facebook.com\/MithioBrand\/?fref=ts","twitter_card":"summary_large_image","twitter_misc":{"Est. reading time":"1 minute"},"schema":{"@context":"https:\/\/schema.org","@graph":[{"@type":"WebPage","@id":"https:\/\/www.mithio.com\/fi\/toimitus\/","url":"https:\/\/www.mithio.com\/fi\/toimitus\/","name":"TOIMITUS - Mithio | Clothing","isPartOf":{"@id":"https:\/\/www.mithio.com\/fi\/#website"},"datePublished":"2021-08-05T15:21:39+00:00","breadcrumb":{"@id":"https:\/\/www.mithio.com\/fi\/toimitus\/#breadcrumb"},"inLanguage":"fi-FI","potentialAction":[{"@type":"ReadAction","target":["https:\/\/www.mithio.com\/fi\/toimitus\/"]}]},{"@type":"BreadcrumbList","@id":"https:\/\/www.mithio.com\/fi\/toimitus\/#breadcrumb","itemListElement":[{"@type":"ListItem","position":1,"name":"Home","item":"https:\/\/www.mithio.com\/fi\/"},{"@type":"ListItem","position":2,"name":"TOIMITUS"}]},{"@type":"WebSite","@id":"https:\/\/www.mithio.com\/fi\/#website","url":"https:\/\/www.mithio.com\/fi\/","name":"Mithio | Clothing","description":"Etnost futuni","publisher":{"@id":"https:\/\/www.mithio.com\/fi\/#organization"},"potentialAction":[{"@type":"SearchAction","target":{"@type":"EntryPoint","urlTemplate":"https:\/\/www.mithio.com\/fi\/?s={search_term_string}"},"query-input":{"@type":"PropertyValueSpecification","valueRequired":true,"valueName":"search_term_string"}}],"inLanguage":"fi-FI"},{"@type":"Organization","@id":"https:\/\/www.mithio.com\/fi\/#organization","name":"Mithio","url":"https:\/\/www.mithio.com\/fi\/","logo":{"@type":"ImageObject","inLanguage":"fi-FI","@id":"https:\/\/www.mithio.com\/fi\/#\/schema\/logo\/image\/","url":"https:\/\/www.mithio.com\/wp-content\/uploads\/2022\/05\/Mithio_logo.svg","contentUrl":"https:\/\/www.mithio.com\/wp-content\/uploads\/2022\/05\/Mithio_logo.svg","width":"1024","height":"1024","caption":"Mithio"},"image":{"@id":"https:\/\/www.mithio.com\/fi\/#\/schema\/logo\/image\/"},"sameAs":["https:\/\/www.facebook.com\/MithioBrand\/?fref=ts","https:\/\/www.instagram.com\/mithiobrand\/","https:\/\/www.pinterest.com\/mithiobrand\/"]}]}},"jetpack_shortlink":"https:\/\/wp.me\/P68eMR-2ZW","jetpack_sharing_enabled":true,"_links":{"self":[{"href":"https:\/\/www.mithio.com\/fi\/wp-json\/wp\/v2\/pages\/11528","targetHints":{"allow":["GET"]}}],"collection":[{"href":"https:\/\/www.mithio.com\/fi\/wp-json\/wp\/v2\/pages"}],"about":[{"href":"https:\/\/www.mithio.com\/fi\/wp-json\/wp\/v2\/types\/page"}],"author":[{"embeddable":true,"href":"https:\/\/www.mithio.com\/fi\/wp-json\/wp\/v2\/users\/1"}],"replies":[{"embeddable":true,"href":"https:\/\/www.mithio.com\/fi\/wp-json\/wp\/v2\/comments?post=11528"}],"version-history":[{"count":0,"href":"https:\/\/www.mithio.com\/fi\/wp-json\/wp\/v2\/pages\/11528\/revisions"}],"wp:attachment":[{"href":"https:\/\/www.mithio.com\/fi\/wp-json\/wp\/v2\/media?parent=11528"}],"curies":[{"name":"wp","href":"https:\/\/api.w.org\/{rel}","templated":true}]}}