{"id":11530,"date":"2021-08-05T18:45:25","date_gmt":"2021-08-05T15:45:25","guid":{"rendered":"https:\/\/www.mithio.com\/hoitoohjeet\/"},"modified":"2026-02-12T08:37:20","modified_gmt":"2026-02-12T06:37:20","slug":"hoitoohjeet","status":"publish","type":"page","link":"https:\/\/www.mithio.com\/fi\/hoitoohjeet\/","title":{"rendered":"HOITOOHJEET"},"content":{"rendered":"<h6><strong>HOITOOHJEET<\/strong><\/h6>\n<p>Mithio -villapaitoja on eritt\u00e4in helppo huoltaa!<\/p>\n<p>Katso hoitoohjeet tuotteen pesuohjeista ja t\u00e4\u00e4llt\u00e4 saat viel\u00e4 lis\u00e4ksi hyvi\u00e4 suosituksia puseron koostumuksen mukaan &#8211; n\u00e4it\u00e4 yksinkertaisia \u200b\u200bohjeita noudattamalla pusero ei venyt\u00e4 tai kutistu.<br \/>\nHuomautus &#8211; linkous ja rumpukuivaus ovat kaksi eri toimintoa.<br \/>\nPuseroitamme voi linkoa 400-700 p\/min, mutta rumpukuivaus ei ole sallittua.<\/p>\n<h6><strong>VILLA ja PUOLIVILLA NEULEET<\/strong><\/h6>\n<ul>\n<li>voit pest\u00e4 pesukoneessa joko villapesuohjelmalla tai k\u00e4sinpesuohjelmalla, mutta k\u00e4yt\u00e4 vain alhaista linkousta &#8211; 400-700 rpm<\/li>\n<li>\u00c4l\u00e4 liota villaneulettasi<\/li>\n<li>K\u00e4yt\u00e4 vain villapesuaineita<\/li>\n<li>\u00c4l\u00e4 k\u00e4yt\u00e4 valkaisuaineita<\/li>\n<li>Noudata tuotteen etiketiss\u00e4 ilmoitettua korkeinta pesul\u00e4mp\u00f6tilaa<\/li>\n<li>Pese vaaleat ja tummat v\u00e4rit erikseen<\/li>\n<li>V\u00e4ri pysyy kauniina pidemp\u00e4\u00e4n, kun peset ja kuivatat puseron nurinp\u00e4in<\/li>\n<li>Muotoile neule pesun j\u00e4lkeen ennen kuivausta<\/li>\n<li>H\u00f6yryt\u00e4 kuivauksen j\u00e4lkeen neulen sis\u00e4polelta jos tarvii<\/li>\n<li>Pese villapaitasi mahdollisimman harvoin<\/li>\n<li>Sesongin ulkopuolella s\u00e4ilyt\u00e4 villapaitasi ilmatiiviiss\u00e4 muovipussissa<\/li>\n<\/ul>\n<p>Mallimme l\u00e4p\u00e4isev\u00e4t kaikki kotoiset pesutestit ja noudattavat yll\u00e4 olevia ohjeita. N\u00e4iden tulosten perusteella olemme kirjoittaneet yll\u00e4 olevat huolto -ohjeet. T\u00e4ss\u00e4 tapauksessa puseron kutistuminen voi olla enint\u00e4\u00e4n 1%.Jos unohdat laittaa oikean ohjelman ja oikean linkousnopeuden, mit\u00e4\u00e4n pahempaa ei tapahdu kuin se, ett\u00e4 pusero kutistuu hieman. Puseron kutistuminen voi t\u00e4ss\u00e4 tapauksessa olla enint\u00e4\u00e4n 3-4%.Jos olet kuitenkin k\u00e4ytt\u00e4nyt t\u00e4ysin v\u00e4\u00e4r\u00e4\u00e4 pesuohjelmaa, villapaita vanhenee ja kutistuu yhden tai useamman koon verran.T\u00e4m\u00e4n v\u00e4ltt\u00e4miseksi ole varovainen, kun valitset villapaidan pesuohjelman ja pesuaineen.<\/p>\n<p>Yll\u00e4 olevat vinkit ovat, ett\u00e4 voit nauttia Mithio -villapaidan k\u00e4ytt\u00e4misest\u00e4 pitk\u00e4\u00e4n!<\/p>\n<p>Sinun Mithio<\/p>\n<p>&nbsp;<\/p>\n","protected":false},"excerpt":{"rendered":"<p>HOITOOHJEET Mithio -villapaitoja on eritt\u00e4in helppo huoltaa! Katso hoitoohjeet tuotteen pesuohjeista ja t\u00e4\u00e4llt\u00e4 saat viel\u00e4 lis\u00e4ksi hyvi\u00e4 suosituksia puseron koostumuksen mukaan &#8211; n\u00e4it\u00e4 yksinkertaisia \u200b\u200bohjeita noudattamalla pusero ei venyt\u00e4 tai kutistu. Huomautus &#8211; linkous ja rumpukuivaus ovat kaksi eri toimintoa. Puseroitamme voi linkoa 400-700 p\/min, mutta rumpukuivaus ei ole sallittua. VILLA ja PUOLIVILLA NEULEET voit [&hellip;]<\/p>\n","protected":false},"author":1,"featured_media":0,"parent":0,"menu_order":27,"comment_status":"closed","ping_status":"closed","template":"","meta":{"inline_featured_image":false,"ngg_post_thumbnail":0,"jetpack_post_was_ever_published":false,"footnotes":""},"class_list":["post-11530","page","type-page","status-publish","hentry"],"yoast_head":"<!-- This site is optimized with the Yoast SEO plugin v27.3 - https:\/\/yoast.com\/product\/yoast-seo-wordpress\/ -->\n<title>HOITOOHJEET - Mithio | Clothing<\/title>\n<meta name=\"robots\" content=\"index, follow, max-snippet:-1, max-image-preview:large, max-video-preview:-1\" \/>\n<link rel=\"canonical\" href=\"https:\/\/www.mithio.com\/fi\/hoitoohjeet\/\" \/>\n<meta property=\"og:locale\" content=\"fi_FI\" \/>\n<meta property=\"og:type\" content=\"article\" \/>\n<meta property=\"og:title\" content=\"HOITOOHJEET - Mithio | Clothing\" \/>\n<meta property=\"og:description\" content=\"HOITOOHJEET Mithio -villapaitoja on eritt\u00e4in helppo huoltaa! Katso hoitoohjeet tuotteen pesuohjeista ja t\u00e4\u00e4llt\u00e4 saat viel\u00e4 lis\u00e4ksi hyvi\u00e4 suosituksia puseron koostumuksen mukaan &#8211; n\u00e4it\u00e4 yksinkertaisia \u200b\u200bohjeita noudattamalla pusero ei venyt\u00e4 tai kutistu. Huomautus &#8211; linkous ja rumpukuivaus ovat kaksi eri toimintoa. Puseroitamme voi linkoa 400-700 p\/min, mutta rumpukuivaus ei ole sallittua. VILLA ja PUOLIVILLA NEULEET voit [&hellip;]\" \/>\n<meta property=\"og:url\" content=\"https:\/\/www.mithio.com\/fi\/hoitoohjeet\/\" \/>\n<meta property=\"og:site_name\" content=\"Mithio | Clothing\" \/>\n<meta property=\"article:publisher\" content=\"https:\/\/www.facebook.com\/MithioBrand\/?fref=ts\" \/>\n<meta property=\"article:modified_time\" content=\"2026-02-12T06:37:20+00:00\" \/>\n<meta name=\"twitter:card\" content=\"summary_large_image\" \/>\n<meta name=\"twitter:label1\" content=\"Est. reading time\" \/>\n\t<meta name=\"twitter:data1\" content=\"1 minute\" \/>\n<script type=\"application\/ld+json\" class=\"yoast-schema-graph\">{\"@context\":\"https:\\\/\\\/schema.org\",\"@graph\":[{\"@type\":\"WebPage\",\"@id\":\"https:\\\/\\\/www.mithio.com\\\/fi\\\/hoitoohjeet\\\/\",\"url\":\"https:\\\/\\\/www.mithio.com\\\/fi\\\/hoitoohjeet\\\/\",\"name\":\"HOITOOHJEET - Mithio | Clothing\",\"isPartOf\":{\"@id\":\"https:\\\/\\\/www.mithio.com\\\/fi\\\/#website\"},\"datePublished\":\"2021-08-05T15:45:25+00:00\",\"dateModified\":\"2026-02-12T06:37:20+00:00\",\"breadcrumb\":{\"@id\":\"https:\\\/\\\/www.mithio.com\\\/fi\\\/hoitoohjeet\\\/#breadcrumb\"},\"inLanguage\":\"fi-FI\",\"potentialAction\":[{\"@type\":\"ReadAction\",\"target\":[\"https:\\\/\\\/www.mithio.com\\\/fi\\\/hoitoohjeet\\\/\"]}]},{\"@type\":\"BreadcrumbList\",\"@id\":\"https:\\\/\\\/www.mithio.com\\\/fi\\\/hoitoohjeet\\\/#breadcrumb\",\"itemListElement\":[{\"@type\":\"ListItem\",\"position\":1,\"name\":\"Home\",\"item\":\"https:\\\/\\\/www.mithio.com\\\/fi\\\/\"},{\"@type\":\"ListItem\",\"position\":2,\"name\":\"HOITOOHJEET\"}]},{\"@type\":\"WebSite\",\"@id\":\"https:\\\/\\\/www.mithio.com\\\/fi\\\/#website\",\"url\":\"https:\\\/\\\/www.mithio.com\\\/fi\\\/\",\"name\":\"Mithio | Clothing\",\"description\":\"Etnost futuni\",\"publisher\":{\"@id\":\"https:\\\/\\\/www.mithio.com\\\/fi\\\/#organization\"},\"potentialAction\":[{\"@type\":\"SearchAction\",\"target\":{\"@type\":\"EntryPoint\",\"urlTemplate\":\"https:\\\/\\\/www.mithio.com\\\/fi\\\/?s={search_term_string}\"},\"query-input\":{\"@type\":\"PropertyValueSpecification\",\"valueRequired\":true,\"valueName\":\"search_term_string\"}}],\"inLanguage\":\"fi-FI\"},{\"@type\":\"Organization\",\"@id\":\"https:\\\/\\\/www.mithio.com\\\/fi\\\/#organization\",\"name\":\"Mithio\",\"url\":\"https:\\\/\\\/www.mithio.com\\\/fi\\\/\",\"logo\":{\"@type\":\"ImageObject\",\"inLanguage\":\"fi-FI\",\"@id\":\"https:\\\/\\\/www.mithio.com\\\/fi\\\/#\\\/schema\\\/logo\\\/image\\\/\",\"url\":\"https:\\\/\\\/www.mithio.com\\\/wp-content\\\/uploads\\\/2022\\\/05\\\/Mithio_logo.svg\",\"contentUrl\":\"https:\\\/\\\/www.mithio.com\\\/wp-content\\\/uploads\\\/2022\\\/05\\\/Mithio_logo.svg\",\"width\":\"1024\",\"height\":\"1024\",\"caption\":\"Mithio\"},\"image\":{\"@id\":\"https:\\\/\\\/www.mithio.com\\\/fi\\\/#\\\/schema\\\/logo\\\/image\\\/\"},\"sameAs\":[\"https:\\\/\\\/www.facebook.com\\\/MithioBrand\\\/?fref=ts\",\"https:\\\/\\\/www.instagram.com\\\/mithiobrand\\\/\",\"https:\\\/\\\/www.pinterest.com\\\/mithiobrand\\\/\"]}]}<\/script>\n<!-- \/ Yoast SEO plugin. -->","yoast_head_json":{"title":"HOITOOHJEET - Mithio | Clothing","robots":{"index":"index","follow":"follow","max-snippet":"max-snippet:-1","max-image-preview":"max-image-preview:large","max-video-preview":"max-video-preview:-1"},"canonical":"https:\/\/www.mithio.com\/fi\/hoitoohjeet\/","og_locale":"fi_FI","og_type":"article","og_title":"HOITOOHJEET - Mithio | Clothing","og_description":"HOITOOHJEET Mithio -villapaitoja on eritt\u00e4in helppo huoltaa! Katso hoitoohjeet tuotteen pesuohjeista ja t\u00e4\u00e4llt\u00e4 saat viel\u00e4 lis\u00e4ksi hyvi\u00e4 suosituksia puseron koostumuksen mukaan &#8211; n\u00e4it\u00e4 yksinkertaisia \u200b\u200bohjeita noudattamalla pusero ei venyt\u00e4 tai kutistu. Huomautus &#8211; linkous ja rumpukuivaus ovat kaksi eri toimintoa. Puseroitamme voi linkoa 400-700 p\/min, mutta rumpukuivaus ei ole sallittua. VILLA ja PUOLIVILLA NEULEET voit [&hellip;]","og_url":"https:\/\/www.mithio.com\/fi\/hoitoohjeet\/","og_site_name":"Mithio | Clothing","article_publisher":"https:\/\/www.facebook.com\/MithioBrand\/?fref=ts","article_modified_time":"2026-02-12T06:37:20+00:00","twitter_card":"summary_large_image","twitter_misc":{"Est. reading time":"1 minute"},"schema":{"@context":"https:\/\/schema.org","@graph":[{"@type":"WebPage","@id":"https:\/\/www.mithio.com\/fi\/hoitoohjeet\/","url":"https:\/\/www.mithio.com\/fi\/hoitoohjeet\/","name":"HOITOOHJEET - Mithio | Clothing","isPartOf":{"@id":"https:\/\/www.mithio.com\/fi\/#website"},"datePublished":"2021-08-05T15:45:25+00:00","dateModified":"2026-02-12T06:37:20+00:00","breadcrumb":{"@id":"https:\/\/www.mithio.com\/fi\/hoitoohjeet\/#breadcrumb"},"inLanguage":"fi-FI","potentialAction":[{"@type":"ReadAction","target":["https:\/\/www.mithio.com\/fi\/hoitoohjeet\/"]}]},{"@type":"BreadcrumbList","@id":"https:\/\/www.mithio.com\/fi\/hoitoohjeet\/#breadcrumb","itemListElement":[{"@type":"ListItem","position":1,"name":"Home","item":"https:\/\/www.mithio.com\/fi\/"},{"@type":"ListItem","position":2,"name":"HOITOOHJEET"}]},{"@type":"WebSite","@id":"https:\/\/www.mithio.com\/fi\/#website","url":"https:\/\/www.mithio.com\/fi\/","name":"Mithio | Clothing","description":"Etnost futuni","publisher":{"@id":"https:\/\/www.mithio.com\/fi\/#organization"},"potentialAction":[{"@type":"SearchAction","target":{"@type":"EntryPoint","urlTemplate":"https:\/\/www.mithio.com\/fi\/?s={search_term_string}"},"query-input":{"@type":"PropertyValueSpecification","valueRequired":true,"valueName":"search_term_string"}}],"inLanguage":"fi-FI"},{"@type":"Organization","@id":"https:\/\/www.mithio.com\/fi\/#organization","name":"Mithio","url":"https:\/\/www.mithio.com\/fi\/","logo":{"@type":"ImageObject","inLanguage":"fi-FI","@id":"https:\/\/www.mithio.com\/fi\/#\/schema\/logo\/image\/","url":"https:\/\/www.mithio.com\/wp-content\/uploads\/2022\/05\/Mithio_logo.svg","contentUrl":"https:\/\/www.mithio.com\/wp-content\/uploads\/2022\/05\/Mithio_logo.svg","width":"1024","height":"1024","caption":"Mithio"},"image":{"@id":"https:\/\/www.mithio.com\/fi\/#\/schema\/logo\/image\/"},"sameAs":["https:\/\/www.facebook.com\/MithioBrand\/?fref=ts","https:\/\/www.instagram.com\/mithiobrand\/","https:\/\/www.pinterest.com\/mithiobrand\/"]}]}},"jetpack_shortlink":"https:\/\/wp.me\/P68eMR-2ZY","jetpack_sharing_enabled":true,"_links":{"self":[{"href":"https:\/\/www.mithio.com\/fi\/wp-json\/wp\/v2\/pages\/11530","targetHints":{"allow":["GET"]}}],"collection":[{"href":"https:\/\/www.mithio.com\/fi\/wp-json\/wp\/v2\/pages"}],"about":[{"href":"https:\/\/www.mithio.com\/fi\/wp-json\/wp\/v2\/types\/page"}],"author":[{"embeddable":true,"href":"https:\/\/www.mithio.com\/fi\/wp-json\/wp\/v2\/users\/1"}],"replies":[{"embeddable":true,"href":"https:\/\/www.mithio.com\/fi\/wp-json\/wp\/v2\/comments?post=11530"}],"version-history":[{"count":2,"href":"https:\/\/www.mithio.com\/fi\/wp-json\/wp\/v2\/pages\/11530\/revisions"}],"predecessor-version":[{"id":18828,"href":"https:\/\/www.mithio.com\/fi\/wp-json\/wp\/v2\/pages\/11530\/revisions\/18828"}],"wp:attachment":[{"href":"https:\/\/www.mithio.com\/fi\/wp-json\/wp\/v2\/media?parent=11530"}],"curies":[{"name":"wp","href":"https:\/\/api.w.org\/{rel}","templated":true}]}}