{"id":11535,"date":"2021-08-05T19:08:05","date_gmt":"2021-08-05T16:08:05","guid":{"rendered":"https:\/\/www.mithio.com\/myyntipisteita\/"},"modified":"2026-01-09T19:04:47","modified_gmt":"2026-01-09T17:04:47","slug":"myyntipisteita","status":"publish","type":"page","link":"https:\/\/www.mithio.com\/fi\/myyntipisteita\/","title":{"rendered":"MYYNTIPISTEIT\u00c4"},"content":{"rendered":"<p><strong>TALLINN<\/strong><\/p>\r\n<p><a href=\"https:\/\/www.google.ee\/maps\/place\/Tallinn+Design+House\/@59.4390036,24.7549411,17z\/data=!3m1!4b1!4m6!3m5!1s0x46929360c91c2781:0xd487acdf55b05bbe!8m2!3d59.4390009!4d24.757516!16s%2Fg%2F11c314c3sj?entry=ttu&amp;g_ep=EgoyMDI0MTIwMS4xIKXMDSoASAFQAw%3D%3D\"><strong>Tallinn Design House<\/strong><\/a><br>Rotermanni 14<br>Tallinn 10111<br>Mo\u2013La 10:00 \u2013 18:00<br>Su-suljettu<br>+372 58 65 0558<br><a href=\"mailto:info@tallinndesignhouse.com\">info@tallinndesignhouse.com<\/a><\/p>\r\n<p><a href=\"https:\/\/www.google.ee\/maps\/place\/H%C3%A4%C3%A4+Eesti+Asi\/@59.4164731,24.7975732,17z\/data=!3m1!4b1!4m6!3m5!1s0x4692eb6cbc83d621:0x23c95c12099fe17f!8m2!3d59.4164704!4d24.8001481!16s%2Fg%2F11txlwdbcc?entry=ttu&amp;g_ep=EgoyMDI0MTIwMS4xIKXMDSoASAFQAw%3D%3D\"><strong>Estonian Goods<\/strong><\/a><br>Tallinnan Lentoaseman matkustajaterminaali<br>Tartu mnt 101<br>Tallinn 10112<br>Ma\u2013Pe 04:30 \u2013 21:00<br>La 04:30 \u2013 21:00<br>Su 04:30 \u2013 21:00<br>+372 56 97 6412<br><a href=\"mailto:lennu@heaeestiasi.ee\">lennu@heaeestiasi.ee<\/a><\/p>\r\n<p><strong><a href=\"https:\/\/www.google.ee\/maps\/place\/H%C3%A4%C3%A4+Eesti+Asi\/@59.4368588,24.7443555,17z\/data=!3m1!4b1!4m6!3m5!1s0x46929361ba778fbb:0x57a6b00f3241fe2c!8m2!3d59.4368561!4d24.7469304!16s%2Fg%2F11g874b5b3?entry=ttu&amp;g_ep=EgoyMDI0MTIwMS4xIKXMDSoASAFQAw%3D%3D\">Kauppa H\u00c4\u00c4 EESTI ASI<\/a><br><\/strong>Viru tn.1<br>Tallinn 10140<br>Ma-Su 10:00 &#8211; 18:00<br>+ 372 56 56 0258<br><a href=\"mailto:viru@heaeestiasi.ee\">viru@heaeestiasi.ee<\/a><\/p>\r\n<p><a href=\"https:\/\/www.google.ee\/maps\/place\/LEVI+Eesti+Disainipood\/@59.4331422,24.7497863,17z\/data=!3m1!4b1!4m6!3m5!1s0x4692949feaccecf5:0x877f7e214c9c0031!8m2!3d59.4331395!4d24.7523612!16s%2Fg%2F11f30q27mc?entry=ttu&amp;g_ep=EgoyMDI0MTIwMS4xIKXMDSoASAFQAw%3D%3D\"><strong>LEVI Design Shop<\/strong><\/a><br>Estonia pst.9, Solaris keskus<br>Tallinn 11314<br>Ma\u2013La 10:00 \u2013 21:00<br>Su 10:00 \u2013 19:00<br><a href=\"mailto:info@levi.design\">info@levi.design<\/a><\/p>\r\n<p><a href=\"https:\/\/www.google.ee\/maps\/place\/Eesti+Vaba%C3%B5humuuseum\/@59.4314901,24.6354898,17z\/data=!3m1!4b1!4m6!3m5!1s0x46929422c1256087:0x15bbb4669cc6ae1!8m2!3d59.4314874!4d24.6380647!16s%2Fm%2F04cvrx2?entry=ttu&amp;g_ep=EgoyMDI0MTIwMS4xIKXMDSoASAFQAw%3D%3D\"><strong>Viron Ulkoilmamuseon kauppa<\/strong><\/a><br>Vaba\u00f5humuuseumi tee 12<br>Tallinn 13521<br>Ti-Su 10:00 \u2013 17:00<br>Ma-suljettu<br>+372 65 49 101<br><a href=\"mailto:info@evm.ee\">info@evm.ee<\/a><\/p>\r\n<p><a href=\"https:\/\/www.google.ee\/maps\/place\/Eesti+Kunstimuuseum+(KUMU)\/@59.4370676,24.7949566,17z\/data=!3m1!4b1!4m6!3m5!1s0x46929352896ce8dd:0x7720455853510cf3!8m2!3d59.4370649!4d24.7975315!16zL20vMDhiOTRu?entry=ttu&amp;g_ep=EgoyMDI0MTIwMS4xIKXMDSoASAFQAw%3D%3D\"><strong>KUMU<\/strong><\/a><br>Viron Taidemuseon kauppa<br>A.Weizenbergi 34\/Valge 1<br>Tallinn 10127<br>Ma-suljettu<br>Ti-Ke 10:00 \u2013 18:00<br>To&nbsp; 10:00 \u2013 20:00<br>Pe-La-Su 10:00 \u2013 18:00<br>+372 60 26 000<br><a href=\"mailto:mood@maraave.ee\">kumu@ekm.ee<\/a><\/p>\r\n<p><a href=\"https:\/\/www.google.ee\/maps\/place\/Kunstiaken\/@59.4383028,24.7456549,17z\/data=!3m1!4b1!4m6!3m5!1s0x469293622ac61ef1:0xb470f09f376f6d10!8m2!3d59.4383001!4d24.7482298!16s%2Fg%2F1tg5sqhl?entry=ttu&amp;g_ep=EgoyMDI0MTIwMS4xIKXMDSoASAFQAw%3D%3D\"><strong>KUNSTIAKEN<\/strong><\/a><br>Vene tn.20<br>Tallinn 10123<br>Ma-La 11:00 \u2013 18:00<br>Su 12:00 \u2013 16:00<br>+372 56655036<br><a href=\"mailto:penelope.pood@gmail.com\">penelope.pood@gmail.com<\/a><\/p>\r\n<p><strong>P\u00c4RNU<\/strong><\/p>\r\n<p><a href=\"https:\/\/www.google.ee\/maps\/place\/Siluett+Eesti+moe+pood\/@58.3848032,24.4989788,17z\/data=!3m1!4b1!4m6!3m5!1s0x46ecfd22acce8eb1:0xa4e92d4966685b25!8m2!3d58.3848004!4d24.5015537!16s%2Fg%2F11fy5f_0ch?entry=ttu&amp;g_ep=EgoyMDI0MTIwMS4xIKXMDSoASAFQAw%3D%3D\"><strong>Kauppa SILUETT<\/strong><\/a><br>R\u00fc\u00fctli tn.28<br>P\u00e4rnu 80011<br>Ma\u2013Pe 10:00 \u2013 18:00<br>La 10:00 \u2013 16:00<br>Su 11:00 \u2013 15:00<br>+372 50 81 271<br><a href=\"mailto:siluett.pood@gmail.com\">siluett.pood@gmail.com<\/a><\/p>\r\n<p><strong>TARTU<\/strong><\/p>\r\n<p><a href=\"https:\/\/www.google.ee\/maps\/place\/Eesti+Rahva+Muuseum\/@58.3953217,26.7420135,17z\/data=!3m1!4b1!4m6!3m5!1s0x46eb371e0069d991:0x3b484674469f1cea!8m2!3d58.3953189!4d26.7445884!16s%2Fm%2F04n5g7n?entry=ttu&amp;g_ep=EgoyMDI0MTIwMS4xIKXMDSoASAFQAw%3D%3D\"><strong>ERM<\/strong><\/a><br>Viron Kansallismuseon kauppa<br>Muuseumi tee 2<br>Tartu 60532<br>Ma-suljettu<br>Ti-Su 10:00 \u2013 18:00<br>+372 73 63 051<br><a href=\"mailto:erm@erm.ee\">erm@erm.ee<\/a><\/p>\r\n<p><a href=\"https:\/\/www.google.ee\/maps\/place\/Tartu+Kaubamaja\/@58.3779446,26.7257509,17z\/data=!3m1!4b1!4m6!3m5!1s0x46eb36de6997dcc3:0xe272698db05c750a!8m2!3d58.3779418!4d26.7283258!16s%2Fg%2F125_j7_f6?entry=ttu&amp;g_ep=EgoyMDI0MTIwMS4xIKXMDSoASAFQAw%3D%3D\"><strong>LEVI Design Shop<\/strong><\/a><br>Riia 1, Tartu Kaubamaja<br>II kerros<br>Tartu 51004<br>Ma\u2013La 09:00 \u2013 21:00<br>Su 10:00 &#8211; 19:00<br><a href=\"mailto:tartu@levi.design\">tartu@levi.design<\/a><\/p>\r\n<p><a href=\"https:\/\/www.google.ee\/maps\/place\/HOPP+Design\/@58.3795736,26.718712,17z\/data=!3m1!4b1!4m6!3m5!1s0x46eb371f34845a37:0x4584b8fa0bc04788!8m2!3d58.3795709!4d26.7235829!16s%2Fg%2F11l1dcjmvr?entry=ttu&amp;g_ep=EgoyMDI0MTEyNC4xIKXMDSoASAFQAw%3D%3D\"><strong>HOPP Design kauppa<\/strong><\/a><br>K\u00fc\u00fcni 4<br>Tartu 51004<br>Ma\u2013Pe 11:00 \u2013 19:00<br>La 11:00 &#8211; 15:00<br>Su suljettu<br>+372 53029848<br><a href=\"mailto:pood@lmk.ee\">pood@lmk.ee<\/a><\/p>\r\n<p><strong>RAKVERE<\/strong><\/p>\r\n<p><a href=\"https:\/\/www.google.ee\/maps\/place\/Amee+shop\/@59.3513858,26.3575684,17z\/data=!3m1!4b1!4m6!3m5!1s0x469375e220e35adb:0x13a26973b1760392!8m2!3d59.3513831!4d26.3601433!16s%2Fg%2F11trdjgy_0?entry=ttu&amp;g_ep=EgoyMDI0MTIwMS4xIKXMDSoASAFQAw%3D%3D\"><strong>AMEE Shop<\/strong><\/a><br>Laada 5<br>Rakvere 44310<br>Ti\u2013Pe 10:00 \u2013 18:00<br>La 10:00 \u2013 14:00<br>Ma-Su suljettu<br>+372 52 40585<br><a href=\"mailto:info@ameeshop.ee\">info@ameeshop.ee<\/a><\/p>\r\n<p><strong>HAAPSALU<\/strong><\/p>\r\n<p><a href=\"https:\/\/www.google.ee\/maps\/place\/Lillerand+lille-+ja+disainistuudio+Haapsalus\/@58.9360801,23.5691532,17z\/data=!3m1!4b1!4m6!3m5!1s0x46f2a7807940b975:0x52df63ef376b2064!8m2!3d58.9360774!4d23.5717281!16s%2Fg%2F11cmt5hfkh?entry=ttu&amp;g_ep=EgoyMDI0MTIwMS4xIKXMDSoASAFQAw%3D%3D\"><strong>LILLERAND LILLE-JA DISAINISTUUDIO<\/strong><\/a><br>Rannarootsi tee 1, Uuem\u00f5isa<br>Haapsalu 90404<br>Ma\u2013La 10:00 \u2013 19:00<br>Su 10:00 \u2013 18:00<br>+372 4766 237<br><a href=\"mailto:siluett.pood@gmail.com\">lillerand.lilled@gmail.com<\/a><\/p>\r\n<p><strong>SAAREMAA<br>KURESSAARE<\/strong><\/p>\r\n<p><a href=\"https:\/\/www.google.ee\/maps\/place\/Pallopsoni+disainipood\/@58.2523888,22.4815149,17z\/data=!3m1!4b1!4m6!3m5!1s0x46f26d3861ecc29f:0xe1f6c9e022eec30!8m2!3d58.252386!4d22.4840898!16s%2Fg%2F11h032xxmf?entry=ttu&amp;g_ep=EgoyMDI0MTIwMS4xIKXMDSoASAFQAw%3D%3D\"><strong>PALLOPSONI DISAIN KAUPPA<\/strong><\/a><br>Kauba tn.1<br>Kuressaare 93813<br>Ma\u2013Pe 10:30 \u2013 18:00<br>La 10:00 \u2013 16:00<br>Su 11:00 \u2013 15:00<br>+372 523 6658<br><a href=\"pallopsoni@gmail.com\">pallopsoni@gmail.com<\/a><\/p>\r\n<p><strong>LEVI, SIRKKA<\/strong><\/p>\r\n<p><a href=\"https:\/\/www.google.ee\/maps\/dir\/Design+Hotel+Levi,+Levi+Hotel+Spa+Resort,+Levintie+1590,+99130+Levi,+Soome\/Levi,+Kittil%C3%A4+vald,+Soome\/@67.8040607,24.7997566,18z\/data=!4m14!4m13!1m5!1m1!1s0x45d3ad356394b6df:0xf230d92256aff3c4!2m2!1d24.8001853!2d67.8036888!1m5!1m1!1s0x4680ce2e5780f06f:0xa804ff62e1779c94!2m2!1d24.8678286!2d67.7832872!3e0?entry=ttu&amp;g_ep=EgoyMDI1MDIxMi4wIKXMDSoASAFQAw%3D%3D\"><strong>LumiShopLevi<\/strong><\/a><br>Levintie 1590<br>99130 Levi, Sirkka<br>Ma\u2013Su 10:00 \u2013 19:00<br>Suomi<br>+358 405552227<\/p>\r\n\r\n<p>&nbsp;<\/p>\r\n","protected":false},"excerpt":{"rendered":"<p>TALLINN Tallinn Design HouseRotermanni 14Tallinn 10111Mo\u2013La 10:00 \u2013 18:00Su-suljettu+372 58 65 0558info@tallinndesignhouse.com Estonian GoodsTallinnan Lentoaseman matkustajaterminaaliTartu mnt 101Tallinn 10112Ma\u2013Pe 04:30 \u2013 21:00La 04:30 \u2013 21:00Su 04:30 \u2013 21:00+372 56 97 6412lennu@heaeestiasi.ee Kauppa H\u00c4\u00c4 EESTI ASIViru tn.1Tallinn 10140Ma-Su 10:00 &#8211; 18:00+ 372 56 56 0258viru@heaeestiasi.ee LEVI Design ShopEstonia pst.9, Solaris keskusTallinn 11314Ma\u2013La 10:00 \u2013 21:00Su 10:00 [&hellip;]<\/p>\n","protected":false},"author":1,"featured_media":0,"parent":0,"menu_order":38,"comment_status":"closed","ping_status":"closed","template":"","meta":{"inline_featured_image":false,"ngg_post_thumbnail":0,"jetpack_post_was_ever_published":false,"footnotes":""},"class_list":["post-11535","page","type-page","status-publish","hentry"],"yoast_head":"<!-- This site is optimized with the Yoast SEO plugin v27.3 - https:\/\/yoast.com\/product\/yoast-seo-wordpress\/ -->\n<title>MYYNTIPISTEIT\u00c4 - Mithio | Clothing<\/title>\n<meta name=\"robots\" content=\"index, follow, max-snippet:-1, max-image-preview:large, max-video-preview:-1\" \/>\n<link rel=\"canonical\" href=\"https:\/\/www.mithio.com\/fi\/myyntipisteita\/\" \/>\n<meta property=\"og:locale\" content=\"fi_FI\" \/>\n<meta property=\"og:type\" content=\"article\" \/>\n<meta property=\"og:title\" content=\"MYYNTIPISTEIT\u00c4 - Mithio | Clothing\" \/>\n<meta property=\"og:description\" content=\"TALLINN Tallinn Design HouseRotermanni 14Tallinn 10111Mo\u2013La 10:00 \u2013 18:00Su-suljettu+372 58 65 0558info@tallinndesignhouse.com Estonian GoodsTallinnan Lentoaseman matkustajaterminaaliTartu mnt 101Tallinn 10112Ma\u2013Pe 04:30 \u2013 21:00La 04:30 \u2013 21:00Su 04:30 \u2013 21:00+372 56 97 6412lennu@heaeestiasi.ee Kauppa H\u00c4\u00c4 EESTI ASIViru tn.1Tallinn 10140Ma-Su 10:00 &#8211; 18:00+ 372 56 56 0258viru@heaeestiasi.ee LEVI Design ShopEstonia pst.9, Solaris keskusTallinn 11314Ma\u2013La 10:00 \u2013 21:00Su 10:00 [&hellip;]\" \/>\n<meta property=\"og:url\" content=\"https:\/\/www.mithio.com\/fi\/myyntipisteita\/\" \/>\n<meta property=\"og:site_name\" content=\"Mithio | Clothing\" \/>\n<meta property=\"article:publisher\" content=\"https:\/\/www.facebook.com\/MithioBrand\/?fref=ts\" \/>\n<meta property=\"article:modified_time\" content=\"2026-01-09T17:04:47+00:00\" \/>\n<meta name=\"twitter:card\" content=\"summary_large_image\" \/>\n<meta name=\"twitter:label1\" content=\"Est. reading time\" \/>\n\t<meta name=\"twitter:data1\" content=\"2 minutes\" \/>\n<script type=\"application\/ld+json\" class=\"yoast-schema-graph\">{\"@context\":\"https:\\\/\\\/schema.org\",\"@graph\":[{\"@type\":\"WebPage\",\"@id\":\"https:\\\/\\\/www.mithio.com\\\/fi\\\/myyntipisteita\\\/\",\"url\":\"https:\\\/\\\/www.mithio.com\\\/fi\\\/myyntipisteita\\\/\",\"name\":\"MYYNTIPISTEIT\u00c4 - Mithio | Clothing\",\"isPartOf\":{\"@id\":\"https:\\\/\\\/www.mithio.com\\\/fi\\\/#website\"},\"datePublished\":\"2021-08-05T16:08:05+00:00\",\"dateModified\":\"2026-01-09T17:04:47+00:00\",\"breadcrumb\":{\"@id\":\"https:\\\/\\\/www.mithio.com\\\/fi\\\/myyntipisteita\\\/#breadcrumb\"},\"inLanguage\":\"fi-FI\",\"potentialAction\":[{\"@type\":\"ReadAction\",\"target\":[\"https:\\\/\\\/www.mithio.com\\\/fi\\\/myyntipisteita\\\/\"]}]},{\"@type\":\"BreadcrumbList\",\"@id\":\"https:\\\/\\\/www.mithio.com\\\/fi\\\/myyntipisteita\\\/#breadcrumb\",\"itemListElement\":[{\"@type\":\"ListItem\",\"position\":1,\"name\":\"Home\",\"item\":\"https:\\\/\\\/www.mithio.com\\\/fi\\\/\"},{\"@type\":\"ListItem\",\"position\":2,\"name\":\"MYYNTIPISTEIT\u00c4\"}]},{\"@type\":\"WebSite\",\"@id\":\"https:\\\/\\\/www.mithio.com\\\/fi\\\/#website\",\"url\":\"https:\\\/\\\/www.mithio.com\\\/fi\\\/\",\"name\":\"Mithio | Clothing\",\"description\":\"Etnost futuni\",\"publisher\":{\"@id\":\"https:\\\/\\\/www.mithio.com\\\/fi\\\/#organization\"},\"potentialAction\":[{\"@type\":\"SearchAction\",\"target\":{\"@type\":\"EntryPoint\",\"urlTemplate\":\"https:\\\/\\\/www.mithio.com\\\/fi\\\/?s={search_term_string}\"},\"query-input\":{\"@type\":\"PropertyValueSpecification\",\"valueRequired\":true,\"valueName\":\"search_term_string\"}}],\"inLanguage\":\"fi-FI\"},{\"@type\":\"Organization\",\"@id\":\"https:\\\/\\\/www.mithio.com\\\/fi\\\/#organization\",\"name\":\"Mithio\",\"url\":\"https:\\\/\\\/www.mithio.com\\\/fi\\\/\",\"logo\":{\"@type\":\"ImageObject\",\"inLanguage\":\"fi-FI\",\"@id\":\"https:\\\/\\\/www.mithio.com\\\/fi\\\/#\\\/schema\\\/logo\\\/image\\\/\",\"url\":\"https:\\\/\\\/www.mithio.com\\\/wp-content\\\/uploads\\\/2022\\\/05\\\/Mithio_logo.svg\",\"contentUrl\":\"https:\\\/\\\/www.mithio.com\\\/wp-content\\\/uploads\\\/2022\\\/05\\\/Mithio_logo.svg\",\"width\":\"1024\",\"height\":\"1024\",\"caption\":\"Mithio\"},\"image\":{\"@id\":\"https:\\\/\\\/www.mithio.com\\\/fi\\\/#\\\/schema\\\/logo\\\/image\\\/\"},\"sameAs\":[\"https:\\\/\\\/www.facebook.com\\\/MithioBrand\\\/?fref=ts\",\"https:\\\/\\\/www.instagram.com\\\/mithiobrand\\\/\",\"https:\\\/\\\/www.pinterest.com\\\/mithiobrand\\\/\"]}]}<\/script>\n<!-- \/ Yoast SEO plugin. -->","yoast_head_json":{"title":"MYYNTIPISTEIT\u00c4 - Mithio | Clothing","robots":{"index":"index","follow":"follow","max-snippet":"max-snippet:-1","max-image-preview":"max-image-preview:large","max-video-preview":"max-video-preview:-1"},"canonical":"https:\/\/www.mithio.com\/fi\/myyntipisteita\/","og_locale":"fi_FI","og_type":"article","og_title":"MYYNTIPISTEIT\u00c4 - Mithio | Clothing","og_description":"TALLINN Tallinn Design HouseRotermanni 14Tallinn 10111Mo\u2013La 10:00 \u2013 18:00Su-suljettu+372 58 65 0558info@tallinndesignhouse.com Estonian GoodsTallinnan Lentoaseman matkustajaterminaaliTartu mnt 101Tallinn 10112Ma\u2013Pe 04:30 \u2013 21:00La 04:30 \u2013 21:00Su 04:30 \u2013 21:00+372 56 97 6412lennu@heaeestiasi.ee Kauppa H\u00c4\u00c4 EESTI ASIViru tn.1Tallinn 10140Ma-Su 10:00 &#8211; 18:00+ 372 56 56 0258viru@heaeestiasi.ee LEVI Design ShopEstonia pst.9, Solaris keskusTallinn 11314Ma\u2013La 10:00 \u2013 21:00Su 10:00 [&hellip;]","og_url":"https:\/\/www.mithio.com\/fi\/myyntipisteita\/","og_site_name":"Mithio | Clothing","article_publisher":"https:\/\/www.facebook.com\/MithioBrand\/?fref=ts","article_modified_time":"2026-01-09T17:04:47+00:00","twitter_card":"summary_large_image","twitter_misc":{"Est. reading time":"2 minutes"},"schema":{"@context":"https:\/\/schema.org","@graph":[{"@type":"WebPage","@id":"https:\/\/www.mithio.com\/fi\/myyntipisteita\/","url":"https:\/\/www.mithio.com\/fi\/myyntipisteita\/","name":"MYYNTIPISTEIT\u00c4 - Mithio | Clothing","isPartOf":{"@id":"https:\/\/www.mithio.com\/fi\/#website"},"datePublished":"2021-08-05T16:08:05+00:00","dateModified":"2026-01-09T17:04:47+00:00","breadcrumb":{"@id":"https:\/\/www.mithio.com\/fi\/myyntipisteita\/#breadcrumb"},"inLanguage":"fi-FI","potentialAction":[{"@type":"ReadAction","target":["https:\/\/www.mithio.com\/fi\/myyntipisteita\/"]}]},{"@type":"BreadcrumbList","@id":"https:\/\/www.mithio.com\/fi\/myyntipisteita\/#breadcrumb","itemListElement":[{"@type":"ListItem","position":1,"name":"Home","item":"https:\/\/www.mithio.com\/fi\/"},{"@type":"ListItem","position":2,"name":"MYYNTIPISTEIT\u00c4"}]},{"@type":"WebSite","@id":"https:\/\/www.mithio.com\/fi\/#website","url":"https:\/\/www.mithio.com\/fi\/","name":"Mithio | Clothing","description":"Etnost futuni","publisher":{"@id":"https:\/\/www.mithio.com\/fi\/#organization"},"potentialAction":[{"@type":"SearchAction","target":{"@type":"EntryPoint","urlTemplate":"https:\/\/www.mithio.com\/fi\/?s={search_term_string}"},"query-input":{"@type":"PropertyValueSpecification","valueRequired":true,"valueName":"search_term_string"}}],"inLanguage":"fi-FI"},{"@type":"Organization","@id":"https:\/\/www.mithio.com\/fi\/#organization","name":"Mithio","url":"https:\/\/www.mithio.com\/fi\/","logo":{"@type":"ImageObject","inLanguage":"fi-FI","@id":"https:\/\/www.mithio.com\/fi\/#\/schema\/logo\/image\/","url":"https:\/\/www.mithio.com\/wp-content\/uploads\/2022\/05\/Mithio_logo.svg","contentUrl":"https:\/\/www.mithio.com\/wp-content\/uploads\/2022\/05\/Mithio_logo.svg","width":"1024","height":"1024","caption":"Mithio"},"image":{"@id":"https:\/\/www.mithio.com\/fi\/#\/schema\/logo\/image\/"},"sameAs":["https:\/\/www.facebook.com\/MithioBrand\/?fref=ts","https:\/\/www.instagram.com\/mithiobrand\/","https:\/\/www.pinterest.com\/mithiobrand\/"]}]}},"jetpack_shortlink":"https:\/\/wp.me\/P68eMR-303","jetpack_sharing_enabled":true,"_links":{"self":[{"href":"https:\/\/www.mithio.com\/fi\/wp-json\/wp\/v2\/pages\/11535","targetHints":{"allow":["GET"]}}],"collection":[{"href":"https:\/\/www.mithio.com\/fi\/wp-json\/wp\/v2\/pages"}],"about":[{"href":"https:\/\/www.mithio.com\/fi\/wp-json\/wp\/v2\/types\/page"}],"author":[{"embeddable":true,"href":"https:\/\/www.mithio.com\/fi\/wp-json\/wp\/v2\/users\/1"}],"replies":[{"embeddable":true,"href":"https:\/\/www.mithio.com\/fi\/wp-json\/wp\/v2\/comments?post=11535"}],"version-history":[{"count":1,"href":"https:\/\/www.mithio.com\/fi\/wp-json\/wp\/v2\/pages\/11535\/revisions"}],"predecessor-version":[{"id":18726,"href":"https:\/\/www.mithio.com\/fi\/wp-json\/wp\/v2\/pages\/11535\/revisions\/18726"}],"wp:attachment":[{"href":"https:\/\/www.mithio.com\/fi\/wp-json\/wp\/v2\/media?parent=11535"}],"curies":[{"name":"wp","href":"https:\/\/api.w.org\/{rel}","templated":true}]}}