{"id":11539,"date":"2021-08-05T19:26:07","date_gmt":"2021-08-05T16:26:07","guid":{"rendered":"https:\/\/www.mithio.com\/palautus\/"},"modified":"2021-08-05T19:26:07","modified_gmt":"2021-08-05T16:26:07","slug":"palautus","status":"publish","type":"page","link":"https:\/\/www.mithio.com\/fi\/palautus\/","title":{"rendered":"PALAUTUS"},"content":{"rendered":"<p><strong>Tavaroiden palauttaminen<\/strong><\/p>\n<p>Jos haluat palauttaa tai vaihtaa Mithio -verkkokaupasta ostetut tavarat, voit tehd\u00e4 sen 14 p\u00e4iv\u00e4n kuluessa tavaroiden vastaanottamisesta.<\/p>\n<p>Voit palauttaa tai vaihtaa tuotteen seuraavasti:<br \/>\nT\u00e4yt\u00e4 ostoksen mukana tulleen laskun palautuikkunaan tuotteen palautus- tai vaihtopyynt\u00f6. Ilmoita meille my\u00f6s palautuksesta tai vaihdosta s\u00e4hk\u00f6postitse info@mithio.com;<\/p>\n<p>Tuotteen palautuskustannukset maksaa ostaja.<\/p>\n<p>Merkitse tuotteen m\u00e4\u00e4r\u00e4np\u00e4\u00e4ksi J\u00e4rve Selverin Smartpost tai Omniva -pakettiautomaatti (ATLM Design Ltd, puhelin (+372) 503 4483). Tuote saapuu Mithion-varastolle 7-9 arkip\u00e4iv\u00e4n kuluessa, riippuen toimituksesta ja l\u00e4het\u00e4mme vahvistuksen s\u00e4hk\u00f6postiosoitteeseesi.<\/p>\n<p>Vaihdettaessa l\u00e4het\u00e4mme sinulle uuden halutun tuotteen heti, kun olemme vastaanottaneet vaihdettavan tuotteen ja palautetun tuotteen kunto t\u00e4ytt\u00e4\u00e4 palautusehdot. Uusi tuote tavoittaa sinut yht\u00e4 nopeasti kuin tavallisen oston yhteydess\u00e4.<\/p>\n<p>Mithio ei voi taata mahdollisuutta vaihtaa tuotteita, koska varastot ovat ep\u00e4vakaita ja korvaava tuote voi yksinkertaisesti puuttua. Alennuskampanjoissa tarjoamme mahdollisuuden vaihtaa vain, jos ostettu tuote on viallinen tai vahingoittunut kuljetuksen aikana. Jos et l\u00f6yd\u00e4 korvaavaa tuotetta, hyvit\u00e4mme ostoksen summan.<\/p>\n<p><strong>Palautettavan tai vaihdettavan tuotteen kunto.<\/strong><\/p>\n<p>Palautettava tai vaihdettava tuote ei saa olla vaurioitunut.<\/p>\n<p>Palautettavassa tai vaihdettavassa tuotteessa ei saa olla merkkej\u00e4 k\u00e4yt\u00f6st\u00e4. Ole varovainen testatessasi selk\u00e4\u00e4si, koska emme voi ottaa takaisin tai vaihtaa tuotteita, jotka ovat vahingoittuneet tai hintalappuja poistettu. Jos tavaroilla on ilmeisi\u00e4 monik\u00e4ytt\u00f6isi\u00e4 merkkej\u00e4, joiden olemassaolon asiantuntija m\u00e4\u00e4ritt\u00e4\u00e4 tarvittaessa, palautus ei ole hyv\u00e4ksytt\u00e4v\u00e4\u00e4 ja tavarat palautetaan asiakkaalle.<br \/>\nPalautettavan tai vaihdettavan tuotteen on oltava alkuper\u00e4ispakkauksessa ja hintalappuilla. Avaa aina alkuper\u00e4inen pakkaus huolellisesti, jotta se ei vahingoitu.<\/p>\n<p>Lue my\u00f6s k\u00e4ytt\u00f6ehtomme t\u00e4\u00e4lt\u00e4.<\/p>\n<p>Asiakaspalvelu<br \/>\nPuhelu<br \/>\n+372 50 34483 (viro, ven\u00e4j\u00e4, suomi)<\/p>\n<p>Vastaamme sinulle:<br \/>\nMa -pe klo 10.00-17.00<\/p>\n<p>Kirjoittaa kirjett\u00e4 :<br \/>\ninfo@mithio.com<\/p>\n<p>Vastaamme sinulle 3 ty\u00f6p\u00e4iv\u00e4n kuluessa.<\/p>\n<p>&nbsp;<\/p>\n","protected":false},"excerpt":{"rendered":"<p>Tavaroiden palauttaminen Jos haluat palauttaa tai vaihtaa Mithio -verkkokaupasta ostetut tavarat, voit tehd\u00e4 sen 14 p\u00e4iv\u00e4n kuluessa tavaroiden vastaanottamisesta. Voit palauttaa tai vaihtaa tuotteen seuraavasti: T\u00e4yt\u00e4 ostoksen mukana tulleen laskun palautuikkunaan tuotteen palautus- tai vaihtopyynt\u00f6. Ilmoita meille my\u00f6s palautuksesta tai vaihdosta s\u00e4hk\u00f6postitse info@mithio.com; Tuotteen palautuskustannukset maksaa ostaja. Merkitse tuotteen m\u00e4\u00e4r\u00e4np\u00e4\u00e4ksi J\u00e4rve Selverin Smartpost tai Omniva [&hellip;]<\/p>\n","protected":false},"author":1,"featured_media":0,"parent":0,"menu_order":43,"comment_status":"open","ping_status":"open","template":"","meta":{"inline_featured_image":false,"ngg_post_thumbnail":0,"jetpack_post_was_ever_published":false,"footnotes":""},"class_list":["post-11539","page","type-page","status-publish","hentry"],"yoast_head":"<!-- This site is optimized with the Yoast SEO plugin v27.3 - https:\/\/yoast.com\/product\/yoast-seo-wordpress\/ -->\n<title>PALAUTUS - Mithio | Clothing<\/title>\n<meta name=\"robots\" content=\"index, follow, max-snippet:-1, max-image-preview:large, max-video-preview:-1\" \/>\n<link rel=\"canonical\" href=\"https:\/\/www.mithio.com\/fi\/palautus\/\" \/>\n<meta property=\"og:locale\" content=\"fi_FI\" \/>\n<meta property=\"og:type\" content=\"article\" \/>\n<meta property=\"og:title\" content=\"PALAUTUS - Mithio | Clothing\" \/>\n<meta property=\"og:description\" content=\"Tavaroiden palauttaminen Jos haluat palauttaa tai vaihtaa Mithio -verkkokaupasta ostetut tavarat, voit tehd\u00e4 sen 14 p\u00e4iv\u00e4n kuluessa tavaroiden vastaanottamisesta. Voit palauttaa tai vaihtaa tuotteen seuraavasti: T\u00e4yt\u00e4 ostoksen mukana tulleen laskun palautuikkunaan tuotteen palautus- tai vaihtopyynt\u00f6. Ilmoita meille my\u00f6s palautuksesta tai vaihdosta s\u00e4hk\u00f6postitse info@mithio.com; Tuotteen palautuskustannukset maksaa ostaja. Merkitse tuotteen m\u00e4\u00e4r\u00e4np\u00e4\u00e4ksi J\u00e4rve Selverin Smartpost tai Omniva [&hellip;]\" \/>\n<meta property=\"og:url\" content=\"https:\/\/www.mithio.com\/fi\/palautus\/\" \/>\n<meta property=\"og:site_name\" content=\"Mithio | Clothing\" \/>\n<meta property=\"article:publisher\" content=\"https:\/\/www.facebook.com\/MithioBrand\/?fref=ts\" \/>\n<meta name=\"twitter:card\" content=\"summary_large_image\" \/>\n<meta name=\"twitter:label1\" content=\"Est. reading time\" \/>\n\t<meta name=\"twitter:data1\" content=\"1 minute\" \/>\n<script type=\"application\/ld+json\" class=\"yoast-schema-graph\">{\"@context\":\"https:\\\/\\\/schema.org\",\"@graph\":[{\"@type\":\"WebPage\",\"@id\":\"https:\\\/\\\/www.mithio.com\\\/fi\\\/palautus\\\/\",\"url\":\"https:\\\/\\\/www.mithio.com\\\/fi\\\/palautus\\\/\",\"name\":\"PALAUTUS - Mithio | Clothing\",\"isPartOf\":{\"@id\":\"https:\\\/\\\/www.mithio.com\\\/fi\\\/#website\"},\"datePublished\":\"2021-08-05T16:26:07+00:00\",\"breadcrumb\":{\"@id\":\"https:\\\/\\\/www.mithio.com\\\/fi\\\/palautus\\\/#breadcrumb\"},\"inLanguage\":\"fi-FI\",\"potentialAction\":[{\"@type\":\"ReadAction\",\"target\":[\"https:\\\/\\\/www.mithio.com\\\/fi\\\/palautus\\\/\"]}]},{\"@type\":\"BreadcrumbList\",\"@id\":\"https:\\\/\\\/www.mithio.com\\\/fi\\\/palautus\\\/#breadcrumb\",\"itemListElement\":[{\"@type\":\"ListItem\",\"position\":1,\"name\":\"Home\",\"item\":\"https:\\\/\\\/www.mithio.com\\\/fi\\\/\"},{\"@type\":\"ListItem\",\"position\":2,\"name\":\"PALAUTUS\"}]},{\"@type\":\"WebSite\",\"@id\":\"https:\\\/\\\/www.mithio.com\\\/fi\\\/#website\",\"url\":\"https:\\\/\\\/www.mithio.com\\\/fi\\\/\",\"name\":\"Mithio | Clothing\",\"description\":\"Etnost futuni\",\"publisher\":{\"@id\":\"https:\\\/\\\/www.mithio.com\\\/fi\\\/#organization\"},\"potentialAction\":[{\"@type\":\"SearchAction\",\"target\":{\"@type\":\"EntryPoint\",\"urlTemplate\":\"https:\\\/\\\/www.mithio.com\\\/fi\\\/?s={search_term_string}\"},\"query-input\":{\"@type\":\"PropertyValueSpecification\",\"valueRequired\":true,\"valueName\":\"search_term_string\"}}],\"inLanguage\":\"fi-FI\"},{\"@type\":\"Organization\",\"@id\":\"https:\\\/\\\/www.mithio.com\\\/fi\\\/#organization\",\"name\":\"Mithio\",\"url\":\"https:\\\/\\\/www.mithio.com\\\/fi\\\/\",\"logo\":{\"@type\":\"ImageObject\",\"inLanguage\":\"fi-FI\",\"@id\":\"https:\\\/\\\/www.mithio.com\\\/fi\\\/#\\\/schema\\\/logo\\\/image\\\/\",\"url\":\"https:\\\/\\\/www.mithio.com\\\/wp-content\\\/uploads\\\/2022\\\/05\\\/Mithio_logo.svg\",\"contentUrl\":\"https:\\\/\\\/www.mithio.com\\\/wp-content\\\/uploads\\\/2022\\\/05\\\/Mithio_logo.svg\",\"width\":\"1024\",\"height\":\"1024\",\"caption\":\"Mithio\"},\"image\":{\"@id\":\"https:\\\/\\\/www.mithio.com\\\/fi\\\/#\\\/schema\\\/logo\\\/image\\\/\"},\"sameAs\":[\"https:\\\/\\\/www.facebook.com\\\/MithioBrand\\\/?fref=ts\",\"https:\\\/\\\/www.instagram.com\\\/mithiobrand\\\/\",\"https:\\\/\\\/www.pinterest.com\\\/mithiobrand\\\/\"]}]}<\/script>\n<!-- \/ Yoast SEO plugin. -->","yoast_head_json":{"title":"PALAUTUS - Mithio | Clothing","robots":{"index":"index","follow":"follow","max-snippet":"max-snippet:-1","max-image-preview":"max-image-preview:large","max-video-preview":"max-video-preview:-1"},"canonical":"https:\/\/www.mithio.com\/fi\/palautus\/","og_locale":"fi_FI","og_type":"article","og_title":"PALAUTUS - Mithio | Clothing","og_description":"Tavaroiden palauttaminen Jos haluat palauttaa tai vaihtaa Mithio -verkkokaupasta ostetut tavarat, voit tehd\u00e4 sen 14 p\u00e4iv\u00e4n kuluessa tavaroiden vastaanottamisesta. Voit palauttaa tai vaihtaa tuotteen seuraavasti: T\u00e4yt\u00e4 ostoksen mukana tulleen laskun palautuikkunaan tuotteen palautus- tai vaihtopyynt\u00f6. Ilmoita meille my\u00f6s palautuksesta tai vaihdosta s\u00e4hk\u00f6postitse info@mithio.com; Tuotteen palautuskustannukset maksaa ostaja. Merkitse tuotteen m\u00e4\u00e4r\u00e4np\u00e4\u00e4ksi J\u00e4rve Selverin Smartpost tai Omniva [&hellip;]","og_url":"https:\/\/www.mithio.com\/fi\/palautus\/","og_site_name":"Mithio | Clothing","article_publisher":"https:\/\/www.facebook.com\/MithioBrand\/?fref=ts","twitter_card":"summary_large_image","twitter_misc":{"Est. reading time":"1 minute"},"schema":{"@context":"https:\/\/schema.org","@graph":[{"@type":"WebPage","@id":"https:\/\/www.mithio.com\/fi\/palautus\/","url":"https:\/\/www.mithio.com\/fi\/palautus\/","name":"PALAUTUS - Mithio | Clothing","isPartOf":{"@id":"https:\/\/www.mithio.com\/fi\/#website"},"datePublished":"2021-08-05T16:26:07+00:00","breadcrumb":{"@id":"https:\/\/www.mithio.com\/fi\/palautus\/#breadcrumb"},"inLanguage":"fi-FI","potentialAction":[{"@type":"ReadAction","target":["https:\/\/www.mithio.com\/fi\/palautus\/"]}]},{"@type":"BreadcrumbList","@id":"https:\/\/www.mithio.com\/fi\/palautus\/#breadcrumb","itemListElement":[{"@type":"ListItem","position":1,"name":"Home","item":"https:\/\/www.mithio.com\/fi\/"},{"@type":"ListItem","position":2,"name":"PALAUTUS"}]},{"@type":"WebSite","@id":"https:\/\/www.mithio.com\/fi\/#website","url":"https:\/\/www.mithio.com\/fi\/","name":"Mithio | Clothing","description":"Etnost futuni","publisher":{"@id":"https:\/\/www.mithio.com\/fi\/#organization"},"potentialAction":[{"@type":"SearchAction","target":{"@type":"EntryPoint","urlTemplate":"https:\/\/www.mithio.com\/fi\/?s={search_term_string}"},"query-input":{"@type":"PropertyValueSpecification","valueRequired":true,"valueName":"search_term_string"}}],"inLanguage":"fi-FI"},{"@type":"Organization","@id":"https:\/\/www.mithio.com\/fi\/#organization","name":"Mithio","url":"https:\/\/www.mithio.com\/fi\/","logo":{"@type":"ImageObject","inLanguage":"fi-FI","@id":"https:\/\/www.mithio.com\/fi\/#\/schema\/logo\/image\/","url":"https:\/\/www.mithio.com\/wp-content\/uploads\/2022\/05\/Mithio_logo.svg","contentUrl":"https:\/\/www.mithio.com\/wp-content\/uploads\/2022\/05\/Mithio_logo.svg","width":"1024","height":"1024","caption":"Mithio"},"image":{"@id":"https:\/\/www.mithio.com\/fi\/#\/schema\/logo\/image\/"},"sameAs":["https:\/\/www.facebook.com\/MithioBrand\/?fref=ts","https:\/\/www.instagram.com\/mithiobrand\/","https:\/\/www.pinterest.com\/mithiobrand\/"]}]}},"jetpack_shortlink":"https:\/\/wp.me\/P68eMR-307","jetpack_sharing_enabled":true,"_links":{"self":[{"href":"https:\/\/www.mithio.com\/fi\/wp-json\/wp\/v2\/pages\/11539","targetHints":{"allow":["GET"]}}],"collection":[{"href":"https:\/\/www.mithio.com\/fi\/wp-json\/wp\/v2\/pages"}],"about":[{"href":"https:\/\/www.mithio.com\/fi\/wp-json\/wp\/v2\/types\/page"}],"author":[{"embeddable":true,"href":"https:\/\/www.mithio.com\/fi\/wp-json\/wp\/v2\/users\/1"}],"replies":[{"embeddable":true,"href":"https:\/\/www.mithio.com\/fi\/wp-json\/wp\/v2\/comments?post=11539"}],"version-history":[{"count":0,"href":"https:\/\/www.mithio.com\/fi\/wp-json\/wp\/v2\/pages\/11539\/revisions"}],"wp:attachment":[{"href":"https:\/\/www.mithio.com\/fi\/wp-json\/wp\/v2\/media?parent=11539"}],"curies":[{"name":"wp","href":"https:\/\/api.w.org\/{rel}","templated":true}]}}