{"id":11541,"date":"2021-08-10T09:10:20","date_gmt":"2021-08-10T06:10:20","guid":{"rendered":"https:\/\/www.mithio.com\/kayttoehdot\/"},"modified":"2023-08-31T14:31:03","modified_gmt":"2023-08-31T11:31:03","slug":"kayttoehdot","status":"publish","type":"page","link":"https:\/\/www.mithio.com\/fi\/kayttoehdot\/","title":{"rendered":"K\u00c4YTT\u00d6EHDOT"},"content":{"rendered":"<p><strong>MITHIO K\u00c4YTT\u00d6EHDOT<\/strong><\/p>\n<p>ATLM Design Ltd ( Rek.N.11642693) tuotteita myyd\u00e4\u00e4n Mithio -verkkokaupassa osoitteessa www.mithio.com. Tuotevalikoima, hinnat ja alennukset voivat poiketa Mithio j\u00e4lleenmyyjien tuotevalikoimasta, hinnoista ja alennuksista. Jos haluat palautetta, ota meihin yhteytt\u00e4 osoitteeseen info@mithio.com.<\/p>\n<ol>\n<li>YLEIST\u00c4<br \/>\n1.1. Ehtoja sovelletaan ATLM Design Ltd: n omistajan (j\u00e4ljemp\u00e4n\u00e4 &#8220;Myyj\u00e4&#8221;), osoitteessa Valguse 5, 11621 Tallinn, Viro, info@mithio.com, ja oston tehneen henkil\u00f6n (j\u00e4ljemp\u00e4n\u00e4 &#8220;Ostaja&#8221;) v\u00e4lisiin oikeussuhteisiin www.mithio.com verkkokaupan ymp\u00e4rist\u00f6.<br \/>\n1.2. N\u00e4iden ehtojen lis\u00e4ksi tuotteiden ostamisesta verkkokaupan kautta syntyvi\u00e4 oikeussuhteita s\u00e4\u00e4telev\u00e4t Viron tasavallassa voimassa olevat lait.<br \/>\n1.3. Myyj\u00e4 voi muuttaa verkkokaupan yleisi\u00e4 ehtoja ja tuotteiden hintoja. Tapahtumaan sovelletaan kauppahetkell\u00e4 voimassa olevia ehtoja ja hintoja.<\/li>\n<li>HINTA<br \/>\n2.1. Esitetyt hinnat sis\u00e4lt\u00e4v\u00e4t Viron tasavallassa voimassa olevan 20% arvonlis\u00e4veron.<br \/>\n2.2. Tuotteiden hintaa t\u00e4ydent\u00e4\u00e4 tilausprosessin aikana valittu toimitustapa ja toimitusmenetelm\u00e4st\u00e4 riippuen k\u00e4sittelymaksu. Toimitustapa valitaan ja toimitusmaksu lasketaan ostoskorissa.<\/li>\n<li>TILAUKSEN VAHVISTUS<br \/>\n3.1. Tuote lis\u00e4t\u00e4\u00e4n ostoskoriin napsauttamalla tuotesivun &#8220;Lis\u00e4\u00e4 ostoskoriin&#8221; -painiketta.<br \/>\n3.2. On mahdollista poistaa tuotteita ostoskorista.<br \/>\n3.3. Voit tehd\u00e4 tilauksen napsauttamalla ostoskorin &#8220;Maksa&#8221; -painiketta &#8211; asiakas ohjataan tilaus- ja maksusivulle.<br \/>\n3.4. Tilaus katsotaan valmistuneeksi maksun j\u00e4lkeen. Mithio verkkokaupassa voit maksaa Swedbankin pankkilinkill\u00e4, pankkisiirrolla tai luottokortilla.<br \/>\n3.5. Maksun j\u00e4lkeen tilausvahvistus ja lasku l\u00e4hetet\u00e4\u00e4n ostajan s\u00e4hk\u00f6postiin.<\/li>\n<\/ol>\n<ol start=\"4\">\n<li>MAKSAMINEN<br \/>\n4.1. Verkossa tehdyt tilaukset maksetaan 100% etuk\u00e4teen.<br \/>\n4.2. Ostaja voi maksaa Swedbankin pankkilinkill\u00e4, pankkisiirrolla tai luottokortilla.<br \/>\n4.3. Maksu tapahtuu verkkokaupan ulkopuolella suojatussa ymp\u00e4rist\u00f6ss\u00e4 &#8211; kun maksat pankkilinkill\u00e4 kyseisen pankin suojatussa ymp\u00e4rist\u00f6ss\u00e4, kun maksat luottokortilla suojatussa ymp\u00e4rist\u00f6ss\u00e4 Everypay (http:\/\/www.every-pay.com) . Myyj\u00e4ll\u00e4 ei ole p\u00e4\u00e4sy\u00e4 asiakkaan pankki- ja luottokorttitietoihin.<br \/>\n4.4 Tilauksen l\u00e4hett\u00e4misen ja laskun maksamisen j\u00e4lkeen Ostajalle l\u00e4hetet\u00e4\u00e4n s\u00e4hk\u00f6postitse tilausvahvistus. Mik\u00e4li et ole saanut tilausvahvistusta kolmen-nelj\u00e4n (3-4) arkip\u00e4iv\u00e4n kuluessa, ota yhteytt\u00e4 s\u00e4hk\u00f6postilla\u00a0<a href=\"mailto:info@mithio.com\">info@mithio.com<\/a>\u00a0mahdollisten teknisten ongelmien vuoksi.<\/li>\n<li>TOIMITUSEHDOT<br \/>\n5.1. Mithio verkkokauppa toimittaa tavarat Suomeen valitun toimitustavan mukaisesti , joko Smartpostilla tai kuljetuspalvelulla. Toimitamme tavaroita my\u00f6s muihin maailman maihin.<br \/>\n5.2. Tuotteet toimitetaan ostajalle Viron sis\u00e4ll\u00e4 maksutta Itella Smartpost- ja Omniva -pakettiautomaattipalvelulla.L\u00e4hetyksen reitti\u00e4 voidaan seurata viivakoodin perusteella ymp\u00e4rist\u00f6ss\u00e4 www.smartpost.ee tai www.omniva.ee, jos ostaja haluaa saada ilmoituksen paketin viivakoodista s\u00e4hk\u00f6postiosoitteeseen tilauksen tekemisen j\u00e4lkeen . Jos haluat saada viivakoodin, sinun on ilmoitettava siit\u00e4 lis\u00e4kommenttikent\u00e4ss\u00e4 ennen tilauksen vahvistamista.<br \/>\n5.3. Tuotteet toimitetaan ostajalle Viron sis\u00e4ll\u00e4 maksua vastaan, jos valitaan muu toimitustapa kuin Itella Smartpost tai Omniva.<br \/>\n5.4. Toimitamme tilauksia my\u00f6s Viron ulkopuolelle Ostajan pyynn\u00f6n ja hintatarjoussopimuksen perusteella, jos tilausymp\u00e4rist\u00f6 ei tarjoa haluttua paketin toimituskohtaa.<br \/>\n5.5. Tilaukset k\u00e4sitell\u00e4\u00e4n ja postitetaan yleens\u00e4 3-4 ty\u00f6p\u00e4iv\u00e4n kuluessa alkaen siit\u00e4, kun maksu on saapunut tilillemme. Tilauksen toimitus riippuu postipalveluista. Arvioidut saapumisajat Viroon ovat 3-5 ty\u00f6p\u00e4iv\u00e4\u00e4, Suomeen noin 7-10 ty\u00f6p\u00e4iv\u00e4\u00e4.<br \/>\n5.6 Verkkokauppa ei vastaa verkkokaupasta riippumattomista viiv\u00e4styksist\u00e4 toimituksessa.<br \/>\n5.7 Asiakas sitoutuu jokaisen tilauksen yhteydess\u00e4 voimassa oleviin toimitusehtoihin.<\/li>\n<li>TUOTTEIDEN VAIHTAMINEN, PALAUTUS JA TILAUKSEN PERUUTTAMINEN<br \/>\n6.1. Ostajalla on oikeus vet\u00e4yty\u00e4 kaupasta 14 kalenterip\u00e4iv\u00e4n kuluessa tavaroiden vastaanottamisesta (paitsi jos tuote on viallinen, katso alakohta &#8220;Takuu&#8221;). Tuotteiden palauttamiseksi ostajan on t\u00e4ytett\u00e4v\u00e4 tilauksen mukana toimitettu lasku, miss\u00e4 on palautuslomake ja palautettava se myyj\u00e4lle (palautustiedot ilmoitetaan laskussa).<br \/>\n6.2. Ostaja on velvollinen palauttamaan tuotteen kauppiaalle 14 p\u00e4iv\u00e4n kuluessa palautushakemuksen j\u00e4tt\u00e4misest\u00e4.<br \/>\n6.3. Tuotteen palauttamisen edellytyksen\u00e4 on k\u00e4ytt\u00e4m\u00e4t\u00f6n tuote, jossa on kaikki etiketit ja pakkaus. Palautukset hyv\u00e4ksyt\u00e4\u00e4n vain t\u00e4ytetyll\u00e4 palautuslomakkeella.<br \/>\n6.4. Tuotteen palauttamisesta Suomesta aiheutuvat postikulut maksaa Ostaja. Virossa palautus sis\u00e4ltyy hintaan ja on voimassa 14 p\u00e4iv\u00e4\u00e4 pakettin saatua postilokerosta.7. TAKUU<br \/>\n7.1. Myyj\u00e4 on vastuussa tuotteiden laadun vaatimustenvastaisest\u00e4 tilasta ja virheist\u00e4 yhden vuoden kuluessa tuotteiden toimittamisesta ostajalle k\u00e4ytt\u00e4m\u00e4t\u00f6n tuotteen perusteella.<br \/>\n7.2. Jos tuotteen todetaan olevan vaatimustenvastainen tai viallinen, ilmoita siit\u00e4 v\u00e4litt\u00f6m\u00e4sti myyj\u00e4lle.<br \/>\n7.3. Tuotteen palauttamisen edellytyksen\u00e4 on ostajalle l\u00e4hetetty lasku.<br \/>\n7.4. Jos tuotteessa on virhe, ostajalla on oikeus vaatia tuotteen korvaamista vaatimustenmukaisella ja virheett\u00f6m\u00e4ll\u00e4 tuotteella tai palauttaa tuotteen ostajan kustannuksella.<br \/>\n7.5. Jos palautat vaatimustenvastaisen tuotteen, tuotteesta maksettu summa kuljetuskustannuksineen palautetaan ostajan ilmoittamalle pankkitilille viimeist\u00e4\u00e4n 14 p\u00e4iv\u00e4n kuluessa tuotteen palauttamisesta ATLM Design Ltd-lle.<br \/>\n7.6. Myyj\u00e4 ei ole vastuussa tuotteen virheist\u00e4 tai virheist\u00e4, jos:<br \/>\n7.6.1. Tuote on huonontunut \/ vahingoittunut ostajan vian vuoksi;<br \/>\n7.6.2. Haittoja on syntynyt tuotteen v\u00e4\u00e4rink\u00e4yt\u00f6st\u00e4, ts. huolto-ohjeiden laiminly\u00f6nnin seurauksena;<br \/>\n7.6.3. Tuote on muuttunut luonnollisen kulumisen vuoksi normaalik\u00e4yt\u00f6ss\u00e4.<\/p>\n<p>8.MUUT EHDOT<br \/>\n8.1. Verkkokaupan tilausymp\u00e4rist\u00f6\u00f6n tallennettuja tietoja Ostajasta ja h\u00e4nen tilauksistaan \u200b\u200bk\u00e4sitell\u00e4\u00e4n luottamuksellisina tietoina. Ostaja ei luovuta h\u00e4nen tietoonsa saamiaan tietoja kolmansille osapuolille.<br \/>\n8.2. Tietoliikenne Ostajan ja pankkien ja korttimaksukeskuksen v\u00e4lill\u00e4 on salattu, mik\u00e4 takaa Ostajan henkil\u00f6tietojen ja pankkitietojen turvallisuuden. Myyj\u00e4ll\u00e4 ei ole p\u00e4\u00e4sy\u00e4 asiakkaan luottamuksellisiin pankki- ja maksukorttitietoihin.<br \/>\n8.3. Ostajan ja Myyj\u00e4n v\u00e4liset riidat ratkaistaan \u200b\u200bneuvotteluilla. Myyj\u00e4 vastaa Ostajan valituksiin ja vaatimuksiin s\u00e4hk\u00f6postitse <a href=\"mailto:info@mithio.com\">info@mithio.com<\/a> viimeist\u00e4\u00e4n 5 ty\u00f6p\u00e4iv\u00e4n kuluessa. Jos sopimukseen ei p\u00e4\u00e4st\u00e4, ostajalla on oikeus hakea kuluttajansuojalautakunnalta tai Harjun k\u00e4r\u00e4j\u00e4oikeudelta oikeuksiensa suojelemiseksi. Erimielisyydet ratkaistaan \u200b\u200bViron tasavallan lakien mukaisesti.<\/li>\n<\/ol>\n","protected":false},"excerpt":{"rendered":"<p>MITHIO K\u00c4YTT\u00d6EHDOT ATLM Design Ltd ( Rek.N.11642693) tuotteita myyd\u00e4\u00e4n Mithio -verkkokaupassa osoitteessa www.mithio.com. Tuotevalikoima, hinnat ja alennukset voivat poiketa Mithio j\u00e4lleenmyyjien tuotevalikoimasta, hinnoista ja alennuksista. Jos haluat palautetta, ota meihin yhteytt\u00e4 osoitteeseen info@mithio.com. YLEIST\u00c4 1.1. Ehtoja sovelletaan ATLM Design Ltd: n omistajan (j\u00e4ljemp\u00e4n\u00e4 &#8220;Myyj\u00e4&#8221;), osoitteessa Valguse 5, 11621 Tallinn, Viro, info@mithio.com, ja oston tehneen henkil\u00f6n [&hellip;]<\/p>\n","protected":false},"author":1,"featured_media":0,"parent":0,"menu_order":21,"comment_status":"closed","ping_status":"closed","template":"","meta":{"inline_featured_image":false,"ngg_post_thumbnail":0,"jetpack_post_was_ever_published":false,"footnotes":""},"class_list":["post-11541","page","type-page","status-publish","hentry"],"yoast_head":"<!-- This site is optimized with the Yoast SEO plugin v27.3 - https:\/\/yoast.com\/product\/yoast-seo-wordpress\/ -->\n<title>K\u00c4YTT\u00d6EHDOT - Mithio | Clothing<\/title>\n<meta name=\"robots\" content=\"index, follow, max-snippet:-1, max-image-preview:large, max-video-preview:-1\" \/>\n<link rel=\"canonical\" href=\"https:\/\/www.mithio.com\/fi\/kayttoehdot\/\" \/>\n<meta property=\"og:locale\" content=\"fi_FI\" \/>\n<meta property=\"og:type\" content=\"article\" \/>\n<meta property=\"og:title\" content=\"K\u00c4YTT\u00d6EHDOT - Mithio | Clothing\" \/>\n<meta property=\"og:description\" content=\"MITHIO K\u00c4YTT\u00d6EHDOT ATLM Design Ltd ( Rek.N.11642693) tuotteita myyd\u00e4\u00e4n Mithio -verkkokaupassa osoitteessa www.mithio.com. Tuotevalikoima, hinnat ja alennukset voivat poiketa Mithio j\u00e4lleenmyyjien tuotevalikoimasta, hinnoista ja alennuksista. Jos haluat palautetta, ota meihin yhteytt\u00e4 osoitteeseen info@mithio.com. YLEIST\u00c4 1.1. Ehtoja sovelletaan ATLM Design Ltd: n omistajan (j\u00e4ljemp\u00e4n\u00e4 &#8220;Myyj\u00e4&#8221;), osoitteessa Valguse 5, 11621 Tallinn, Viro, info@mithio.com, ja oston tehneen henkil\u00f6n [&hellip;]\" \/>\n<meta property=\"og:url\" content=\"https:\/\/www.mithio.com\/fi\/kayttoehdot\/\" \/>\n<meta property=\"og:site_name\" content=\"Mithio | Clothing\" \/>\n<meta property=\"article:publisher\" content=\"https:\/\/www.facebook.com\/MithioBrand\/?fref=ts\" \/>\n<meta property=\"article:modified_time\" content=\"2023-08-31T11:31:03+00:00\" \/>\n<meta name=\"twitter:card\" content=\"summary_large_image\" \/>\n<meta name=\"twitter:label1\" content=\"Est. reading time\" \/>\n\t<meta name=\"twitter:data1\" content=\"4 minutes\" \/>\n<script type=\"application\/ld+json\" class=\"yoast-schema-graph\">{\"@context\":\"https:\\\/\\\/schema.org\",\"@graph\":[{\"@type\":\"WebPage\",\"@id\":\"https:\\\/\\\/www.mithio.com\\\/fi\\\/kayttoehdot\\\/\",\"url\":\"https:\\\/\\\/www.mithio.com\\\/fi\\\/kayttoehdot\\\/\",\"name\":\"K\u00c4YTT\u00d6EHDOT - Mithio | Clothing\",\"isPartOf\":{\"@id\":\"https:\\\/\\\/www.mithio.com\\\/fi\\\/#website\"},\"datePublished\":\"2021-08-10T06:10:20+00:00\",\"dateModified\":\"2023-08-31T11:31:03+00:00\",\"breadcrumb\":{\"@id\":\"https:\\\/\\\/www.mithio.com\\\/fi\\\/kayttoehdot\\\/#breadcrumb\"},\"inLanguage\":\"fi-FI\",\"potentialAction\":[{\"@type\":\"ReadAction\",\"target\":[\"https:\\\/\\\/www.mithio.com\\\/fi\\\/kayttoehdot\\\/\"]}]},{\"@type\":\"BreadcrumbList\",\"@id\":\"https:\\\/\\\/www.mithio.com\\\/fi\\\/kayttoehdot\\\/#breadcrumb\",\"itemListElement\":[{\"@type\":\"ListItem\",\"position\":1,\"name\":\"Home\",\"item\":\"https:\\\/\\\/www.mithio.com\\\/fi\\\/\"},{\"@type\":\"ListItem\",\"position\":2,\"name\":\"K\u00c4YTT\u00d6EHDOT\"}]},{\"@type\":\"WebSite\",\"@id\":\"https:\\\/\\\/www.mithio.com\\\/fi\\\/#website\",\"url\":\"https:\\\/\\\/www.mithio.com\\\/fi\\\/\",\"name\":\"Mithio | Clothing\",\"description\":\"Etnost futuni\",\"publisher\":{\"@id\":\"https:\\\/\\\/www.mithio.com\\\/fi\\\/#organization\"},\"potentialAction\":[{\"@type\":\"SearchAction\",\"target\":{\"@type\":\"EntryPoint\",\"urlTemplate\":\"https:\\\/\\\/www.mithio.com\\\/fi\\\/?s={search_term_string}\"},\"query-input\":{\"@type\":\"PropertyValueSpecification\",\"valueRequired\":true,\"valueName\":\"search_term_string\"}}],\"inLanguage\":\"fi-FI\"},{\"@type\":\"Organization\",\"@id\":\"https:\\\/\\\/www.mithio.com\\\/fi\\\/#organization\",\"name\":\"Mithio\",\"url\":\"https:\\\/\\\/www.mithio.com\\\/fi\\\/\",\"logo\":{\"@type\":\"ImageObject\",\"inLanguage\":\"fi-FI\",\"@id\":\"https:\\\/\\\/www.mithio.com\\\/fi\\\/#\\\/schema\\\/logo\\\/image\\\/\",\"url\":\"https:\\\/\\\/www.mithio.com\\\/wp-content\\\/uploads\\\/2022\\\/05\\\/Mithio_logo.svg\",\"contentUrl\":\"https:\\\/\\\/www.mithio.com\\\/wp-content\\\/uploads\\\/2022\\\/05\\\/Mithio_logo.svg\",\"width\":\"1024\",\"height\":\"1024\",\"caption\":\"Mithio\"},\"image\":{\"@id\":\"https:\\\/\\\/www.mithio.com\\\/fi\\\/#\\\/schema\\\/logo\\\/image\\\/\"},\"sameAs\":[\"https:\\\/\\\/www.facebook.com\\\/MithioBrand\\\/?fref=ts\",\"https:\\\/\\\/www.instagram.com\\\/mithiobrand\\\/\",\"https:\\\/\\\/www.pinterest.com\\\/mithiobrand\\\/\"]}]}<\/script>\n<!-- \/ Yoast SEO plugin. -->","yoast_head_json":{"title":"K\u00c4YTT\u00d6EHDOT - Mithio | Clothing","robots":{"index":"index","follow":"follow","max-snippet":"max-snippet:-1","max-image-preview":"max-image-preview:large","max-video-preview":"max-video-preview:-1"},"canonical":"https:\/\/www.mithio.com\/fi\/kayttoehdot\/","og_locale":"fi_FI","og_type":"article","og_title":"K\u00c4YTT\u00d6EHDOT - Mithio | Clothing","og_description":"MITHIO K\u00c4YTT\u00d6EHDOT ATLM Design Ltd ( Rek.N.11642693) tuotteita myyd\u00e4\u00e4n Mithio -verkkokaupassa osoitteessa www.mithio.com. Tuotevalikoima, hinnat ja alennukset voivat poiketa Mithio j\u00e4lleenmyyjien tuotevalikoimasta, hinnoista ja alennuksista. Jos haluat palautetta, ota meihin yhteytt\u00e4 osoitteeseen info@mithio.com. YLEIST\u00c4 1.1. Ehtoja sovelletaan ATLM Design Ltd: n omistajan (j\u00e4ljemp\u00e4n\u00e4 &#8220;Myyj\u00e4&#8221;), osoitteessa Valguse 5, 11621 Tallinn, Viro, info@mithio.com, ja oston tehneen henkil\u00f6n [&hellip;]","og_url":"https:\/\/www.mithio.com\/fi\/kayttoehdot\/","og_site_name":"Mithio | Clothing","article_publisher":"https:\/\/www.facebook.com\/MithioBrand\/?fref=ts","article_modified_time":"2023-08-31T11:31:03+00:00","twitter_card":"summary_large_image","twitter_misc":{"Est. reading time":"4 minutes"},"schema":{"@context":"https:\/\/schema.org","@graph":[{"@type":"WebPage","@id":"https:\/\/www.mithio.com\/fi\/kayttoehdot\/","url":"https:\/\/www.mithio.com\/fi\/kayttoehdot\/","name":"K\u00c4YTT\u00d6EHDOT - Mithio | Clothing","isPartOf":{"@id":"https:\/\/www.mithio.com\/fi\/#website"},"datePublished":"2021-08-10T06:10:20+00:00","dateModified":"2023-08-31T11:31:03+00:00","breadcrumb":{"@id":"https:\/\/www.mithio.com\/fi\/kayttoehdot\/#breadcrumb"},"inLanguage":"fi-FI","potentialAction":[{"@type":"ReadAction","target":["https:\/\/www.mithio.com\/fi\/kayttoehdot\/"]}]},{"@type":"BreadcrumbList","@id":"https:\/\/www.mithio.com\/fi\/kayttoehdot\/#breadcrumb","itemListElement":[{"@type":"ListItem","position":1,"name":"Home","item":"https:\/\/www.mithio.com\/fi\/"},{"@type":"ListItem","position":2,"name":"K\u00c4YTT\u00d6EHDOT"}]},{"@type":"WebSite","@id":"https:\/\/www.mithio.com\/fi\/#website","url":"https:\/\/www.mithio.com\/fi\/","name":"Mithio | Clothing","description":"Etnost futuni","publisher":{"@id":"https:\/\/www.mithio.com\/fi\/#organization"},"potentialAction":[{"@type":"SearchAction","target":{"@type":"EntryPoint","urlTemplate":"https:\/\/www.mithio.com\/fi\/?s={search_term_string}"},"query-input":{"@type":"PropertyValueSpecification","valueRequired":true,"valueName":"search_term_string"}}],"inLanguage":"fi-FI"},{"@type":"Organization","@id":"https:\/\/www.mithio.com\/fi\/#organization","name":"Mithio","url":"https:\/\/www.mithio.com\/fi\/","logo":{"@type":"ImageObject","inLanguage":"fi-FI","@id":"https:\/\/www.mithio.com\/fi\/#\/schema\/logo\/image\/","url":"https:\/\/www.mithio.com\/wp-content\/uploads\/2022\/05\/Mithio_logo.svg","contentUrl":"https:\/\/www.mithio.com\/wp-content\/uploads\/2022\/05\/Mithio_logo.svg","width":"1024","height":"1024","caption":"Mithio"},"image":{"@id":"https:\/\/www.mithio.com\/fi\/#\/schema\/logo\/image\/"},"sameAs":["https:\/\/www.facebook.com\/MithioBrand\/?fref=ts","https:\/\/www.instagram.com\/mithiobrand\/","https:\/\/www.pinterest.com\/mithiobrand\/"]}]}},"jetpack_shortlink":"https:\/\/wp.me\/P68eMR-309","jetpack_sharing_enabled":true,"_links":{"self":[{"href":"https:\/\/www.mithio.com\/fi\/wp-json\/wp\/v2\/pages\/11541","targetHints":{"allow":["GET"]}}],"collection":[{"href":"https:\/\/www.mithio.com\/fi\/wp-json\/wp\/v2\/pages"}],"about":[{"href":"https:\/\/www.mithio.com\/fi\/wp-json\/wp\/v2\/types\/page"}],"author":[{"embeddable":true,"href":"https:\/\/www.mithio.com\/fi\/wp-json\/wp\/v2\/users\/1"}],"replies":[{"embeddable":true,"href":"https:\/\/www.mithio.com\/fi\/wp-json\/wp\/v2\/comments?post=11541"}],"version-history":[{"count":0,"href":"https:\/\/www.mithio.com\/fi\/wp-json\/wp\/v2\/pages\/11541\/revisions"}],"wp:attachment":[{"href":"https:\/\/www.mithio.com\/fi\/wp-json\/wp\/v2\/media?parent=11541"}],"curies":[{"name":"wp","href":"https:\/\/api.w.org\/{rel}","templated":true}]}}