{"id":11546,"date":"2021-08-10T10:11:35","date_gmt":"2021-08-10T07:11:35","guid":{"rendered":"https:\/\/www.mithio.com\/maksuehdot\/"},"modified":"2021-08-10T10:11:35","modified_gmt":"2021-08-10T07:11:35","slug":"maksuehdot","status":"publish","type":"page","link":"https:\/\/www.mithio.com\/fi\/maksuehdot\/","title":{"rendered":"MAKSUEHDOT"},"content":{"rendered":"<p>Mithio -verkkokaupassa voit maksaa tuotteista Swedbankin pankkilinkin, pankkisiirron tai luottokorttimaksun kautta. Jos haluat maksaa pankkisiirrolla, valitse maksutavaksi &#8220;maksa laskulla&#8221;. Lasku l\u00e4hetet\u00e4\u00e4n sinulle yhden ty\u00f6p\u00e4iv\u00e4n kuluessa tilauksen tekemisest\u00e4 ja tuote l\u00e4hetet\u00e4\u00e4n valitsemallasi toimitustavalla maksun vastaanottamisen j\u00e4lkeen.<\/p>\n<p>Lue my\u00f6s k\u00e4ytt\u00f6ehtomme t\u00e4\u00e4lt\u00e4.<\/p>\n","protected":false},"excerpt":{"rendered":"<p>Mithio -verkkokaupassa voit maksaa tuotteista Swedbankin pankkilinkin, pankkisiirron tai luottokorttimaksun kautta. Jos haluat maksaa pankkisiirrolla, valitse maksutavaksi &#8220;maksa laskulla&#8221;. Lasku l\u00e4hetet\u00e4\u00e4n sinulle yhden ty\u00f6p\u00e4iv\u00e4n kuluessa tilauksen tekemisest\u00e4 ja tuote l\u00e4hetet\u00e4\u00e4n valitsemallasi toimitustavalla maksun vastaanottamisen j\u00e4lkeen. Lue my\u00f6s k\u00e4ytt\u00f6ehtomme t\u00e4\u00e4lt\u00e4.<\/p>\n","protected":false},"author":1,"featured_media":0,"parent":0,"menu_order":32,"comment_status":"open","ping_status":"open","template":"","meta":{"inline_featured_image":false,"ngg_post_thumbnail":0,"jetpack_post_was_ever_published":false,"footnotes":""},"class_list":["post-11546","page","type-page","status-publish","hentry"],"yoast_head":"<!-- This site is optimized with the Yoast SEO plugin v27.3 - https:\/\/yoast.com\/product\/yoast-seo-wordpress\/ -->\n<title>MAKSUEHDOT - Mithio | Clothing<\/title>\n<meta name=\"robots\" content=\"index, follow, max-snippet:-1, max-image-preview:large, max-video-preview:-1\" \/>\n<link rel=\"canonical\" href=\"https:\/\/www.mithio.com\/fi\/maksuehdot\/\" \/>\n<meta property=\"og:locale\" content=\"fi_FI\" \/>\n<meta property=\"og:type\" content=\"article\" \/>\n<meta property=\"og:title\" content=\"MAKSUEHDOT - Mithio | Clothing\" \/>\n<meta property=\"og:description\" content=\"Mithio -verkkokaupassa voit maksaa tuotteista Swedbankin pankkilinkin, pankkisiirron tai luottokorttimaksun kautta. Jos haluat maksaa pankkisiirrolla, valitse maksutavaksi &#8220;maksa laskulla&#8221;. Lasku l\u00e4hetet\u00e4\u00e4n sinulle yhden ty\u00f6p\u00e4iv\u00e4n kuluessa tilauksen tekemisest\u00e4 ja tuote l\u00e4hetet\u00e4\u00e4n valitsemallasi toimitustavalla maksun vastaanottamisen j\u00e4lkeen. Lue my\u00f6s k\u00e4ytt\u00f6ehtomme t\u00e4\u00e4lt\u00e4.\" \/>\n<meta property=\"og:url\" content=\"https:\/\/www.mithio.com\/fi\/maksuehdot\/\" \/>\n<meta property=\"og:site_name\" content=\"Mithio | Clothing\" \/>\n<meta property=\"article:publisher\" content=\"https:\/\/www.facebook.com\/MithioBrand\/?fref=ts\" \/>\n<meta name=\"twitter:card\" content=\"summary_large_image\" \/>\n<script type=\"application\/ld+json\" class=\"yoast-schema-graph\">{\"@context\":\"https:\\\/\\\/schema.org\",\"@graph\":[{\"@type\":\"WebPage\",\"@id\":\"https:\\\/\\\/www.mithio.com\\\/fi\\\/maksuehdot\\\/\",\"url\":\"https:\\\/\\\/www.mithio.com\\\/fi\\\/maksuehdot\\\/\",\"name\":\"MAKSUEHDOT - Mithio | Clothing\",\"isPartOf\":{\"@id\":\"https:\\\/\\\/www.mithio.com\\\/fi\\\/#website\"},\"datePublished\":\"2021-08-10T07:11:35+00:00\",\"breadcrumb\":{\"@id\":\"https:\\\/\\\/www.mithio.com\\\/fi\\\/maksuehdot\\\/#breadcrumb\"},\"inLanguage\":\"fi-FI\",\"potentialAction\":[{\"@type\":\"ReadAction\",\"target\":[\"https:\\\/\\\/www.mithio.com\\\/fi\\\/maksuehdot\\\/\"]}]},{\"@type\":\"BreadcrumbList\",\"@id\":\"https:\\\/\\\/www.mithio.com\\\/fi\\\/maksuehdot\\\/#breadcrumb\",\"itemListElement\":[{\"@type\":\"ListItem\",\"position\":1,\"name\":\"Home\",\"item\":\"https:\\\/\\\/www.mithio.com\\\/fi\\\/\"},{\"@type\":\"ListItem\",\"position\":2,\"name\":\"MAKSUEHDOT\"}]},{\"@type\":\"WebSite\",\"@id\":\"https:\\\/\\\/www.mithio.com\\\/fi\\\/#website\",\"url\":\"https:\\\/\\\/www.mithio.com\\\/fi\\\/\",\"name\":\"Mithio | Clothing\",\"description\":\"Etnost futuni\",\"publisher\":{\"@id\":\"https:\\\/\\\/www.mithio.com\\\/fi\\\/#organization\"},\"potentialAction\":[{\"@type\":\"SearchAction\",\"target\":{\"@type\":\"EntryPoint\",\"urlTemplate\":\"https:\\\/\\\/www.mithio.com\\\/fi\\\/?s={search_term_string}\"},\"query-input\":{\"@type\":\"PropertyValueSpecification\",\"valueRequired\":true,\"valueName\":\"search_term_string\"}}],\"inLanguage\":\"fi-FI\"},{\"@type\":\"Organization\",\"@id\":\"https:\\\/\\\/www.mithio.com\\\/fi\\\/#organization\",\"name\":\"Mithio\",\"url\":\"https:\\\/\\\/www.mithio.com\\\/fi\\\/\",\"logo\":{\"@type\":\"ImageObject\",\"inLanguage\":\"fi-FI\",\"@id\":\"https:\\\/\\\/www.mithio.com\\\/fi\\\/#\\\/schema\\\/logo\\\/image\\\/\",\"url\":\"https:\\\/\\\/www.mithio.com\\\/wp-content\\\/uploads\\\/2022\\\/05\\\/Mithio_logo.svg\",\"contentUrl\":\"https:\\\/\\\/www.mithio.com\\\/wp-content\\\/uploads\\\/2022\\\/05\\\/Mithio_logo.svg\",\"width\":\"1024\",\"height\":\"1024\",\"caption\":\"Mithio\"},\"image\":{\"@id\":\"https:\\\/\\\/www.mithio.com\\\/fi\\\/#\\\/schema\\\/logo\\\/image\\\/\"},\"sameAs\":[\"https:\\\/\\\/www.facebook.com\\\/MithioBrand\\\/?fref=ts\",\"https:\\\/\\\/www.instagram.com\\\/mithiobrand\\\/\",\"https:\\\/\\\/www.pinterest.com\\\/mithiobrand\\\/\"]}]}<\/script>\n<!-- \/ Yoast SEO plugin. -->","yoast_head_json":{"title":"MAKSUEHDOT - Mithio | Clothing","robots":{"index":"index","follow":"follow","max-snippet":"max-snippet:-1","max-image-preview":"max-image-preview:large","max-video-preview":"max-video-preview:-1"},"canonical":"https:\/\/www.mithio.com\/fi\/maksuehdot\/","og_locale":"fi_FI","og_type":"article","og_title":"MAKSUEHDOT - Mithio | Clothing","og_description":"Mithio -verkkokaupassa voit maksaa tuotteista Swedbankin pankkilinkin, pankkisiirron tai luottokorttimaksun kautta. Jos haluat maksaa pankkisiirrolla, valitse maksutavaksi &#8220;maksa laskulla&#8221;. Lasku l\u00e4hetet\u00e4\u00e4n sinulle yhden ty\u00f6p\u00e4iv\u00e4n kuluessa tilauksen tekemisest\u00e4 ja tuote l\u00e4hetet\u00e4\u00e4n valitsemallasi toimitustavalla maksun vastaanottamisen j\u00e4lkeen. Lue my\u00f6s k\u00e4ytt\u00f6ehtomme t\u00e4\u00e4lt\u00e4.","og_url":"https:\/\/www.mithio.com\/fi\/maksuehdot\/","og_site_name":"Mithio | Clothing","article_publisher":"https:\/\/www.facebook.com\/MithioBrand\/?fref=ts","twitter_card":"summary_large_image","schema":{"@context":"https:\/\/schema.org","@graph":[{"@type":"WebPage","@id":"https:\/\/www.mithio.com\/fi\/maksuehdot\/","url":"https:\/\/www.mithio.com\/fi\/maksuehdot\/","name":"MAKSUEHDOT - Mithio | Clothing","isPartOf":{"@id":"https:\/\/www.mithio.com\/fi\/#website"},"datePublished":"2021-08-10T07:11:35+00:00","breadcrumb":{"@id":"https:\/\/www.mithio.com\/fi\/maksuehdot\/#breadcrumb"},"inLanguage":"fi-FI","potentialAction":[{"@type":"ReadAction","target":["https:\/\/www.mithio.com\/fi\/maksuehdot\/"]}]},{"@type":"BreadcrumbList","@id":"https:\/\/www.mithio.com\/fi\/maksuehdot\/#breadcrumb","itemListElement":[{"@type":"ListItem","position":1,"name":"Home","item":"https:\/\/www.mithio.com\/fi\/"},{"@type":"ListItem","position":2,"name":"MAKSUEHDOT"}]},{"@type":"WebSite","@id":"https:\/\/www.mithio.com\/fi\/#website","url":"https:\/\/www.mithio.com\/fi\/","name":"Mithio | Clothing","description":"Etnost futuni","publisher":{"@id":"https:\/\/www.mithio.com\/fi\/#organization"},"potentialAction":[{"@type":"SearchAction","target":{"@type":"EntryPoint","urlTemplate":"https:\/\/www.mithio.com\/fi\/?s={search_term_string}"},"query-input":{"@type":"PropertyValueSpecification","valueRequired":true,"valueName":"search_term_string"}}],"inLanguage":"fi-FI"},{"@type":"Organization","@id":"https:\/\/www.mithio.com\/fi\/#organization","name":"Mithio","url":"https:\/\/www.mithio.com\/fi\/","logo":{"@type":"ImageObject","inLanguage":"fi-FI","@id":"https:\/\/www.mithio.com\/fi\/#\/schema\/logo\/image\/","url":"https:\/\/www.mithio.com\/wp-content\/uploads\/2022\/05\/Mithio_logo.svg","contentUrl":"https:\/\/www.mithio.com\/wp-content\/uploads\/2022\/05\/Mithio_logo.svg","width":"1024","height":"1024","caption":"Mithio"},"image":{"@id":"https:\/\/www.mithio.com\/fi\/#\/schema\/logo\/image\/"},"sameAs":["https:\/\/www.facebook.com\/MithioBrand\/?fref=ts","https:\/\/www.instagram.com\/mithiobrand\/","https:\/\/www.pinterest.com\/mithiobrand\/"]}]}},"jetpack_shortlink":"https:\/\/wp.me\/P68eMR-30e","jetpack_sharing_enabled":true,"_links":{"self":[{"href":"https:\/\/www.mithio.com\/fi\/wp-json\/wp\/v2\/pages\/11546","targetHints":{"allow":["GET"]}}],"collection":[{"href":"https:\/\/www.mithio.com\/fi\/wp-json\/wp\/v2\/pages"}],"about":[{"href":"https:\/\/www.mithio.com\/fi\/wp-json\/wp\/v2\/types\/page"}],"author":[{"embeddable":true,"href":"https:\/\/www.mithio.com\/fi\/wp-json\/wp\/v2\/users\/1"}],"replies":[{"embeddable":true,"href":"https:\/\/www.mithio.com\/fi\/wp-json\/wp\/v2\/comments?post=11546"}],"version-history":[{"count":0,"href":"https:\/\/www.mithio.com\/fi\/wp-json\/wp\/v2\/pages\/11546\/revisions"}],"wp:attachment":[{"href":"https:\/\/www.mithio.com\/fi\/wp-json\/wp\/v2\/media?parent=11546"}],"curies":[{"name":"wp","href":"https:\/\/api.w.org\/{rel}","templated":true}]}}