{"id":11554,"date":"2021-08-10T10:36:03","date_gmt":"2021-08-10T07:36:03","guid":{"rendered":"https:\/\/www.mithio.com\/tarina\/"},"modified":"2021-08-12T17:23:05","modified_gmt":"2021-08-12T14:23:05","slug":"tarina","status":"publish","type":"page","link":"https:\/\/www.mithio.com\/fi\/tarina\/","title":{"rendered":"TARINA"},"content":{"rendered":"<p><strong>Mithio \u2013 se on muinaisen maailman myyttinen mysteeri, joka on innoittanut meit\u00e4 luomaan jotain ainutlaatuista ja tuomaan kansantaiteen kaikessa kauneudessaan takaisin nykyaikaiseen jokap\u00e4iv\u00e4iseen k\u00e4ytt\u00f6\u00f6n. Sukeltaminen mielenkiintoiseen luonnon maailmaan ja kansanperinteisiin on kuin tutkimusmatka menneisyyteen.<\/strong><\/p>\n<p>Mithion ainutlaatuinen muotoilu on saanut inspiraationsa Baltian ja Skandinavian kansallisista perinteist\u00e4. Seuraamme esimerkkej\u00e4 vanhoista kuvioista ja muista kansallisista elementeist\u00e4, sekoittamalla niit\u00e4 kevyesti, jotta voimme luoda toimivan kokoelman vaatteita jokap\u00e4iv\u00e4iseen el\u00e4m\u00e4\u00e4n, k\u00e4ytt\u00e4en nykyaikaista vaateteknologiaa. Tuloksena on jokap\u00e4iv\u00e4iset k\u00e4yt\u00e4nn\u00f6lliset tuotteet, jotka ovat koristeltu runsaasti ja laadukkaasti.<\/p>\n<p>Mithion perustaja ja johtaja on suunnittelija Tiia Orgna. Tiialla on yli 20 vuoden kokemus erilaisista virolaisista vaateyrityksist\u00e4. Viimeiset 11 vuotta ennen Mithion perustamista Tiia oli Ilves-Extra: n p\u00e4\u00e4suunnittelija, jossa h\u00e4n osallistui yhden Viron tunnetuimman vapaa-ajan ja urheilubr\u00e4ndin ISC: n luomiseen ja oli my\u00f6s vastuussa tuotteen teknisest\u00e4 kehitt\u00e4misest\u00e4. H\u00e4n on ollut mukana my\u00f6s useiden Viron olympiajoukkueiden kilpailuvaatteiden suunnittelussa. Vuonna 2008 Tiia oli ehdolla Viron Kultaisen neulan merkitt\u00e4vimm\u00e4lle muotipalkinnolle pitk\u00e4aikaisesta ty\u00f6st\u00e4\u00e4n ISC: ss\u00e4. ATLM Designin perustamisen ja Mithio -tuotemerkin lanseeraamisen j\u00e4lkeen vuonna 2009 ensimm\u00e4inen l\u00e4pimurto oli virallisten vaatteiden suunnittelu ja toimitus Latvian olympiajoukkueelle Vancouver 2010 olympialaisia \u200b\u200bvarten.<\/p>\n<p>&#8220;Onnellisuuden, terveyden, energian ja voiman merkkej\u00e4, vanhoja legendoja ja myyttej\u00e4 haluan tuoda takaisin jokap\u00e4iv\u00e4iseen el\u00e4m\u00e4\u00e4mme viestin\u00e4 Mithion kautta. Yhdist\u00e4m\u00e4ll\u00e4 vuosisatoja vanhoja perinteit\u00e4, tiet\u00e4myst\u00e4 ja uskomuksia nykyp\u00e4iv\u00e4n uusimpiin teknologioihin, keksimme modernin tuotteen, jolla on yhteys siihen, mist\u00e4 tulemme. Kun lis\u00e4\u00e4mme t\u00e4h\u00e4n vaatimatonta pohjoismaista luonnetta, on tuloksena mukavat neuleet, joita voidaan k\u00e4ytt\u00e4\u00e4 joka p\u00e4iv\u00e4 hillittyjen v\u00e4ris\u00e4vyisten v\u00e4riyhdistelmien avulla. \u201d<\/p>\n<p style=\"margin: 0cm 0cm 17.0pt 0cm;\"><span style=\"font-family: 'Source Sans Pro',sans-serif; color: #333333;\"><br \/>\n<img loading=\"lazy\" decoding=\"async\" data-attachment-id=\"11556\" data-permalink=\"https:\/\/www.mithio.com\/fi\/tarina\/tiia-orgna-tsitaat-2\/\" data-orig-file=\"https:\/\/www.mithio.com\/wp-content\/uploads\/2012\/09\/tiia-orgna-tsitaat.jpg\" data-orig-size=\"91,91\" data-comments-opened=\"1\" data-image-meta=\"{&quot;aperture&quot;:&quot;0&quot;,&quot;credit&quot;:&quot;&quot;,&quot;camera&quot;:&quot;&quot;,&quot;caption&quot;:&quot;&quot;,&quot;created_timestamp&quot;:&quot;0&quot;,&quot;copyright&quot;:&quot;&quot;,&quot;focal_length&quot;:&quot;0&quot;,&quot;iso&quot;:&quot;0&quot;,&quot;shutter_speed&quot;:&quot;0&quot;,&quot;title&quot;:&quot;&quot;,&quot;orientation&quot;:&quot;0&quot;}\" data-image-title=\"tiiaorgna\" data-image-description=\"\" data-image-caption=\"\" data-medium-file=\"https:\/\/www.mithio.com\/wp-content\/uploads\/2012\/09\/tiia-orgna-tsitaat.jpg\" data-large-file=\"https:\/\/www.mithio.com\/wp-content\/uploads\/2012\/09\/tiia-orgna-tsitaat.jpg\" class=\"alignnone size-full wp-image-11556\" src=\"https:\/\/www.mithio.com\/wp-content\/uploads\/2012\/09\/tiia-orgna-tsitaat.jpg\" alt=\"\" width=\"91\" height=\"91\" srcset=\"https:\/\/www.mithio.com\/wp-content\/uploads\/2012\/09\/tiia-orgna-tsitaat.jpg 91w, https:\/\/www.mithio.com\/wp-content\/uploads\/2012\/09\/tiia-orgna-tsitaat-50x50.jpg 50w\" sizes=\"(max-width: 91px) 100vw, 91px\" \/><br \/>\nTiia Orgna, disaineri<\/span><\/p>\n","protected":false},"excerpt":{"rendered":"<p>Mithio \u2013 se on muinaisen maailman myyttinen mysteeri, joka on innoittanut meit\u00e4 luomaan jotain ainutlaatuista ja tuomaan kansantaiteen kaikessa kauneudessaan takaisin nykyaikaiseen jokap\u00e4iv\u00e4iseen k\u00e4ytt\u00f6\u00f6n. Sukeltaminen mielenkiintoiseen luonnon maailmaan ja kansanperinteisiin on kuin tutkimusmatka menneisyyteen. Mithion ainutlaatuinen muotoilu on saanut inspiraationsa Baltian ja Skandinavian kansallisista perinteist\u00e4. Seuraamme esimerkkej\u00e4 vanhoista kuvioista ja muista kansallisista elementeist\u00e4, sekoittamalla niit\u00e4 [&hellip;]<\/p>\n","protected":false},"author":1,"featured_media":0,"parent":0,"menu_order":53,"comment_status":"closed","ping_status":"closed","template":"","meta":{"inline_featured_image":false,"ngg_post_thumbnail":0,"jetpack_post_was_ever_published":false,"footnotes":""},"class_list":["post-11554","page","type-page","status-publish","hentry"],"yoast_head":"<!-- This site is optimized with the Yoast SEO plugin v27.3 - https:\/\/yoast.com\/product\/yoast-seo-wordpress\/ -->\n<title>TARINA - Mithio | Clothing<\/title>\n<meta name=\"robots\" content=\"index, follow, max-snippet:-1, max-image-preview:large, max-video-preview:-1\" \/>\n<link rel=\"canonical\" href=\"https:\/\/www.mithio.com\/fi\/tarina\/\" \/>\n<meta property=\"og:locale\" content=\"fi_FI\" \/>\n<meta property=\"og:type\" content=\"article\" \/>\n<meta property=\"og:title\" content=\"TARINA - Mithio | Clothing\" \/>\n<meta property=\"og:description\" content=\"Mithio \u2013 se on muinaisen maailman myyttinen mysteeri, joka on innoittanut meit\u00e4 luomaan jotain ainutlaatuista ja tuomaan kansantaiteen kaikessa kauneudessaan takaisin nykyaikaiseen jokap\u00e4iv\u00e4iseen k\u00e4ytt\u00f6\u00f6n. Sukeltaminen mielenkiintoiseen luonnon maailmaan ja kansanperinteisiin on kuin tutkimusmatka menneisyyteen. Mithion ainutlaatuinen muotoilu on saanut inspiraationsa Baltian ja Skandinavian kansallisista perinteist\u00e4. Seuraamme esimerkkej\u00e4 vanhoista kuvioista ja muista kansallisista elementeist\u00e4, sekoittamalla niit\u00e4 [&hellip;]\" \/>\n<meta property=\"og:url\" content=\"https:\/\/www.mithio.com\/fi\/tarina\/\" \/>\n<meta property=\"og:site_name\" content=\"Mithio | Clothing\" \/>\n<meta property=\"article:publisher\" content=\"https:\/\/www.facebook.com\/MithioBrand\/?fref=ts\" \/>\n<meta property=\"article:modified_time\" content=\"2021-08-12T14:23:05+00:00\" \/>\n<meta property=\"og:image\" content=\"https:\/\/www.mithio.com\/wp-content\/uploads\/2012\/09\/tiia-orgna-tsitaat.jpg\" \/>\n<meta name=\"twitter:card\" content=\"summary_large_image\" \/>\n<meta name=\"twitter:label1\" content=\"Est. reading time\" \/>\n\t<meta name=\"twitter:data1\" content=\"2 minutes\" \/>\n<script type=\"application\/ld+json\" class=\"yoast-schema-graph\">{\"@context\":\"https:\\\/\\\/schema.org\",\"@graph\":[{\"@type\":\"WebPage\",\"@id\":\"https:\\\/\\\/www.mithio.com\\\/fi\\\/tarina\\\/\",\"url\":\"https:\\\/\\\/www.mithio.com\\\/fi\\\/tarina\\\/\",\"name\":\"TARINA - Mithio | Clothing\",\"isPartOf\":{\"@id\":\"https:\\\/\\\/www.mithio.com\\\/fi\\\/#website\"},\"primaryImageOfPage\":{\"@id\":\"https:\\\/\\\/www.mithio.com\\\/fi\\\/tarina\\\/#primaryimage\"},\"image\":{\"@id\":\"https:\\\/\\\/www.mithio.com\\\/fi\\\/tarina\\\/#primaryimage\"},\"thumbnailUrl\":\"https:\\\/\\\/www.mithio.com\\\/wp-content\\\/uploads\\\/2012\\\/09\\\/tiia-orgna-tsitaat.jpg\",\"datePublished\":\"2021-08-10T07:36:03+00:00\",\"dateModified\":\"2021-08-12T14:23:05+00:00\",\"breadcrumb\":{\"@id\":\"https:\\\/\\\/www.mithio.com\\\/fi\\\/tarina\\\/#breadcrumb\"},\"inLanguage\":\"fi-FI\",\"potentialAction\":[{\"@type\":\"ReadAction\",\"target\":[\"https:\\\/\\\/www.mithio.com\\\/fi\\\/tarina\\\/\"]}]},{\"@type\":\"ImageObject\",\"inLanguage\":\"fi-FI\",\"@id\":\"https:\\\/\\\/www.mithio.com\\\/fi\\\/tarina\\\/#primaryimage\",\"url\":\"https:\\\/\\\/www.mithio.com\\\/wp-content\\\/uploads\\\/2012\\\/09\\\/tiia-orgna-tsitaat.jpg\",\"contentUrl\":\"https:\\\/\\\/www.mithio.com\\\/wp-content\\\/uploads\\\/2012\\\/09\\\/tiia-orgna-tsitaat.jpg\"},{\"@type\":\"BreadcrumbList\",\"@id\":\"https:\\\/\\\/www.mithio.com\\\/fi\\\/tarina\\\/#breadcrumb\",\"itemListElement\":[{\"@type\":\"ListItem\",\"position\":1,\"name\":\"Home\",\"item\":\"https:\\\/\\\/www.mithio.com\\\/fi\\\/\"},{\"@type\":\"ListItem\",\"position\":2,\"name\":\"TARINA\"}]},{\"@type\":\"WebSite\",\"@id\":\"https:\\\/\\\/www.mithio.com\\\/fi\\\/#website\",\"url\":\"https:\\\/\\\/www.mithio.com\\\/fi\\\/\",\"name\":\"Mithio | Clothing\",\"description\":\"Etnost futuni\",\"publisher\":{\"@id\":\"https:\\\/\\\/www.mithio.com\\\/fi\\\/#organization\"},\"potentialAction\":[{\"@type\":\"SearchAction\",\"target\":{\"@type\":\"EntryPoint\",\"urlTemplate\":\"https:\\\/\\\/www.mithio.com\\\/fi\\\/?s={search_term_string}\"},\"query-input\":{\"@type\":\"PropertyValueSpecification\",\"valueRequired\":true,\"valueName\":\"search_term_string\"}}],\"inLanguage\":\"fi-FI\"},{\"@type\":\"Organization\",\"@id\":\"https:\\\/\\\/www.mithio.com\\\/fi\\\/#organization\",\"name\":\"Mithio\",\"url\":\"https:\\\/\\\/www.mithio.com\\\/fi\\\/\",\"logo\":{\"@type\":\"ImageObject\",\"inLanguage\":\"fi-FI\",\"@id\":\"https:\\\/\\\/www.mithio.com\\\/fi\\\/#\\\/schema\\\/logo\\\/image\\\/\",\"url\":\"https:\\\/\\\/www.mithio.com\\\/wp-content\\\/uploads\\\/2022\\\/05\\\/Mithio_logo.svg\",\"contentUrl\":\"https:\\\/\\\/www.mithio.com\\\/wp-content\\\/uploads\\\/2022\\\/05\\\/Mithio_logo.svg\",\"width\":\"1024\",\"height\":\"1024\",\"caption\":\"Mithio\"},\"image\":{\"@id\":\"https:\\\/\\\/www.mithio.com\\\/fi\\\/#\\\/schema\\\/logo\\\/image\\\/\"},\"sameAs\":[\"https:\\\/\\\/www.facebook.com\\\/MithioBrand\\\/?fref=ts\",\"https:\\\/\\\/www.instagram.com\\\/mithiobrand\\\/\",\"https:\\\/\\\/www.pinterest.com\\\/mithiobrand\\\/\"]}]}<\/script>\n<!-- \/ Yoast SEO plugin. -->","yoast_head_json":{"title":"TARINA - Mithio | Clothing","robots":{"index":"index","follow":"follow","max-snippet":"max-snippet:-1","max-image-preview":"max-image-preview:large","max-video-preview":"max-video-preview:-1"},"canonical":"https:\/\/www.mithio.com\/fi\/tarina\/","og_locale":"fi_FI","og_type":"article","og_title":"TARINA - Mithio | Clothing","og_description":"Mithio \u2013 se on muinaisen maailman myyttinen mysteeri, joka on innoittanut meit\u00e4 luomaan jotain ainutlaatuista ja tuomaan kansantaiteen kaikessa kauneudessaan takaisin nykyaikaiseen jokap\u00e4iv\u00e4iseen k\u00e4ytt\u00f6\u00f6n. Sukeltaminen mielenkiintoiseen luonnon maailmaan ja kansanperinteisiin on kuin tutkimusmatka menneisyyteen. Mithion ainutlaatuinen muotoilu on saanut inspiraationsa Baltian ja Skandinavian kansallisista perinteist\u00e4. Seuraamme esimerkkej\u00e4 vanhoista kuvioista ja muista kansallisista elementeist\u00e4, sekoittamalla niit\u00e4 [&hellip;]","og_url":"https:\/\/www.mithio.com\/fi\/tarina\/","og_site_name":"Mithio | Clothing","article_publisher":"https:\/\/www.facebook.com\/MithioBrand\/?fref=ts","article_modified_time":"2021-08-12T14:23:05+00:00","og_image":[{"url":"https:\/\/www.mithio.com\/wp-content\/uploads\/2012\/09\/tiia-orgna-tsitaat.jpg","type":"","width":"","height":""}],"twitter_card":"summary_large_image","twitter_misc":{"Est. reading time":"2 minutes"},"schema":{"@context":"https:\/\/schema.org","@graph":[{"@type":"WebPage","@id":"https:\/\/www.mithio.com\/fi\/tarina\/","url":"https:\/\/www.mithio.com\/fi\/tarina\/","name":"TARINA - Mithio | Clothing","isPartOf":{"@id":"https:\/\/www.mithio.com\/fi\/#website"},"primaryImageOfPage":{"@id":"https:\/\/www.mithio.com\/fi\/tarina\/#primaryimage"},"image":{"@id":"https:\/\/www.mithio.com\/fi\/tarina\/#primaryimage"},"thumbnailUrl":"https:\/\/www.mithio.com\/wp-content\/uploads\/2012\/09\/tiia-orgna-tsitaat.jpg","datePublished":"2021-08-10T07:36:03+00:00","dateModified":"2021-08-12T14:23:05+00:00","breadcrumb":{"@id":"https:\/\/www.mithio.com\/fi\/tarina\/#breadcrumb"},"inLanguage":"fi-FI","potentialAction":[{"@type":"ReadAction","target":["https:\/\/www.mithio.com\/fi\/tarina\/"]}]},{"@type":"ImageObject","inLanguage":"fi-FI","@id":"https:\/\/www.mithio.com\/fi\/tarina\/#primaryimage","url":"https:\/\/www.mithio.com\/wp-content\/uploads\/2012\/09\/tiia-orgna-tsitaat.jpg","contentUrl":"https:\/\/www.mithio.com\/wp-content\/uploads\/2012\/09\/tiia-orgna-tsitaat.jpg"},{"@type":"BreadcrumbList","@id":"https:\/\/www.mithio.com\/fi\/tarina\/#breadcrumb","itemListElement":[{"@type":"ListItem","position":1,"name":"Home","item":"https:\/\/www.mithio.com\/fi\/"},{"@type":"ListItem","position":2,"name":"TARINA"}]},{"@type":"WebSite","@id":"https:\/\/www.mithio.com\/fi\/#website","url":"https:\/\/www.mithio.com\/fi\/","name":"Mithio | Clothing","description":"Etnost futuni","publisher":{"@id":"https:\/\/www.mithio.com\/fi\/#organization"},"potentialAction":[{"@type":"SearchAction","target":{"@type":"EntryPoint","urlTemplate":"https:\/\/www.mithio.com\/fi\/?s={search_term_string}"},"query-input":{"@type":"PropertyValueSpecification","valueRequired":true,"valueName":"search_term_string"}}],"inLanguage":"fi-FI"},{"@type":"Organization","@id":"https:\/\/www.mithio.com\/fi\/#organization","name":"Mithio","url":"https:\/\/www.mithio.com\/fi\/","logo":{"@type":"ImageObject","inLanguage":"fi-FI","@id":"https:\/\/www.mithio.com\/fi\/#\/schema\/logo\/image\/","url":"https:\/\/www.mithio.com\/wp-content\/uploads\/2022\/05\/Mithio_logo.svg","contentUrl":"https:\/\/www.mithio.com\/wp-content\/uploads\/2022\/05\/Mithio_logo.svg","width":"1024","height":"1024","caption":"Mithio"},"image":{"@id":"https:\/\/www.mithio.com\/fi\/#\/schema\/logo\/image\/"},"sameAs":["https:\/\/www.facebook.com\/MithioBrand\/?fref=ts","https:\/\/www.instagram.com\/mithiobrand\/","https:\/\/www.pinterest.com\/mithiobrand\/"]}]}},"jetpack_shortlink":"https:\/\/wp.me\/P68eMR-30m","jetpack_sharing_enabled":true,"_links":{"self":[{"href":"https:\/\/www.mithio.com\/fi\/wp-json\/wp\/v2\/pages\/11554","targetHints":{"allow":["GET"]}}],"collection":[{"href":"https:\/\/www.mithio.com\/fi\/wp-json\/wp\/v2\/pages"}],"about":[{"href":"https:\/\/www.mithio.com\/fi\/wp-json\/wp\/v2\/types\/page"}],"author":[{"embeddable":true,"href":"https:\/\/www.mithio.com\/fi\/wp-json\/wp\/v2\/users\/1"}],"replies":[{"embeddable":true,"href":"https:\/\/www.mithio.com\/fi\/wp-json\/wp\/v2\/comments?post=11554"}],"version-history":[{"count":0,"href":"https:\/\/www.mithio.com\/fi\/wp-json\/wp\/v2\/pages\/11554\/revisions"}],"wp:attachment":[{"href":"https:\/\/www.mithio.com\/fi\/wp-json\/wp\/v2\/media?parent=11554"}],"curies":[{"name":"wp","href":"https:\/\/api.w.org\/{rel}","templated":true}]}}