{"id":15605,"date":"2023-10-23T15:03:49","date_gmt":"2023-10-23T12:03:49","guid":{"rendered":"https:\/\/www.mithio.com\/kestavyys\/"},"modified":"2025-02-20T19:20:20","modified_gmt":"2025-02-20T17:20:20","slug":"kestavyys","status":"publish","type":"page","link":"https:\/\/www.mithio.com\/fi\/kestavyys\/","title":{"rendered":"Kest\u00e4vyys JA YMP\u00c4RIST\u00d6VASTUU"},"content":{"rendered":"<p><span style=\"color: #003366;\"><strong>HITAASTA SUUNNITTELUA<\/strong><\/span><\/p>\n<p><span style=\"color: #003366;\">MITHIO on sitoutunut ajattomaan ja klassisen hitaan muotiin, jota tulet k\u00e4ytt\u00e4m\u00e4\u00e4n ja rakastamaan monta vuotta. Jokaista neuleeta voi k\u00e4ytt\u00e4\u00e4 kerta toisensa j\u00e4lkeen i\u00e4st\u00e4 tai vuodenajasta huolimatta. Yhdest\u00e4 l\u00e4mpim\u00e4st\u00e4 ja pehme\u00e4st\u00e4 MITHIO-n villapaidasta voi tulla hyv\u00e4 arjen kumppani vuodenajasta riippumatta.<\/span><\/p>\n<p><span style=\"color: #003366;\"><strong>LOPUTON KEHITYS<\/strong><\/span><\/p>\n<p><span style=\"color: #003366;\">MITHIO on neulebr\u00e4ndi, joka ylitt\u00e4\u00e4 vuodenajat ja trendit. Suunnittelumme on tehty Virossa. Kaikki mallit ovat valmistettu korkealaatuisista lampaanvilla- ja merinolangoista, materiaaleista jotka tarjoavat pitk\u00e4ik\u00e4isyytt\u00e4 k\u00e4yt\u00f6ss\u00e4 ja hoidossa.<\/span><br \/>\n<span style=\"color: #003366;\">Mahdollisimman v\u00e4h\u00e4n vaikutusta, mahdollisimman pitk\u00e4\u00e4 k\u00e4ytt\u00f6aikaa.<\/span><\/p>\n<p><span style=\"color: #003366;\"><strong>LANGAT JA TUOTANTO<\/strong><\/span><\/p>\n<p><span style=\"color: #003366;\">Laitamme lankojen koostumuksen etusijalle. Pyrimme vastaamaan kuluttajien luonnonkuitujen kysynt\u00e4\u00e4n. Villa on luonnollinen, uusiutuva ja biohajoava kuitu.<\/span><br \/>\n<span style=\"color: #003366;\">Arvostamme materiaaleja, jotka ovat pitk\u00e4ik\u00e4isi\u00e4 ja kest\u00e4vi\u00e4 k\u00e4yt\u00f6ss\u00e4, laadusta puhumattakaan. Harkitsemme tarkasti jokaista vaihetta hankinta- ja tuotantoprosessissamme.<\/span><br \/>\n<span style=\"color: #003366;\">Neuleemme ovat valmistettu korkealaatuisista villa- ja merinolangoista, jotka ovat per\u00e4isin Australiasta, Etel\u00e4-Afrikasta ja Etel\u00e4-Amerikasta. Villalanka itse on valmistettu Italiassa ja Kiinassa. Valitsemissamme langoissa ei ole k\u00e4ytetty haitallisia tai \u00e4rsytt\u00e4vi\u00e4 kemikaaleja. Kaikki langat ovat helppohoitoisia ja pitk\u00e4ik\u00e4isi\u00e4 k\u00e4yt\u00f6ss\u00e4.<\/span><\/p>\n<p><span style=\"color: #003366;\">Pyrimme tekem\u00e4\u00e4n vastuullisia valintoja niin paljon kuin pystymme, erityisesti k\u00e4ytett\u00e4ess\u00e4 el\u00e4imist\u00e4 per\u00e4isin olevia materiaaleja. K\u00e4ytt\u00e4m\u00e4mme villalangat ovat mulesing-vapaita.<\/span><\/p>\n<p><span style=\"color: #003366;\">Analysoimme hankinta-ja tuotantoprosessimme jokaisen mallin luomisen yhteydess\u00e4.<\/span><br \/>\n<span style=\"color: #003366;\">Tuotannossa asetamme etusijalle korkean laadun, eettiset ja ymp\u00e4rist\u00f6n\u00e4k\u00f6kohdat. Meill\u00e4 ei ole omaa tehdasta, vaan huolella valitut kutomotehtaat, joissa ovat turvalliset ja terveelliset ty\u00f6olosuhteet.<\/span><br \/>\n<span style=\"color: #003366;\">Pitk\u00e4aikaiset luottamukselliset suhteet kumppaneidemme kanssa luovat arvoa meille ja ymp\u00e4rill\u00e4mme oleville.<\/span><\/p>\n<p><span style=\"color: #003366;\"><strong>KEST\u00c4VYYS JA YMP\u00c4RIST\u00d6VASTUU<\/strong><\/span><\/p>\n<p><span style=\"color: #003366;\">Yksi perusarvoistamme on se, ett\u00e4 sunnittelemme hidasta muotia. Toivomme, ett\u00e4 jokainen valmistamamme neule tulee olemaan rakastettu ja k\u00e4ytetty monien vuosien ja sesonkien ajan.<\/span><br \/>\n<span style=\"color: #003366;\">Kest\u00e4v\u00e4 kehitys tarkoittaa meille sellaisen tuotteen kehitt\u00e4mist\u00e4, joka voidaan kierr\u00e4tt\u00e4\u00e4, k\u00e4ytt\u00e4\u00e4 uudelleen, muotoilla uudelleen tai kompostoida ja joka ei saastuta ymp\u00e4rist\u00f6\u00e4 vapauttamalla saasteaineit\u00e4 tai muuten vahingoittamalla ymp\u00e4rist\u00f6\u00e4 koko elinkaarensa ajan.<\/span><\/p>\n<p><span style=\"color: #003366;\">Tekstiili- ja lankateollisuus vaikuttaa ymp\u00e4rist\u00f6\u00f6n, sill\u00e4 se k\u00e4ytt\u00e4\u00e4 paljon vett\u00e4 ja kemikaaleja. Pyrimme l\u00f6yt\u00e4m\u00e4\u00e4n asiakkailemme vastuullisen vaihtoehdon ja pyrimme jatkuvasti kehitt\u00e4m\u00e4\u00e4n jokaista mahdollista ty\u00f6vaihetta \u2013 tie kohti kest\u00e4v\u00e4mp\u00e4\u00e4 ja vastuullisempaa tulevaisuutta neuleteollisuudelle.<\/span><br \/>\n<span style=\"color: #003366;\">Vaikka matka on pitk\u00e4, jokainen pieni askel on parempi kuin ei yht\u00e4 ollenkaan.<\/span><\/p>\n<p><span style=\"color: #003366;\">Kest\u00e4vyys riippuu yht\u00e4 paljon meist\u00e4 kaikista kuin loppukuluttajista. T\u00e4m\u00e4 tarkoittaa, ett\u00e4 kuluttaja on my\u00f6s valmis pohtimaan, kuinka h\u00e4n voi k\u00e4ytt\u00e4\u00e4 villaneuleita uudelleen tai antaa tuotteelle uuden el\u00e4m\u00e4n suunnittelemalla sit\u00e4 uudelleen.<\/span><\/p>\n<p><span style=\"color: #003366;\"><strong>NEULEEN HUOLENPITO<\/strong><\/span><\/p>\n<p><span style=\"color: #003366;\">Villa hylkii luonnostaan likaa ja hajuja. Tuuleta villavaate ennen pesua, sill\u00e4 villa on itsepuhdistuva luonnonkiutu. \u00c4l\u00e4 pese sit\u00e4 liian usein, pese heti k\u00e4sin vain likainen paikka tai tahrat ja tuuleta sen j\u00e4lkeen. K\u00e4yt\u00e4 vain villanpesuainetta.<\/span><br \/>\n<span style=\"color: #003366;\">\u00c4l\u00e4 pese sit\u00e4 liian usein, yksi tai kaksi kertaa talvikaudella on riitt\u00e4v\u00e4, k\u00e4ytt\u00e4ess\u00e4 villapesu tai k\u00e4sinpesuohjelmaa. K\u00e4yt\u00e4 villapesuaineksia, \u00e4l\u00e4 k\u00e4yt\u00e4 huuhteluainetta. Pienin sallittu linkousnopeus on 400-700 rpm.<\/span><\/p>\n<p><span style=\"color: #003366;\"><strong>KIERTO JA UUDELLEENK\u00c4YTT\u00d6<\/strong><\/span><\/p>\n<p><span style=\"color: #003366;\">Ajattomat ja klassiset neuleemme ovat yleens\u00e4 k\u00e4yt\u00f6ss\u00e4 useita vuosia ja vuodenaikoja. Villaesineet voidaan muotoilla uudelleen monella tavalla-paikkaamalla, kirjoamalla tai vain korjaamalla ja lis\u00e4\u00e4m\u00e4ll\u00e4 persoonallisuuttasi.<\/span><br \/>\n<span style=\"color: #003366;\">Joskus k\u00e4y n\u00e4in, ett\u00e4 valitset vahingossa v\u00e4\u00e4r\u00e4n pesuohjelman ja neule pienenee muutaman koon. Voisiko villapaita sopia jollekulle pienemp\u00e4\u00e4n kokoon? Harkitse uudelleenk\u00e4ytt\u00f6\u00e4 ennen kuin heit\u00e4t sen pois.<\/span><\/p>\n","protected":false},"excerpt":{"rendered":"<p>HITAASTA SUUNNITTELUA MITHIO on sitoutunut ajattomaan ja klassisen hitaan muotiin, jota tulet k\u00e4ytt\u00e4m\u00e4\u00e4n ja rakastamaan monta vuotta. Jokaista neuleeta voi k\u00e4ytt\u00e4\u00e4 kerta toisensa j\u00e4lkeen i\u00e4st\u00e4 tai vuodenajasta huolimatta. Yhdest\u00e4 l\u00e4mpim\u00e4st\u00e4 ja pehme\u00e4st\u00e4 MITHIO-n villapaidasta voi tulla hyv\u00e4 arjen kumppani vuodenajasta riippumatta. LOPUTON KEHITYS MITHIO on neulebr\u00e4ndi, joka ylitt\u00e4\u00e4 vuodenajat ja trendit. Suunnittelumme on tehty Virossa. [&hellip;]<\/p>\n","protected":false},"author":1,"featured_media":0,"parent":0,"menu_order":4,"comment_status":"closed","ping_status":"closed","template":"","meta":{"inline_featured_image":false,"ngg_post_thumbnail":0,"jetpack_post_was_ever_published":false,"footnotes":""},"class_list":["post-15605","page","type-page","status-publish","hentry"],"yoast_head":"<!-- This site is optimized with the Yoast SEO plugin v27.3 - https:\/\/yoast.com\/product\/yoast-seo-wordpress\/ -->\n<title>Kest\u00e4vyys JA YMP\u00c4RIST\u00d6VASTUU - Mithio | Clothing<\/title>\n<meta name=\"robots\" content=\"index, follow, max-snippet:-1, max-image-preview:large, max-video-preview:-1\" \/>\n<link rel=\"canonical\" href=\"https:\/\/www.mithio.com\/fi\/kestavyys\/\" \/>\n<meta property=\"og:locale\" content=\"fi_FI\" \/>\n<meta property=\"og:type\" content=\"article\" \/>\n<meta property=\"og:title\" content=\"Kest\u00e4vyys JA YMP\u00c4RIST\u00d6VASTUU - Mithio | Clothing\" \/>\n<meta property=\"og:description\" content=\"HITAASTA SUUNNITTELUA MITHIO on sitoutunut ajattomaan ja klassisen hitaan muotiin, jota tulet k\u00e4ytt\u00e4m\u00e4\u00e4n ja rakastamaan monta vuotta. Jokaista neuleeta voi k\u00e4ytt\u00e4\u00e4 kerta toisensa j\u00e4lkeen i\u00e4st\u00e4 tai vuodenajasta huolimatta. Yhdest\u00e4 l\u00e4mpim\u00e4st\u00e4 ja pehme\u00e4st\u00e4 MITHIO-n villapaidasta voi tulla hyv\u00e4 arjen kumppani vuodenajasta riippumatta. LOPUTON KEHITYS MITHIO on neulebr\u00e4ndi, joka ylitt\u00e4\u00e4 vuodenajat ja trendit. Suunnittelumme on tehty Virossa. [&hellip;]\" \/>\n<meta property=\"og:url\" content=\"https:\/\/www.mithio.com\/fi\/kestavyys\/\" \/>\n<meta property=\"og:site_name\" content=\"Mithio | Clothing\" \/>\n<meta property=\"article:publisher\" content=\"https:\/\/www.facebook.com\/MithioBrand\/?fref=ts\" \/>\n<meta property=\"article:modified_time\" content=\"2025-02-20T17:20:20+00:00\" \/>\n<meta name=\"twitter:card\" content=\"summary_large_image\" \/>\n<meta name=\"twitter:label1\" content=\"Est. reading time\" \/>\n\t<meta name=\"twitter:data1\" content=\"3 minutes\" \/>\n<script type=\"application\/ld+json\" class=\"yoast-schema-graph\">{\"@context\":\"https:\\\/\\\/schema.org\",\"@graph\":[{\"@type\":\"WebPage\",\"@id\":\"https:\\\/\\\/www.mithio.com\\\/fi\\\/kestavyys\\\/\",\"url\":\"https:\\\/\\\/www.mithio.com\\\/fi\\\/kestavyys\\\/\",\"name\":\"Kest\u00e4vyys JA YMP\u00c4RIST\u00d6VASTUU - Mithio | Clothing\",\"isPartOf\":{\"@id\":\"https:\\\/\\\/www.mithio.com\\\/fi\\\/#website\"},\"datePublished\":\"2023-10-23T12:03:49+00:00\",\"dateModified\":\"2025-02-20T17:20:20+00:00\",\"breadcrumb\":{\"@id\":\"https:\\\/\\\/www.mithio.com\\\/fi\\\/kestavyys\\\/#breadcrumb\"},\"inLanguage\":\"fi-FI\",\"potentialAction\":[{\"@type\":\"ReadAction\",\"target\":[\"https:\\\/\\\/www.mithio.com\\\/fi\\\/kestavyys\\\/\"]}]},{\"@type\":\"BreadcrumbList\",\"@id\":\"https:\\\/\\\/www.mithio.com\\\/fi\\\/kestavyys\\\/#breadcrumb\",\"itemListElement\":[{\"@type\":\"ListItem\",\"position\":1,\"name\":\"Home\",\"item\":\"https:\\\/\\\/www.mithio.com\\\/fi\\\/\"},{\"@type\":\"ListItem\",\"position\":2,\"name\":\"Kest\u00e4vyys JA YMP\u00c4RIST\u00d6VASTUU\"}]},{\"@type\":\"WebSite\",\"@id\":\"https:\\\/\\\/www.mithio.com\\\/fi\\\/#website\",\"url\":\"https:\\\/\\\/www.mithio.com\\\/fi\\\/\",\"name\":\"Mithio | Clothing\",\"description\":\"Etnost futuni\",\"publisher\":{\"@id\":\"https:\\\/\\\/www.mithio.com\\\/fi\\\/#organization\"},\"potentialAction\":[{\"@type\":\"SearchAction\",\"target\":{\"@type\":\"EntryPoint\",\"urlTemplate\":\"https:\\\/\\\/www.mithio.com\\\/fi\\\/?s={search_term_string}\"},\"query-input\":{\"@type\":\"PropertyValueSpecification\",\"valueRequired\":true,\"valueName\":\"search_term_string\"}}],\"inLanguage\":\"fi-FI\"},{\"@type\":\"Organization\",\"@id\":\"https:\\\/\\\/www.mithio.com\\\/fi\\\/#organization\",\"name\":\"Mithio\",\"url\":\"https:\\\/\\\/www.mithio.com\\\/fi\\\/\",\"logo\":{\"@type\":\"ImageObject\",\"inLanguage\":\"fi-FI\",\"@id\":\"https:\\\/\\\/www.mithio.com\\\/fi\\\/#\\\/schema\\\/logo\\\/image\\\/\",\"url\":\"https:\\\/\\\/www.mithio.com\\\/wp-content\\\/uploads\\\/2022\\\/05\\\/Mithio_logo.svg\",\"contentUrl\":\"https:\\\/\\\/www.mithio.com\\\/wp-content\\\/uploads\\\/2022\\\/05\\\/Mithio_logo.svg\",\"width\":\"1024\",\"height\":\"1024\",\"caption\":\"Mithio\"},\"image\":{\"@id\":\"https:\\\/\\\/www.mithio.com\\\/fi\\\/#\\\/schema\\\/logo\\\/image\\\/\"},\"sameAs\":[\"https:\\\/\\\/www.facebook.com\\\/MithioBrand\\\/?fref=ts\",\"https:\\\/\\\/www.instagram.com\\\/mithiobrand\\\/\",\"https:\\\/\\\/www.pinterest.com\\\/mithiobrand\\\/\"]}]}<\/script>\n<!-- \/ Yoast SEO plugin. -->","yoast_head_json":{"title":"Kest\u00e4vyys JA YMP\u00c4RIST\u00d6VASTUU - Mithio | Clothing","robots":{"index":"index","follow":"follow","max-snippet":"max-snippet:-1","max-image-preview":"max-image-preview:large","max-video-preview":"max-video-preview:-1"},"canonical":"https:\/\/www.mithio.com\/fi\/kestavyys\/","og_locale":"fi_FI","og_type":"article","og_title":"Kest\u00e4vyys JA YMP\u00c4RIST\u00d6VASTUU - Mithio | Clothing","og_description":"HITAASTA SUUNNITTELUA MITHIO on sitoutunut ajattomaan ja klassisen hitaan muotiin, jota tulet k\u00e4ytt\u00e4m\u00e4\u00e4n ja rakastamaan monta vuotta. Jokaista neuleeta voi k\u00e4ytt\u00e4\u00e4 kerta toisensa j\u00e4lkeen i\u00e4st\u00e4 tai vuodenajasta huolimatta. Yhdest\u00e4 l\u00e4mpim\u00e4st\u00e4 ja pehme\u00e4st\u00e4 MITHIO-n villapaidasta voi tulla hyv\u00e4 arjen kumppani vuodenajasta riippumatta. LOPUTON KEHITYS MITHIO on neulebr\u00e4ndi, joka ylitt\u00e4\u00e4 vuodenajat ja trendit. Suunnittelumme on tehty Virossa. [&hellip;]","og_url":"https:\/\/www.mithio.com\/fi\/kestavyys\/","og_site_name":"Mithio | Clothing","article_publisher":"https:\/\/www.facebook.com\/MithioBrand\/?fref=ts","article_modified_time":"2025-02-20T17:20:20+00:00","twitter_card":"summary_large_image","twitter_misc":{"Est. reading time":"3 minutes"},"schema":{"@context":"https:\/\/schema.org","@graph":[{"@type":"WebPage","@id":"https:\/\/www.mithio.com\/fi\/kestavyys\/","url":"https:\/\/www.mithio.com\/fi\/kestavyys\/","name":"Kest\u00e4vyys JA YMP\u00c4RIST\u00d6VASTUU - Mithio | Clothing","isPartOf":{"@id":"https:\/\/www.mithio.com\/fi\/#website"},"datePublished":"2023-10-23T12:03:49+00:00","dateModified":"2025-02-20T17:20:20+00:00","breadcrumb":{"@id":"https:\/\/www.mithio.com\/fi\/kestavyys\/#breadcrumb"},"inLanguage":"fi-FI","potentialAction":[{"@type":"ReadAction","target":["https:\/\/www.mithio.com\/fi\/kestavyys\/"]}]},{"@type":"BreadcrumbList","@id":"https:\/\/www.mithio.com\/fi\/kestavyys\/#breadcrumb","itemListElement":[{"@type":"ListItem","position":1,"name":"Home","item":"https:\/\/www.mithio.com\/fi\/"},{"@type":"ListItem","position":2,"name":"Kest\u00e4vyys JA YMP\u00c4RIST\u00d6VASTUU"}]},{"@type":"WebSite","@id":"https:\/\/www.mithio.com\/fi\/#website","url":"https:\/\/www.mithio.com\/fi\/","name":"Mithio | Clothing","description":"Etnost futuni","publisher":{"@id":"https:\/\/www.mithio.com\/fi\/#organization"},"potentialAction":[{"@type":"SearchAction","target":{"@type":"EntryPoint","urlTemplate":"https:\/\/www.mithio.com\/fi\/?s={search_term_string}"},"query-input":{"@type":"PropertyValueSpecification","valueRequired":true,"valueName":"search_term_string"}}],"inLanguage":"fi-FI"},{"@type":"Organization","@id":"https:\/\/www.mithio.com\/fi\/#organization","name":"Mithio","url":"https:\/\/www.mithio.com\/fi\/","logo":{"@type":"ImageObject","inLanguage":"fi-FI","@id":"https:\/\/www.mithio.com\/fi\/#\/schema\/logo\/image\/","url":"https:\/\/www.mithio.com\/wp-content\/uploads\/2022\/05\/Mithio_logo.svg","contentUrl":"https:\/\/www.mithio.com\/wp-content\/uploads\/2022\/05\/Mithio_logo.svg","width":"1024","height":"1024","caption":"Mithio"},"image":{"@id":"https:\/\/www.mithio.com\/fi\/#\/schema\/logo\/image\/"},"sameAs":["https:\/\/www.facebook.com\/MithioBrand\/?fref=ts","https:\/\/www.instagram.com\/mithiobrand\/","https:\/\/www.pinterest.com\/mithiobrand\/"]}]}},"jetpack_shortlink":"https:\/\/wp.me\/P68eMR-43H","jetpack_sharing_enabled":true,"_links":{"self":[{"href":"https:\/\/www.mithio.com\/fi\/wp-json\/wp\/v2\/pages\/15605","targetHints":{"allow":["GET"]}}],"collection":[{"href":"https:\/\/www.mithio.com\/fi\/wp-json\/wp\/v2\/pages"}],"about":[{"href":"https:\/\/www.mithio.com\/fi\/wp-json\/wp\/v2\/types\/page"}],"author":[{"embeddable":true,"href":"https:\/\/www.mithio.com\/fi\/wp-json\/wp\/v2\/users\/1"}],"replies":[{"embeddable":true,"href":"https:\/\/www.mithio.com\/fi\/wp-json\/wp\/v2\/comments?post=15605"}],"version-history":[{"count":0,"href":"https:\/\/www.mithio.com\/fi\/wp-json\/wp\/v2\/pages\/15605\/revisions"}],"wp:attachment":[{"href":"https:\/\/www.mithio.com\/fi\/wp-json\/wp\/v2\/media?parent=15605"}],"curies":[{"name":"wp","href":"https:\/\/api.w.org\/{rel}","templated":true}]}}