{"id":11219,"date":"2015-09-16T20:03:53","date_gmt":"2015-09-16T20:03:53","guid":{"rendered":"https:\/\/www.mithio.com\/pood\/neule-rudo-dg\/"},"modified":"2025-01-26T15:37:02","modified_gmt":"2025-01-26T13:37:02","slug":"neule-rudo-dg","status":"publish","type":"product","link":"https:\/\/www.mithio.com\/fi\/pood\/miehet\/neule-rudo-dg\/","title":{"rendered":"Neule HENN DG"},"content":{"rendered":"","protected":false},"excerpt":{"rendered":"<p>Miesten Henn mallilla on py\u00f6re\u00e4 p\u00e4\u00e4nitie. Koko neuleessa on kudottu pieni kuvio. T\u00e4m\u00e4 pieni vaatimaton motiivi n\u00e4kyy monien eri villak\u00e4sineiden kuvioissa ymp\u00e4ri Viroa &#8211; Kuusalu, Kaarma, P\u00e4rnu-Jaagupi, Ridala, Hager ja Harju-Jaani.<br \/>\nP\u00e4\u00e4ntien helman sis\u00e4puoli on tummaharmaan v\u00e4rinen, ribbiosan helma on kaksiv\u00e4rinen raidallinen.<br \/>\nNeule kest\u00e4\u00e4 hyvin villapesun ohjelmalla pesun pesukoneessa ja siihen ei tule helpolla pillinki\u00e4 Low-Pilling akryylin takia.<br \/>\nSuunniteltu Virossa, valmistettu vastuullisesti Liettuassa.<\/p>\n<p>Koostumus: 50% merinovilla \/ 50% Low Pilling -akryyli<\/p>\n<p>V\u00e4ri: meleerattu tummaharmaa<\/p>\n<p>MITTAUS<br \/>\nKatso kokotaulukkokuvasta tuotteen tasomitat. Voit mitata ja verrata niit\u00e4 samanlaiseen villapaitaan, l\u00f6yt\u00e4\u00e4ksesi sopivan koon.<\/p>\n","protected":false},"featured_media":16033,"template":"","meta":{"inline_featured_image":false,"ngg_post_thumbnail":0,"jetpack_post_was_ever_published":false},"product_brand":[],"product_cat":[730,565],"product_tag":[574,577,579,580,738,576,575],"class_list":{"0":"post-11219","1":"product","2":"type-product","3":"status-publish","4":"has-post-thumbnail","6":"product_cat-outlet","7":"product_cat-miehet","8":"product_tag-kudottu-liivi","9":"product_tag-liivi","10":"product_tag-liivi-fi","11":"product_tag-liivi-fi-2","12":"product_tag-mehed","13":"product_tag-miesten-liivi","14":"product_tag-villaliivi","15":"pa_size-l-fi","16":"pa_size-m-fi","17":"pa_size-xl-fi","18":"pa_size-xxl-fi","20":"first","21":"instock","22":"sale","23":"taxable","24":"shipping-taxable","25":"purchasable","26":"product-type-variable","27":"has-default-attributes"},"exclude_global_add_ons":false,"addons":[{"name":"Tilaan tuotteen lahjapakkauksessa","type":"multiple_choice","position":0,"required":false,"title_format":"heading","description_enable":true,"description":"Paina laatikon kuvaa, jos haluat tuotteen lahjapakkaukseen.","placeholder_enable":false,"placeholder":"","display":"images","restrictions_type":"any_text","adjust_price":false,"price":"","price_type":"flat_fee","restrictions":false,"min":0,"max":0,"options":[{"label":"Mithio lahjapakkaus","price":"3","price_type":"flat_fee","image":10345}]}],"yoast_head":"<!-- This site is optimized with the Yoast SEO plugin v27.3 - https:\/\/yoast.com\/product\/yoast-seo-wordpress\/ -->\n<title>Neule HENN DG - Mithio | Clothing<\/title>\n<meta name=\"robots\" content=\"index, follow, max-snippet:-1, max-image-preview:large, max-video-preview:-1\" \/>\n<link rel=\"canonical\" href=\"https:\/\/www.mithio.com\/fi\/pood\/miehet\/neule-rudo-dg\/\" \/>\n<meta property=\"og:locale\" content=\"fi_FI\" \/>\n<meta property=\"og:type\" content=\"article\" \/>\n<meta property=\"og:title\" content=\"Neule HENN DG - Mithio | Clothing\" \/>\n<meta property=\"og:description\" content=\"Miesten Henn mallilla on py\u00f6re\u00e4 p\u00e4\u00e4nitie. Koko neuleessa on kudottu pieni kuvio. T\u00e4m\u00e4 pieni vaatimaton motiivi n\u00e4kyy monien eri villak\u00e4sineiden kuvioissa ymp\u00e4ri Viroa - Kuusalu, Kaarma, P\u00e4rnu-Jaagupi, Ridala, Hager ja Harju-Jaani. P\u00e4\u00e4ntien helman sis\u00e4puoli on tummaharmaan v\u00e4rinen, ribbiosan helma on kaksiv\u00e4rinen raidallinen. Neule kest\u00e4\u00e4 hyvin villapesun ohjelmalla pesun pesukoneessa ja siihen ei tule helpolla pillinki\u00e4 Low-Pilling akryylin takia. Suunniteltu Virossa, valmistettu vastuullisesti Liettuassa.  Koostumus: 50% merinovilla \/ 50% Low Pilling -akryyli  V\u00e4ri: meleerattu tummaharmaa  MITTAUS Katso kokotaulukkokuvasta tuotteen tasomitat. Voit mitata ja verrata niit\u00e4 samanlaiseen villapaitaan, l\u00f6yt\u00e4\u00e4ksesi sopivan koon.\" \/>\n<meta property=\"og:url\" content=\"https:\/\/www.mithio.com\/fi\/pood\/miehet\/neule-rudo-dg\/\" \/>\n<meta property=\"og:site_name\" content=\"Mithio | Clothing\" \/>\n<meta property=\"article:publisher\" content=\"https:\/\/www.facebook.com\/MithioBrand\/?fref=ts\" \/>\n<meta property=\"article:modified_time\" content=\"2025-01-26T13:37:02+00:00\" \/>\n<meta property=\"og:image\" content=\"https:\/\/www.mithio.com\/wp-content\/uploads\/2015\/09\/HENN-tumehall-683x1024.jpg\" \/>\n\t<meta property=\"og:image:width\" content=\"683\" \/>\n\t<meta property=\"og:image:height\" content=\"1024\" \/>\n\t<meta property=\"og:image:type\" content=\"image\/jpeg\" \/>\n<meta name=\"twitter:card\" content=\"summary_large_image\" \/>\n<script type=\"application\/ld+json\" class=\"yoast-schema-graph\">{\"@context\":\"https:\\\/\\\/schema.org\",\"@graph\":[{\"@type\":\"WebPage\",\"@id\":\"https:\\\/\\\/www.mithio.com\\\/fi\\\/pood\\\/miehet\\\/neule-rudo-dg\\\/\",\"url\":\"https:\\\/\\\/www.mithio.com\\\/fi\\\/pood\\\/miehet\\\/neule-rudo-dg\\\/\",\"name\":\"Neule HENN DG - Mithio | Clothing\",\"isPartOf\":{\"@id\":\"https:\\\/\\\/www.mithio.com\\\/fi\\\/#website\"},\"primaryImageOfPage\":{\"@id\":\"https:\\\/\\\/www.mithio.com\\\/fi\\\/pood\\\/miehet\\\/neule-rudo-dg\\\/#primaryimage\"},\"image\":{\"@id\":\"https:\\\/\\\/www.mithio.com\\\/fi\\\/pood\\\/miehet\\\/neule-rudo-dg\\\/#primaryimage\"},\"thumbnailUrl\":\"https:\\\/\\\/www.mithio.com\\\/wp-content\\\/uploads\\\/2015\\\/09\\\/HENN-tumehall.jpg\",\"datePublished\":\"2015-09-16T20:03:53+00:00\",\"dateModified\":\"2025-01-26T13:37:02+00:00\",\"breadcrumb\":{\"@id\":\"https:\\\/\\\/www.mithio.com\\\/fi\\\/pood\\\/miehet\\\/neule-rudo-dg\\\/#breadcrumb\"},\"inLanguage\":\"fi-FI\",\"potentialAction\":[{\"@type\":\"ReadAction\",\"target\":[\"https:\\\/\\\/www.mithio.com\\\/fi\\\/pood\\\/miehet\\\/neule-rudo-dg\\\/\"]}]},{\"@type\":\"ImageObject\",\"inLanguage\":\"fi-FI\",\"@id\":\"https:\\\/\\\/www.mithio.com\\\/fi\\\/pood\\\/miehet\\\/neule-rudo-dg\\\/#primaryimage\",\"url\":\"https:\\\/\\\/www.mithio.com\\\/wp-content\\\/uploads\\\/2015\\\/09\\\/HENN-tumehall.jpg\",\"contentUrl\":\"https:\\\/\\\/www.mithio.com\\\/wp-content\\\/uploads\\\/2015\\\/09\\\/HENN-tumehall.jpg\",\"width\":1584,\"height\":2376,\"caption\":\"HENN men\u00b4s sweater Dark Grey\"},{\"@type\":\"BreadcrumbList\",\"@id\":\"https:\\\/\\\/www.mithio.com\\\/fi\\\/pood\\\/miehet\\\/neule-rudo-dg\\\/#breadcrumb\",\"itemListElement\":[{\"@type\":\"ListItem\",\"position\":1,\"name\":\"Home\",\"item\":\"https:\\\/\\\/www.mithio.com\\\/fi\\\/\"},{\"@type\":\"ListItem\",\"position\":2,\"name\":\"KAUPPA\",\"item\":\"https:\\\/\\\/www.mithio.com\\\/pood\\\/\"},{\"@type\":\"ListItem\",\"position\":3,\"name\":\"Neule HENN DG\"}]},{\"@type\":\"WebSite\",\"@id\":\"https:\\\/\\\/www.mithio.com\\\/fi\\\/#website\",\"url\":\"https:\\\/\\\/www.mithio.com\\\/fi\\\/\",\"name\":\"Mithio | Clothing\",\"description\":\"Etnost futuni\",\"publisher\":{\"@id\":\"https:\\\/\\\/www.mithio.com\\\/fi\\\/#organization\"},\"potentialAction\":[{\"@type\":\"SearchAction\",\"target\":{\"@type\":\"EntryPoint\",\"urlTemplate\":\"https:\\\/\\\/www.mithio.com\\\/fi\\\/?s={search_term_string}\"},\"query-input\":{\"@type\":\"PropertyValueSpecification\",\"valueRequired\":true,\"valueName\":\"search_term_string\"}}],\"inLanguage\":\"fi-FI\"},{\"@type\":\"Organization\",\"@id\":\"https:\\\/\\\/www.mithio.com\\\/fi\\\/#organization\",\"name\":\"Mithio\",\"url\":\"https:\\\/\\\/www.mithio.com\\\/fi\\\/\",\"logo\":{\"@type\":\"ImageObject\",\"inLanguage\":\"fi-FI\",\"@id\":\"https:\\\/\\\/www.mithio.com\\\/fi\\\/#\\\/schema\\\/logo\\\/image\\\/\",\"url\":\"https:\\\/\\\/www.mithio.com\\\/wp-content\\\/uploads\\\/2022\\\/05\\\/Mithio_logo.svg\",\"contentUrl\":\"https:\\\/\\\/www.mithio.com\\\/wp-content\\\/uploads\\\/2022\\\/05\\\/Mithio_logo.svg\",\"width\":\"1024\",\"height\":\"1024\",\"caption\":\"Mithio\"},\"image\":{\"@id\":\"https:\\\/\\\/www.mithio.com\\\/fi\\\/#\\\/schema\\\/logo\\\/image\\\/\"},\"sameAs\":[\"https:\\\/\\\/www.facebook.com\\\/MithioBrand\\\/?fref=ts\",\"https:\\\/\\\/www.instagram.com\\\/mithiobrand\\\/\",\"https:\\\/\\\/www.pinterest.com\\\/mithiobrand\\\/\"]}]}<\/script>\n<!-- \/ Yoast SEO plugin. -->","yoast_head_json":{"title":"Neule HENN DG - Mithio | Clothing","robots":{"index":"index","follow":"follow","max-snippet":"max-snippet:-1","max-image-preview":"max-image-preview:large","max-video-preview":"max-video-preview:-1"},"canonical":"https:\/\/www.mithio.com\/fi\/pood\/miehet\/neule-rudo-dg\/","og_locale":"fi_FI","og_type":"article","og_title":"Neule HENN DG - Mithio | Clothing","og_description":"Miesten Henn mallilla on py\u00f6re\u00e4 p\u00e4\u00e4nitie. Koko neuleessa on kudottu pieni kuvio. T\u00e4m\u00e4 pieni vaatimaton motiivi n\u00e4kyy monien eri villak\u00e4sineiden kuvioissa ymp\u00e4ri Viroa - Kuusalu, Kaarma, P\u00e4rnu-Jaagupi, Ridala, Hager ja Harju-Jaani. P\u00e4\u00e4ntien helman sis\u00e4puoli on tummaharmaan v\u00e4rinen, ribbiosan helma on kaksiv\u00e4rinen raidallinen. Neule kest\u00e4\u00e4 hyvin villapesun ohjelmalla pesun pesukoneessa ja siihen ei tule helpolla pillinki\u00e4 Low-Pilling akryylin takia. Suunniteltu Virossa, valmistettu vastuullisesti Liettuassa.  Koostumus: 50% merinovilla \/ 50% Low Pilling -akryyli  V\u00e4ri: meleerattu tummaharmaa  MITTAUS Katso kokotaulukkokuvasta tuotteen tasomitat. Voit mitata ja verrata niit\u00e4 samanlaiseen villapaitaan, l\u00f6yt\u00e4\u00e4ksesi sopivan koon.","og_url":"https:\/\/www.mithio.com\/fi\/pood\/miehet\/neule-rudo-dg\/","og_site_name":"Mithio | Clothing","article_publisher":"https:\/\/www.facebook.com\/MithioBrand\/?fref=ts","article_modified_time":"2025-01-26T13:37:02+00:00","og_image":[{"width":683,"height":1024,"url":"https:\/\/www.mithio.com\/wp-content\/uploads\/2015\/09\/HENN-tumehall-683x1024.jpg","type":"image\/jpeg"}],"twitter_card":"summary_large_image","schema":{"@context":"https:\/\/schema.org","@graph":[{"@type":"WebPage","@id":"https:\/\/www.mithio.com\/fi\/pood\/miehet\/neule-rudo-dg\/","url":"https:\/\/www.mithio.com\/fi\/pood\/miehet\/neule-rudo-dg\/","name":"Neule HENN DG - Mithio | Clothing","isPartOf":{"@id":"https:\/\/www.mithio.com\/fi\/#website"},"primaryImageOfPage":{"@id":"https:\/\/www.mithio.com\/fi\/pood\/miehet\/neule-rudo-dg\/#primaryimage"},"image":{"@id":"https:\/\/www.mithio.com\/fi\/pood\/miehet\/neule-rudo-dg\/#primaryimage"},"thumbnailUrl":"https:\/\/www.mithio.com\/wp-content\/uploads\/2015\/09\/HENN-tumehall.jpg","datePublished":"2015-09-16T20:03:53+00:00","dateModified":"2025-01-26T13:37:02+00:00","breadcrumb":{"@id":"https:\/\/www.mithio.com\/fi\/pood\/miehet\/neule-rudo-dg\/#breadcrumb"},"inLanguage":"fi-FI","potentialAction":[{"@type":"ReadAction","target":["https:\/\/www.mithio.com\/fi\/pood\/miehet\/neule-rudo-dg\/"]}]},{"@type":"ImageObject","inLanguage":"fi-FI","@id":"https:\/\/www.mithio.com\/fi\/pood\/miehet\/neule-rudo-dg\/#primaryimage","url":"https:\/\/www.mithio.com\/wp-content\/uploads\/2015\/09\/HENN-tumehall.jpg","contentUrl":"https:\/\/www.mithio.com\/wp-content\/uploads\/2015\/09\/HENN-tumehall.jpg","width":1584,"height":2376,"caption":"HENN men\u00b4s sweater Dark Grey"},{"@type":"BreadcrumbList","@id":"https:\/\/www.mithio.com\/fi\/pood\/miehet\/neule-rudo-dg\/#breadcrumb","itemListElement":[{"@type":"ListItem","position":1,"name":"Home","item":"https:\/\/www.mithio.com\/fi\/"},{"@type":"ListItem","position":2,"name":"KAUPPA","item":"https:\/\/www.mithio.com\/pood\/"},{"@type":"ListItem","position":3,"name":"Neule HENN DG"}]},{"@type":"WebSite","@id":"https:\/\/www.mithio.com\/fi\/#website","url":"https:\/\/www.mithio.com\/fi\/","name":"Mithio | Clothing","description":"Etnost futuni","publisher":{"@id":"https:\/\/www.mithio.com\/fi\/#organization"},"potentialAction":[{"@type":"SearchAction","target":{"@type":"EntryPoint","urlTemplate":"https:\/\/www.mithio.com\/fi\/?s={search_term_string}"},"query-input":{"@type":"PropertyValueSpecification","valueRequired":true,"valueName":"search_term_string"}}],"inLanguage":"fi-FI"},{"@type":"Organization","@id":"https:\/\/www.mithio.com\/fi\/#organization","name":"Mithio","url":"https:\/\/www.mithio.com\/fi\/","logo":{"@type":"ImageObject","inLanguage":"fi-FI","@id":"https:\/\/www.mithio.com\/fi\/#\/schema\/logo\/image\/","url":"https:\/\/www.mithio.com\/wp-content\/uploads\/2022\/05\/Mithio_logo.svg","contentUrl":"https:\/\/www.mithio.com\/wp-content\/uploads\/2022\/05\/Mithio_logo.svg","width":"1024","height":"1024","caption":"Mithio"},"image":{"@id":"https:\/\/www.mithio.com\/fi\/#\/schema\/logo\/image\/"},"sameAs":["https:\/\/www.facebook.com\/MithioBrand\/?fref=ts","https:\/\/www.instagram.com\/mithiobrand\/","https:\/\/www.pinterest.com\/mithiobrand\/"]}]}},"jetpack_sharing_enabled":true,"_links":{"self":[{"href":"https:\/\/www.mithio.com\/fi\/wp-json\/wp\/v2\/product\/11219","targetHints":{"allow":["GET"]}}],"collection":[{"href":"https:\/\/www.mithio.com\/fi\/wp-json\/wp\/v2\/product"}],"about":[{"href":"https:\/\/www.mithio.com\/fi\/wp-json\/wp\/v2\/types\/product"}],"wp:featuredmedia":[{"embeddable":true,"href":"https:\/\/www.mithio.com\/fi\/wp-json\/wp\/v2\/media\/16033"}],"wp:attachment":[{"href":"https:\/\/www.mithio.com\/fi\/wp-json\/wp\/v2\/media?parent=11219"}],"wp:term":[{"taxonomy":"product_brand","embeddable":true,"href":"https:\/\/www.mithio.com\/fi\/wp-json\/wp\/v2\/product_brand?post=11219"},{"taxonomy":"product_cat","embeddable":true,"href":"https:\/\/www.mithio.com\/fi\/wp-json\/wp\/v2\/product_cat?post=11219"},{"taxonomy":"product_tag","embeddable":true,"href":"https:\/\/www.mithio.com\/fi\/wp-json\/wp\/v2\/product_tag?post=11219"}],"curies":[{"name":"wp","href":"https:\/\/api.w.org\/{rel}","templated":true}]}}