{"id":11329,"date":"2018-11-17T23:08:20","date_gmt":"2018-11-17T21:08:20","guid":{"rendered":"https:\/\/www.mithio.com\/pood\/neule-voldemar-g\/"},"modified":"2025-03-19T21:21:58","modified_gmt":"2025-03-19T19:21:58","slug":"neule-voldemar-g","status":"publish","type":"product","link":"https:\/\/www.mithio.com\/fi\/pood\/miehet\/neule-voldemar-g\/","title":{"rendered":"Villaneule VOLDEMAR G"},"content":{"rendered":"","protected":false},"excerpt":{"rendered":"<p>Voldemar mallilla on korkea kaulus. Se on paksu, hyvin l\u00e4mmin ja pehme\u00e4 villapaita. Oikea talvineule. Neulepuserossa on kokonaan isot palmikot, muodostaen viivoja kuin paksut k\u00f6ydet. Voldemar on hyvin k\u00e4yt\u00e4nn\u00f6llinen perusneule ja After-Ski neule. Normaali mitoitus.<br \/>\nVilla on itse\u00e4\u00e4n puhdistava luonnonkuitu ja puhdistuu ensisijaisesti tuulettamalla k\u00e4yt\u00f6n j\u00e4lkeen.<br \/>\nSuunniteltu Virossa, valmistettu vastuullisesti Liettuassa.<\/p>\n<p>Koostumus: 100% hieno lampaanvillaa<\/p>\n<p>&nbsp;<\/p>\n<p>V\u00e4ri: meleerattu vaaleanharmaa<\/p>\n<p>MITTAUS<br \/>\nKatso kokotaulukkokuvasta tuotteen tasomitat. Voit mitata ja verrata niit\u00e4 samanlaiseen villapaitaan, l\u00f6yt\u00e4\u00e4ksesi sopivan koon.<\/p>\n","protected":false},"featured_media":11332,"template":"","meta":{"inline_featured_image":false,"ngg_post_thumbnail":0,"jetpack_post_was_ever_published":false},"product_brand":[],"product_cat":[730,565],"product_tag":[559,505,506,569,556,509,510,530],"class_list":{"0":"post-11329","1":"product","2":"type-product","3":"status-publish","4":"has-post-thumbnail","6":"product_cat-outlet","7":"product_cat-miehet","8":"product_tag-aran-fi","9":"product_tag-kampsun-fi","10":"product_tag-kootud-kampsun-fi","11":"product_tag-miesten-neule","12":"product_tag-palmikutega-kampsun-fi","13":"product_tag-polo-fi","14":"product_tag-sweater-fi","15":"product_tag-villane-kampsun-fi","16":"pa_size-l-fi","17":"pa_size-m-fi","18":"pa_size-s-fi","19":"pa_size-xl-fi","20":"pa_size-xs-fi","21":"pa_size-xxl-fi","23":"first","24":"instock","25":"sale","26":"taxable","27":"shipping-taxable","28":"purchasable","29":"product-type-variable","30":"has-default-attributes"},"exclude_global_add_ons":false,"addons":[{"name":"Tilaan tuotteen lahjapakkauksessa","type":"multiple_choice","position":0,"required":false,"title_format":"heading","description_enable":true,"description":"Paina laatikon kuvaa, jos haluat tuotteen lahjapakkaukseen.","placeholder_enable":false,"placeholder":"","display":"images","restrictions_type":"any_text","adjust_price":false,"price":"","price_type":"flat_fee","restrictions":false,"min":0,"max":0,"options":[{"label":"Mithio lahjapakkaus","price":"3","price_type":"flat_fee","image":10345}]}],"yoast_head":"<!-- This site is optimized with the Yoast SEO plugin v27.3 - https:\/\/yoast.com\/product\/yoast-seo-wordpress\/ -->\n<title>Villaneule VOLDEMAR G - Mithio | Clothing<\/title>\n<meta name=\"robots\" content=\"index, follow, max-snippet:-1, max-image-preview:large, max-video-preview:-1\" \/>\n<link rel=\"canonical\" href=\"https:\/\/www.mithio.com\/fi\/pood\/miehet\/neule-voldemar-g\/\" \/>\n<meta property=\"og:locale\" content=\"fi_FI\" \/>\n<meta property=\"og:type\" content=\"article\" \/>\n<meta property=\"og:title\" content=\"Villaneule VOLDEMAR G - Mithio | Clothing\" \/>\n<meta property=\"og:description\" content=\"Voldemar mallilla on korkea kaulus. Se on paksu, hyvin l\u00e4mmin ja pehme\u00e4 villapaita. Oikea talvineule. Neulepuserossa on kokonaan isot palmikot, muodostaen viivoja kuin paksut k\u00f6ydet. Voldemar on hyvin k\u00e4yt\u00e4nn\u00f6llinen perusneule ja After-Ski neule. Normaali mitoitus. Villa on itse\u00e4\u00e4n puhdistava luonnonkuitu ja puhdistuu ensisijaisesti tuulettamalla k\u00e4yt\u00f6n j\u00e4lkeen. Suunniteltu Virossa, valmistettu vastuullisesti Liettuassa.  Koostumus: 100% hieno lampaanvillaa  &nbsp;  V\u00e4ri: meleerattu vaaleanharmaa  MITTAUS Katso kokotaulukkokuvasta tuotteen tasomitat. Voit mitata ja verrata niit\u00e4 samanlaiseen villapaitaan, l\u00f6yt\u00e4\u00e4ksesi sopivan koon.\" \/>\n<meta property=\"og:url\" content=\"https:\/\/www.mithio.com\/fi\/pood\/miehet\/neule-voldemar-g\/\" \/>\n<meta property=\"og:site_name\" content=\"Mithio | Clothing\" \/>\n<meta property=\"article:publisher\" content=\"https:\/\/www.facebook.com\/MithioBrand\/?fref=ts\" \/>\n<meta property=\"article:modified_time\" content=\"2025-03-19T19:21:58+00:00\" \/>\n<meta property=\"og:image\" content=\"https:\/\/www.mithio.com\/wp-content\/uploads\/2018\/11\/Voldemar-G1.jpg\" \/>\n\t<meta property=\"og:image:width\" content=\"1584\" \/>\n\t<meta property=\"og:image:height\" content=\"2376\" \/>\n\t<meta property=\"og:image:type\" content=\"image\/jpeg\" \/>\n<meta name=\"twitter:card\" content=\"summary_large_image\" \/>\n<script type=\"application\/ld+json\" class=\"yoast-schema-graph\">{\"@context\":\"https:\\\/\\\/schema.org\",\"@graph\":[{\"@type\":\"WebPage\",\"@id\":\"https:\\\/\\\/www.mithio.com\\\/fi\\\/pood\\\/miehet\\\/neule-voldemar-g\\\/\",\"url\":\"https:\\\/\\\/www.mithio.com\\\/fi\\\/pood\\\/miehet\\\/neule-voldemar-g\\\/\",\"name\":\"Villaneule VOLDEMAR G - Mithio | Clothing\",\"isPartOf\":{\"@id\":\"https:\\\/\\\/www.mithio.com\\\/fi\\\/#website\"},\"primaryImageOfPage\":{\"@id\":\"https:\\\/\\\/www.mithio.com\\\/fi\\\/pood\\\/miehet\\\/neule-voldemar-g\\\/#primaryimage\"},\"image\":{\"@id\":\"https:\\\/\\\/www.mithio.com\\\/fi\\\/pood\\\/miehet\\\/neule-voldemar-g\\\/#primaryimage\"},\"thumbnailUrl\":\"https:\\\/\\\/www.mithio.com\\\/wp-content\\\/uploads\\\/2018\\\/11\\\/Voldemar-G1.jpg\",\"datePublished\":\"2018-11-17T21:08:20+00:00\",\"dateModified\":\"2025-03-19T19:21:58+00:00\",\"breadcrumb\":{\"@id\":\"https:\\\/\\\/www.mithio.com\\\/fi\\\/pood\\\/miehet\\\/neule-voldemar-g\\\/#breadcrumb\"},\"inLanguage\":\"fi-FI\",\"potentialAction\":[{\"@type\":\"ReadAction\",\"target\":[\"https:\\\/\\\/www.mithio.com\\\/fi\\\/pood\\\/miehet\\\/neule-voldemar-g\\\/\"]}]},{\"@type\":\"ImageObject\",\"inLanguage\":\"fi-FI\",\"@id\":\"https:\\\/\\\/www.mithio.com\\\/fi\\\/pood\\\/miehet\\\/neule-voldemar-g\\\/#primaryimage\",\"url\":\"https:\\\/\\\/www.mithio.com\\\/wp-content\\\/uploads\\\/2018\\\/11\\\/Voldemar-G1.jpg\",\"contentUrl\":\"https:\\\/\\\/www.mithio.com\\\/wp-content\\\/uploads\\\/2018\\\/11\\\/Voldemar-G1.jpg\",\"width\":1584,\"height\":2376,\"caption\":\"MITHIO Voldemar Light Grey\"},{\"@type\":\"BreadcrumbList\",\"@id\":\"https:\\\/\\\/www.mithio.com\\\/fi\\\/pood\\\/miehet\\\/neule-voldemar-g\\\/#breadcrumb\",\"itemListElement\":[{\"@type\":\"ListItem\",\"position\":1,\"name\":\"Home\",\"item\":\"https:\\\/\\\/www.mithio.com\\\/fi\\\/\"},{\"@type\":\"ListItem\",\"position\":2,\"name\":\"KAUPPA\",\"item\":\"https:\\\/\\\/www.mithio.com\\\/pood\\\/\"},{\"@type\":\"ListItem\",\"position\":3,\"name\":\"Villaneule VOLDEMAR G\"}]},{\"@type\":\"WebSite\",\"@id\":\"https:\\\/\\\/www.mithio.com\\\/fi\\\/#website\",\"url\":\"https:\\\/\\\/www.mithio.com\\\/fi\\\/\",\"name\":\"Mithio | Clothing\",\"description\":\"Etnost futuni\",\"publisher\":{\"@id\":\"https:\\\/\\\/www.mithio.com\\\/fi\\\/#organization\"},\"potentialAction\":[{\"@type\":\"SearchAction\",\"target\":{\"@type\":\"EntryPoint\",\"urlTemplate\":\"https:\\\/\\\/www.mithio.com\\\/fi\\\/?s={search_term_string}\"},\"query-input\":{\"@type\":\"PropertyValueSpecification\",\"valueRequired\":true,\"valueName\":\"search_term_string\"}}],\"inLanguage\":\"fi-FI\"},{\"@type\":\"Organization\",\"@id\":\"https:\\\/\\\/www.mithio.com\\\/fi\\\/#organization\",\"name\":\"Mithio\",\"url\":\"https:\\\/\\\/www.mithio.com\\\/fi\\\/\",\"logo\":{\"@type\":\"ImageObject\",\"inLanguage\":\"fi-FI\",\"@id\":\"https:\\\/\\\/www.mithio.com\\\/fi\\\/#\\\/schema\\\/logo\\\/image\\\/\",\"url\":\"https:\\\/\\\/www.mithio.com\\\/wp-content\\\/uploads\\\/2022\\\/05\\\/Mithio_logo.svg\",\"contentUrl\":\"https:\\\/\\\/www.mithio.com\\\/wp-content\\\/uploads\\\/2022\\\/05\\\/Mithio_logo.svg\",\"width\":\"1024\",\"height\":\"1024\",\"caption\":\"Mithio\"},\"image\":{\"@id\":\"https:\\\/\\\/www.mithio.com\\\/fi\\\/#\\\/schema\\\/logo\\\/image\\\/\"},\"sameAs\":[\"https:\\\/\\\/www.facebook.com\\\/MithioBrand\\\/?fref=ts\",\"https:\\\/\\\/www.instagram.com\\\/mithiobrand\\\/\",\"https:\\\/\\\/www.pinterest.com\\\/mithiobrand\\\/\"]}]}<\/script>\n<!-- \/ Yoast SEO plugin. -->","yoast_head_json":{"title":"Villaneule VOLDEMAR G - Mithio | Clothing","robots":{"index":"index","follow":"follow","max-snippet":"max-snippet:-1","max-image-preview":"max-image-preview:large","max-video-preview":"max-video-preview:-1"},"canonical":"https:\/\/www.mithio.com\/fi\/pood\/miehet\/neule-voldemar-g\/","og_locale":"fi_FI","og_type":"article","og_title":"Villaneule VOLDEMAR G - Mithio | Clothing","og_description":"Voldemar mallilla on korkea kaulus. Se on paksu, hyvin l\u00e4mmin ja pehme\u00e4 villapaita. Oikea talvineule. Neulepuserossa on kokonaan isot palmikot, muodostaen viivoja kuin paksut k\u00f6ydet. Voldemar on hyvin k\u00e4yt\u00e4nn\u00f6llinen perusneule ja After-Ski neule. Normaali mitoitus. Villa on itse\u00e4\u00e4n puhdistava luonnonkuitu ja puhdistuu ensisijaisesti tuulettamalla k\u00e4yt\u00f6n j\u00e4lkeen. Suunniteltu Virossa, valmistettu vastuullisesti Liettuassa.  Koostumus: 100% hieno lampaanvillaa  &nbsp;  V\u00e4ri: meleerattu vaaleanharmaa  MITTAUS Katso kokotaulukkokuvasta tuotteen tasomitat. Voit mitata ja verrata niit\u00e4 samanlaiseen villapaitaan, l\u00f6yt\u00e4\u00e4ksesi sopivan koon.","og_url":"https:\/\/www.mithio.com\/fi\/pood\/miehet\/neule-voldemar-g\/","og_site_name":"Mithio | Clothing","article_publisher":"https:\/\/www.facebook.com\/MithioBrand\/?fref=ts","article_modified_time":"2025-03-19T19:21:58+00:00","og_image":[{"width":1584,"height":2376,"url":"https:\/\/www.mithio.com\/wp-content\/uploads\/2018\/11\/Voldemar-G1.jpg","type":"image\/jpeg"}],"twitter_card":"summary_large_image","schema":{"@context":"https:\/\/schema.org","@graph":[{"@type":"WebPage","@id":"https:\/\/www.mithio.com\/fi\/pood\/miehet\/neule-voldemar-g\/","url":"https:\/\/www.mithio.com\/fi\/pood\/miehet\/neule-voldemar-g\/","name":"Villaneule VOLDEMAR G - Mithio | Clothing","isPartOf":{"@id":"https:\/\/www.mithio.com\/fi\/#website"},"primaryImageOfPage":{"@id":"https:\/\/www.mithio.com\/fi\/pood\/miehet\/neule-voldemar-g\/#primaryimage"},"image":{"@id":"https:\/\/www.mithio.com\/fi\/pood\/miehet\/neule-voldemar-g\/#primaryimage"},"thumbnailUrl":"https:\/\/www.mithio.com\/wp-content\/uploads\/2018\/11\/Voldemar-G1.jpg","datePublished":"2018-11-17T21:08:20+00:00","dateModified":"2025-03-19T19:21:58+00:00","breadcrumb":{"@id":"https:\/\/www.mithio.com\/fi\/pood\/miehet\/neule-voldemar-g\/#breadcrumb"},"inLanguage":"fi-FI","potentialAction":[{"@type":"ReadAction","target":["https:\/\/www.mithio.com\/fi\/pood\/miehet\/neule-voldemar-g\/"]}]},{"@type":"ImageObject","inLanguage":"fi-FI","@id":"https:\/\/www.mithio.com\/fi\/pood\/miehet\/neule-voldemar-g\/#primaryimage","url":"https:\/\/www.mithio.com\/wp-content\/uploads\/2018\/11\/Voldemar-G1.jpg","contentUrl":"https:\/\/www.mithio.com\/wp-content\/uploads\/2018\/11\/Voldemar-G1.jpg","width":1584,"height":2376,"caption":"MITHIO Voldemar Light Grey"},{"@type":"BreadcrumbList","@id":"https:\/\/www.mithio.com\/fi\/pood\/miehet\/neule-voldemar-g\/#breadcrumb","itemListElement":[{"@type":"ListItem","position":1,"name":"Home","item":"https:\/\/www.mithio.com\/fi\/"},{"@type":"ListItem","position":2,"name":"KAUPPA","item":"https:\/\/www.mithio.com\/pood\/"},{"@type":"ListItem","position":3,"name":"Villaneule VOLDEMAR G"}]},{"@type":"WebSite","@id":"https:\/\/www.mithio.com\/fi\/#website","url":"https:\/\/www.mithio.com\/fi\/","name":"Mithio | Clothing","description":"Etnost futuni","publisher":{"@id":"https:\/\/www.mithio.com\/fi\/#organization"},"potentialAction":[{"@type":"SearchAction","target":{"@type":"EntryPoint","urlTemplate":"https:\/\/www.mithio.com\/fi\/?s={search_term_string}"},"query-input":{"@type":"PropertyValueSpecification","valueRequired":true,"valueName":"search_term_string"}}],"inLanguage":"fi-FI"},{"@type":"Organization","@id":"https:\/\/www.mithio.com\/fi\/#organization","name":"Mithio","url":"https:\/\/www.mithio.com\/fi\/","logo":{"@type":"ImageObject","inLanguage":"fi-FI","@id":"https:\/\/www.mithio.com\/fi\/#\/schema\/logo\/image\/","url":"https:\/\/www.mithio.com\/wp-content\/uploads\/2022\/05\/Mithio_logo.svg","contentUrl":"https:\/\/www.mithio.com\/wp-content\/uploads\/2022\/05\/Mithio_logo.svg","width":"1024","height":"1024","caption":"Mithio"},"image":{"@id":"https:\/\/www.mithio.com\/fi\/#\/schema\/logo\/image\/"},"sameAs":["https:\/\/www.facebook.com\/MithioBrand\/?fref=ts","https:\/\/www.instagram.com\/mithiobrand\/","https:\/\/www.pinterest.com\/mithiobrand\/"]}]}},"jetpack_sharing_enabled":true,"_links":{"self":[{"href":"https:\/\/www.mithio.com\/fi\/wp-json\/wp\/v2\/product\/11329","targetHints":{"allow":["GET"]}}],"collection":[{"href":"https:\/\/www.mithio.com\/fi\/wp-json\/wp\/v2\/product"}],"about":[{"href":"https:\/\/www.mithio.com\/fi\/wp-json\/wp\/v2\/types\/product"}],"wp:featuredmedia":[{"embeddable":true,"href":"https:\/\/www.mithio.com\/fi\/wp-json\/wp\/v2\/media\/11332"}],"wp:attachment":[{"href":"https:\/\/www.mithio.com\/fi\/wp-json\/wp\/v2\/media?parent=11329"}],"wp:term":[{"taxonomy":"product_brand","embeddable":true,"href":"https:\/\/www.mithio.com\/fi\/wp-json\/wp\/v2\/product_brand?post=11329"},{"taxonomy":"product_cat","embeddable":true,"href":"https:\/\/www.mithio.com\/fi\/wp-json\/wp\/v2\/product_cat?post=11329"},{"taxonomy":"product_tag","embeddable":true,"href":"https:\/\/www.mithio.com\/fi\/wp-json\/wp\/v2\/product_tag?post=11329"}],"curies":[{"name":"wp","href":"https:\/\/api.w.org\/{rel}","templated":true}]}}