{"id":12200,"date":"2016-11-01T13:59:56","date_gmt":"2016-11-01T11:59:56","guid":{"rendered":"https:\/\/www.mithio.com\/pood\/villahuivi-gustave-lg\/"},"modified":"2024-08-01T12:06:43","modified_gmt":"2024-08-01T09:06:43","slug":"villahuivi-gustave-lg","status":"publish","type":"product","link":"https:\/\/www.mithio.com\/fi\/pood\/huivit\/villahuivi-gustave-lg\/","title":{"rendered":"Villahuivi GUSTAVE LG"},"content":{"rendered":"","protected":false},"excerpt":{"rendered":"<p>Miesten huivin kuvio koostuu kolmesta pienest\u00e4 geometrisesta kuviosta.<br \/>\nKudoksen tyypist\u00e4 riippuen huivi on yhdell\u00e4 puolella tummempi harmahtava beige ja toisella puolella vaaleampi harmahtava beige.<br \/>\nHuivi on k\u00e4ytett\u00e4v\u00e4 molempiin suuntiin.<br \/>\nMiesten huivi on samankokoinen.<\/p>\n<p>Huivin mitat ovat: pituus ~ 190 cm ja leveys ~ 30 cm.<\/p>\n<p>Koostumus: 100 % merinovillaa<\/p>\n<p>&nbsp;<\/p>\n","protected":false},"featured_media":12206,"template":"","meta":{"inline_featured_image":false,"ngg_post_thumbnail":0,"jetpack_post_was_ever_published":true},"product_brand":[],"product_cat":[603],"product_tag":[611,733,734,735,736,737,738,739,740],"class_list":{"0":"post-12200","1":"product","2":"type-product","3":"status-publish","4":"has-post-thumbnail","6":"product_cat-huivit","7":"product_tag-herringbone-fi","8":"product_tag-kingitus","9":"product_tag-kingitus-mehele","10":"product_tag-kootud-sall","11":"product_tag-kudum","12":"product_tag-meeste-sall","13":"product_tag-mehed","14":"product_tag-sall","15":"product_tag-scarf","16":"pa_size-m-fi","18":"first","19":"outofstock","20":"taxable","21":"shipping-taxable","22":"purchasable","23":"product-type-variable","24":"has-default-attributes"},"exclude_global_add_ons":false,"addons":[{"name":"Tilaan tuotteen lahjapakkauksessa","type":"multiple_choice","position":0,"required":false,"title_format":"heading","description_enable":true,"description":"Paina laatikon kuvaa, jos haluat tuotteen lahjapakkaukseen.","placeholder_enable":false,"placeholder":"","display":"images","restrictions_type":"any_text","adjust_price":false,"price":"","price_type":"flat_fee","restrictions":false,"min":0,"max":0,"options":[{"label":"Mithio lahjapakkaus","price":"3","price_type":"flat_fee","image":10345}]}],"yoast_head":"<!-- This site is optimized with the Yoast SEO plugin v27.3 - https:\/\/yoast.com\/product\/yoast-seo-wordpress\/ -->\n<title>Villahuivi GUSTAVE LG - Mithio | Clothing<\/title>\n<meta name=\"robots\" content=\"index, follow, max-snippet:-1, max-image-preview:large, max-video-preview:-1\" \/>\n<link rel=\"canonical\" href=\"https:\/\/www.mithio.com\/fi\/pood\/huivit\/villahuivi-gustave-lg\/\" \/>\n<meta property=\"og:locale\" content=\"fi_FI\" \/>\n<meta property=\"og:type\" content=\"article\" \/>\n<meta property=\"og:title\" content=\"Villahuivi GUSTAVE LG - Mithio | Clothing\" \/>\n<meta property=\"og:description\" content=\"Miesten huivin kuvio koostuu kolmesta pienest\u00e4 geometrisesta kuviosta. Kudoksen tyypist\u00e4 riippuen huivi on yhdell\u00e4 puolella tummempi harmahtava beige ja toisella puolella vaaleampi harmahtava beige. Huivi on k\u00e4ytett\u00e4v\u00e4 molempiin suuntiin. Miesten huivi on samankokoinen.  Huivin mitat ovat: pituus ~ 190 cm ja leveys ~ 30 cm.  Koostumus: 100 % merinovillaa  &nbsp;\" \/>\n<meta property=\"og:url\" content=\"https:\/\/www.mithio.com\/fi\/pood\/huivit\/villahuivi-gustave-lg\/\" \/>\n<meta property=\"og:site_name\" content=\"Mithio | Clothing\" \/>\n<meta property=\"article:publisher\" content=\"https:\/\/www.facebook.com\/MithioBrand\/?fref=ts\" \/>\n<meta property=\"article:modified_time\" content=\"2024-08-01T09:06:43+00:00\" \/>\n<meta property=\"og:image\" content=\"https:\/\/www.mithio.com\/wp-content\/uploads\/2016\/11\/Gustave-1.jpg\" \/>\n\t<meta property=\"og:image:width\" content=\"1584\" \/>\n\t<meta property=\"og:image:height\" content=\"2376\" \/>\n\t<meta property=\"og:image:type\" content=\"image\/jpeg\" \/>\n<meta name=\"twitter:card\" content=\"summary_large_image\" \/>\n<meta name=\"twitter:label1\" content=\"Est. reading time\" \/>\n\t<meta name=\"twitter:data1\" content=\"1 minute\" \/>\n<script type=\"application\/ld+json\" class=\"yoast-schema-graph\">{\"@context\":\"https:\\\/\\\/schema.org\",\"@graph\":[{\"@type\":\"WebPage\",\"@id\":\"https:\\\/\\\/www.mithio.com\\\/fi\\\/pood\\\/huivit\\\/villahuivi-gustave-lg\\\/\",\"url\":\"https:\\\/\\\/www.mithio.com\\\/fi\\\/pood\\\/huivit\\\/villahuivi-gustave-lg\\\/\",\"name\":\"Villahuivi GUSTAVE LG - Mithio | Clothing\",\"isPartOf\":{\"@id\":\"https:\\\/\\\/www.mithio.com\\\/fi\\\/#website\"},\"primaryImageOfPage\":{\"@id\":\"https:\\\/\\\/www.mithio.com\\\/fi\\\/pood\\\/huivit\\\/villahuivi-gustave-lg\\\/#primaryimage\"},\"image\":{\"@id\":\"https:\\\/\\\/www.mithio.com\\\/fi\\\/pood\\\/huivit\\\/villahuivi-gustave-lg\\\/#primaryimage\"},\"thumbnailUrl\":\"https:\\\/\\\/www.mithio.com\\\/wp-content\\\/uploads\\\/2016\\\/11\\\/Gustave-1.jpg\",\"datePublished\":\"2016-11-01T11:59:56+00:00\",\"dateModified\":\"2024-08-01T09:06:43+00:00\",\"breadcrumb\":{\"@id\":\"https:\\\/\\\/www.mithio.com\\\/fi\\\/pood\\\/huivit\\\/villahuivi-gustave-lg\\\/#breadcrumb\"},\"inLanguage\":\"fi-FI\",\"potentialAction\":[{\"@type\":\"ReadAction\",\"target\":[\"https:\\\/\\\/www.mithio.com\\\/fi\\\/pood\\\/huivit\\\/villahuivi-gustave-lg\\\/\"]}]},{\"@type\":\"ImageObject\",\"inLanguage\":\"fi-FI\",\"@id\":\"https:\\\/\\\/www.mithio.com\\\/fi\\\/pood\\\/huivit\\\/villahuivi-gustave-lg\\\/#primaryimage\",\"url\":\"https:\\\/\\\/www.mithio.com\\\/wp-content\\\/uploads\\\/2016\\\/11\\\/Gustave-1.jpg\",\"contentUrl\":\"https:\\\/\\\/www.mithio.com\\\/wp-content\\\/uploads\\\/2016\\\/11\\\/Gustave-1.jpg\",\"width\":1584,\"height\":2376},{\"@type\":\"BreadcrumbList\",\"@id\":\"https:\\\/\\\/www.mithio.com\\\/fi\\\/pood\\\/huivit\\\/villahuivi-gustave-lg\\\/#breadcrumb\",\"itemListElement\":[{\"@type\":\"ListItem\",\"position\":1,\"name\":\"Home\",\"item\":\"https:\\\/\\\/www.mithio.com\\\/fi\\\/\"},{\"@type\":\"ListItem\",\"position\":2,\"name\":\"KAUPPA\",\"item\":\"https:\\\/\\\/www.mithio.com\\\/pood\\\/\"},{\"@type\":\"ListItem\",\"position\":3,\"name\":\"Villahuivi GUSTAVE LG\"}]},{\"@type\":\"WebSite\",\"@id\":\"https:\\\/\\\/www.mithio.com\\\/fi\\\/#website\",\"url\":\"https:\\\/\\\/www.mithio.com\\\/fi\\\/\",\"name\":\"Mithio | Clothing\",\"description\":\"Etnost futuni\",\"publisher\":{\"@id\":\"https:\\\/\\\/www.mithio.com\\\/fi\\\/#organization\"},\"potentialAction\":[{\"@type\":\"SearchAction\",\"target\":{\"@type\":\"EntryPoint\",\"urlTemplate\":\"https:\\\/\\\/www.mithio.com\\\/fi\\\/?s={search_term_string}\"},\"query-input\":{\"@type\":\"PropertyValueSpecification\",\"valueRequired\":true,\"valueName\":\"search_term_string\"}}],\"inLanguage\":\"fi-FI\"},{\"@type\":\"Organization\",\"@id\":\"https:\\\/\\\/www.mithio.com\\\/fi\\\/#organization\",\"name\":\"Mithio\",\"url\":\"https:\\\/\\\/www.mithio.com\\\/fi\\\/\",\"logo\":{\"@type\":\"ImageObject\",\"inLanguage\":\"fi-FI\",\"@id\":\"https:\\\/\\\/www.mithio.com\\\/fi\\\/#\\\/schema\\\/logo\\\/image\\\/\",\"url\":\"https:\\\/\\\/www.mithio.com\\\/wp-content\\\/uploads\\\/2022\\\/05\\\/Mithio_logo.svg\",\"contentUrl\":\"https:\\\/\\\/www.mithio.com\\\/wp-content\\\/uploads\\\/2022\\\/05\\\/Mithio_logo.svg\",\"width\":\"1024\",\"height\":\"1024\",\"caption\":\"Mithio\"},\"image\":{\"@id\":\"https:\\\/\\\/www.mithio.com\\\/fi\\\/#\\\/schema\\\/logo\\\/image\\\/\"},\"sameAs\":[\"https:\\\/\\\/www.facebook.com\\\/MithioBrand\\\/?fref=ts\",\"https:\\\/\\\/www.instagram.com\\\/mithiobrand\\\/\",\"https:\\\/\\\/www.pinterest.com\\\/mithiobrand\\\/\"]}]}<\/script>\n<!-- \/ Yoast SEO plugin. -->","yoast_head_json":{"title":"Villahuivi GUSTAVE LG - Mithio | Clothing","robots":{"index":"index","follow":"follow","max-snippet":"max-snippet:-1","max-image-preview":"max-image-preview:large","max-video-preview":"max-video-preview:-1"},"canonical":"https:\/\/www.mithio.com\/fi\/pood\/huivit\/villahuivi-gustave-lg\/","og_locale":"fi_FI","og_type":"article","og_title":"Villahuivi GUSTAVE LG - Mithio | Clothing","og_description":"Miesten huivin kuvio koostuu kolmesta pienest\u00e4 geometrisesta kuviosta. Kudoksen tyypist\u00e4 riippuen huivi on yhdell\u00e4 puolella tummempi harmahtava beige ja toisella puolella vaaleampi harmahtava beige. Huivi on k\u00e4ytett\u00e4v\u00e4 molempiin suuntiin. Miesten huivi on samankokoinen.  Huivin mitat ovat: pituus ~ 190 cm ja leveys ~ 30 cm.  Koostumus: 100 % merinovillaa  &nbsp;","og_url":"https:\/\/www.mithio.com\/fi\/pood\/huivit\/villahuivi-gustave-lg\/","og_site_name":"Mithio | Clothing","article_publisher":"https:\/\/www.facebook.com\/MithioBrand\/?fref=ts","article_modified_time":"2024-08-01T09:06:43+00:00","og_image":[{"width":1584,"height":2376,"url":"https:\/\/www.mithio.com\/wp-content\/uploads\/2016\/11\/Gustave-1.jpg","type":"image\/jpeg"}],"twitter_card":"summary_large_image","twitter_misc":{"Est. reading time":"1 minute"},"schema":{"@context":"https:\/\/schema.org","@graph":[{"@type":"WebPage","@id":"https:\/\/www.mithio.com\/fi\/pood\/huivit\/villahuivi-gustave-lg\/","url":"https:\/\/www.mithio.com\/fi\/pood\/huivit\/villahuivi-gustave-lg\/","name":"Villahuivi GUSTAVE LG - Mithio | Clothing","isPartOf":{"@id":"https:\/\/www.mithio.com\/fi\/#website"},"primaryImageOfPage":{"@id":"https:\/\/www.mithio.com\/fi\/pood\/huivit\/villahuivi-gustave-lg\/#primaryimage"},"image":{"@id":"https:\/\/www.mithio.com\/fi\/pood\/huivit\/villahuivi-gustave-lg\/#primaryimage"},"thumbnailUrl":"https:\/\/www.mithio.com\/wp-content\/uploads\/2016\/11\/Gustave-1.jpg","datePublished":"2016-11-01T11:59:56+00:00","dateModified":"2024-08-01T09:06:43+00:00","breadcrumb":{"@id":"https:\/\/www.mithio.com\/fi\/pood\/huivit\/villahuivi-gustave-lg\/#breadcrumb"},"inLanguage":"fi-FI","potentialAction":[{"@type":"ReadAction","target":["https:\/\/www.mithio.com\/fi\/pood\/huivit\/villahuivi-gustave-lg\/"]}]},{"@type":"ImageObject","inLanguage":"fi-FI","@id":"https:\/\/www.mithio.com\/fi\/pood\/huivit\/villahuivi-gustave-lg\/#primaryimage","url":"https:\/\/www.mithio.com\/wp-content\/uploads\/2016\/11\/Gustave-1.jpg","contentUrl":"https:\/\/www.mithio.com\/wp-content\/uploads\/2016\/11\/Gustave-1.jpg","width":1584,"height":2376},{"@type":"BreadcrumbList","@id":"https:\/\/www.mithio.com\/fi\/pood\/huivit\/villahuivi-gustave-lg\/#breadcrumb","itemListElement":[{"@type":"ListItem","position":1,"name":"Home","item":"https:\/\/www.mithio.com\/fi\/"},{"@type":"ListItem","position":2,"name":"KAUPPA","item":"https:\/\/www.mithio.com\/pood\/"},{"@type":"ListItem","position":3,"name":"Villahuivi GUSTAVE LG"}]},{"@type":"WebSite","@id":"https:\/\/www.mithio.com\/fi\/#website","url":"https:\/\/www.mithio.com\/fi\/","name":"Mithio | Clothing","description":"Etnost futuni","publisher":{"@id":"https:\/\/www.mithio.com\/fi\/#organization"},"potentialAction":[{"@type":"SearchAction","target":{"@type":"EntryPoint","urlTemplate":"https:\/\/www.mithio.com\/fi\/?s={search_term_string}"},"query-input":{"@type":"PropertyValueSpecification","valueRequired":true,"valueName":"search_term_string"}}],"inLanguage":"fi-FI"},{"@type":"Organization","@id":"https:\/\/www.mithio.com\/fi\/#organization","name":"Mithio","url":"https:\/\/www.mithio.com\/fi\/","logo":{"@type":"ImageObject","inLanguage":"fi-FI","@id":"https:\/\/www.mithio.com\/fi\/#\/schema\/logo\/image\/","url":"https:\/\/www.mithio.com\/wp-content\/uploads\/2022\/05\/Mithio_logo.svg","contentUrl":"https:\/\/www.mithio.com\/wp-content\/uploads\/2022\/05\/Mithio_logo.svg","width":"1024","height":"1024","caption":"Mithio"},"image":{"@id":"https:\/\/www.mithio.com\/fi\/#\/schema\/logo\/image\/"},"sameAs":["https:\/\/www.facebook.com\/MithioBrand\/?fref=ts","https:\/\/www.instagram.com\/mithiobrand\/","https:\/\/www.pinterest.com\/mithiobrand\/"]}]}},"jetpack_sharing_enabled":true,"_links":{"self":[{"href":"https:\/\/www.mithio.com\/fi\/wp-json\/wp\/v2\/product\/12200","targetHints":{"allow":["GET"]}}],"collection":[{"href":"https:\/\/www.mithio.com\/fi\/wp-json\/wp\/v2\/product"}],"about":[{"href":"https:\/\/www.mithio.com\/fi\/wp-json\/wp\/v2\/types\/product"}],"wp:featuredmedia":[{"embeddable":true,"href":"https:\/\/www.mithio.com\/fi\/wp-json\/wp\/v2\/media\/12206"}],"wp:attachment":[{"href":"https:\/\/www.mithio.com\/fi\/wp-json\/wp\/v2\/media?parent=12200"}],"wp:term":[{"taxonomy":"product_brand","embeddable":true,"href":"https:\/\/www.mithio.com\/fi\/wp-json\/wp\/v2\/product_brand?post=12200"},{"taxonomy":"product_cat","embeddable":true,"href":"https:\/\/www.mithio.com\/fi\/wp-json\/wp\/v2\/product_cat?post=12200"},{"taxonomy":"product_tag","embeddable":true,"href":"https:\/\/www.mithio.com\/fi\/wp-json\/wp\/v2\/product_tag?post=12200"}],"curies":[{"name":"wp","href":"https:\/\/api.w.org\/{rel}","templated":true}]}}