{"id":14702,"date":"2022-12-13T16:15:05","date_gmt":"2022-12-13T14:15:07","guid":{"rendered":"https:\/\/www.mithio.com\/?post_type=product&#038;p=14702"},"modified":"2023-03-23T16:27:01","modified_gmt":"2023-03-23T14:27:01","slug":"villaneulehuivi-hannele-wh","status":"publish","type":"product","link":"https:\/\/www.mithio.com\/fi\/pood\/huivit\/villaneulehuivi-hannele-wh\/","title":{"rendered":"Villaneulehuivi HANNELE WH"},"content":{"rendered":"","protected":false},"excerpt":{"rendered":"<p>Miellytt\u00e4v\u00e4n suuri hapsutettu huivi on aika iso ja eritt\u00e4in pehme\u00e4. Runsaat palmikkorivit kulkevat huivilla.<br \/>\nHuivilla on yksi koko ja mitat ovat: pituus ~ 185 cm ja leveys ~ 65 cm.<br \/>\nVilla on itse\u00e4\u00e4n puhdistava luonnonkuitu ja puhdistuu ensisijaisesti tuulettamalla k\u00e4yt\u00f6n j\u00e4lkeen. Tarvittaessa k\u00e4sinpesu tai villapesuohjelmalla viile\u00e4ll\u00e4 vedell\u00e4 ja villanpesuaineella.<br \/>\nSuunniteltu Virossa, valmistettu vastuullisesti Liettuassa.<\/p>\n<p>Koostumus: 100% hienoa lampaanvillaa<\/p>\n<p>V\u00e4ri: luonnonvalkoinen<\/p>\n<p>MITTAUS<br \/>\nHuivilla on yksi koko ja mitat ovat: pituus ~ 185 cm ja leveys ~ 65 cm, hapsut 12 cm<\/p>\n","protected":false},"featured_media":15494,"template":"","meta":{"inline_featured_image":false,"ngg_post_thumbnail":0,"jetpack_post_was_ever_published":false},"product_brand":[],"product_cat":[603],"product_tag":[559,609,607,561,584,616,739,615],"class_list":{"0":"post-14702","1":"product","2":"type-product","3":"status-publish","4":"has-post-thumbnail","6":"product_cat-huivit","7":"product_tag-aran-fi","8":"product_tag-huivi-fi","9":"product_tag-huivi","10":"product_tag-palmikko","11":"product_tag-palmikud-fi","12":"product_tag-pleed-fi","13":"product_tag-sall","14":"product_tag-wrap-fi","15":"pa_info-sall-sobib-ka-meestele-kandmiseks-fi","16":"pa_size-m-fi","18":"first","19":"instock","20":"taxable","21":"shipping-taxable","22":"purchasable","23":"product-type-variable","24":"has-default-attributes"},"exclude_global_add_ons":false,"addons":[{"name":"Tilaan tuotteen lahjapakkauksessa","type":"multiple_choice","position":0,"required":false,"title_format":"heading","description_enable":true,"description":"Paina laatikon kuvaa, jos haluat tuotteen lahjapakkaukseen.","placeholder_enable":false,"placeholder":"","display":"images","restrictions_type":"any_text","adjust_price":false,"price":"","price_type":"flat_fee","restrictions":false,"min":0,"max":0,"options":[{"label":"Mithio lahjapakkaus","price":"3","price_type":"flat_fee","image":10345}]}],"yoast_head":"<!-- This site is optimized with the Yoast SEO plugin v27.3 - https:\/\/yoast.com\/product\/yoast-seo-wordpress\/ -->\n<title>Villaneulehuivi HANNELE WH - Mithio | Clothing<\/title>\n<meta name=\"robots\" content=\"index, follow, max-snippet:-1, max-image-preview:large, max-video-preview:-1\" \/>\n<link rel=\"canonical\" href=\"https:\/\/www.mithio.com\/fi\/pood\/huivit\/villaneulehuivi-hannele-wh\/\" \/>\n<meta property=\"og:locale\" content=\"fi_FI\" \/>\n<meta property=\"og:type\" content=\"article\" \/>\n<meta property=\"og:title\" content=\"Villaneulehuivi HANNELE WH - Mithio | Clothing\" \/>\n<meta property=\"og:description\" content=\"Miellytt\u00e4v\u00e4n suuri hapsutettu huivi on aika iso ja eritt\u00e4in pehme\u00e4. Runsaat palmikkorivit kulkevat huivilla. Huivilla on yksi koko ja mitat ovat: pituus ~ 185 cm ja leveys ~ 65 cm. Villa on itse\u00e4\u00e4n puhdistava luonnonkuitu ja puhdistuu ensisijaisesti tuulettamalla k\u00e4yt\u00f6n j\u00e4lkeen. Tarvittaessa k\u00e4sinpesu tai villapesuohjelmalla viile\u00e4ll\u00e4 vedell\u00e4 ja villanpesuaineella. Suunniteltu Virossa, valmistettu vastuullisesti Liettuassa.  Koostumus: 100% hienoa lampaanvillaa  V\u00e4ri: luonnonvalkoinen  MITTAUS Huivilla on yksi koko ja mitat ovat: pituus ~ 185 cm ja leveys ~ 65 cm, hapsut 12 cm\" \/>\n<meta property=\"og:url\" content=\"https:\/\/www.mithio.com\/fi\/pood\/huivit\/villaneulehuivi-hannele-wh\/\" \/>\n<meta property=\"og:site_name\" content=\"Mithio | Clothing\" \/>\n<meta property=\"article:publisher\" content=\"https:\/\/www.facebook.com\/MithioBrand\/?fref=ts\" \/>\n<meta property=\"article:modified_time\" content=\"2023-03-23T14:27:01+00:00\" \/>\n<meta property=\"og:image\" content=\"https:\/\/www.mithio.com\/wp-content\/uploads\/2022\/12\/HANNELE-shawl.jpg\" \/>\n\t<meta property=\"og:image:width\" content=\"1584\" \/>\n\t<meta property=\"og:image:height\" content=\"2376\" \/>\n\t<meta property=\"og:image:type\" content=\"image\/jpeg\" \/>\n<meta name=\"twitter:card\" content=\"summary_large_image\" \/>\n<script type=\"application\/ld+json\" class=\"yoast-schema-graph\">{\"@context\":\"https:\\\/\\\/schema.org\",\"@graph\":[{\"@type\":\"WebPage\",\"@id\":\"https:\\\/\\\/www.mithio.com\\\/fi\\\/pood\\\/huivit\\\/villaneulehuivi-hannele-wh\\\/\",\"url\":\"https:\\\/\\\/www.mithio.com\\\/fi\\\/pood\\\/huivit\\\/villaneulehuivi-hannele-wh\\\/\",\"name\":\"Villaneulehuivi HANNELE WH - Mithio | Clothing\",\"isPartOf\":{\"@id\":\"https:\\\/\\\/www.mithio.com\\\/fi\\\/#website\"},\"primaryImageOfPage\":{\"@id\":\"https:\\\/\\\/www.mithio.com\\\/fi\\\/pood\\\/huivit\\\/villaneulehuivi-hannele-wh\\\/#primaryimage\"},\"image\":{\"@id\":\"https:\\\/\\\/www.mithio.com\\\/fi\\\/pood\\\/huivit\\\/villaneulehuivi-hannele-wh\\\/#primaryimage\"},\"thumbnailUrl\":\"https:\\\/\\\/www.mithio.com\\\/wp-content\\\/uploads\\\/2022\\\/12\\\/HANNELE-shawl.jpg\",\"datePublished\":\"2022-12-13T14:15:07+00:00\",\"dateModified\":\"2023-03-23T14:27:01+00:00\",\"breadcrumb\":{\"@id\":\"https:\\\/\\\/www.mithio.com\\\/fi\\\/pood\\\/huivit\\\/villaneulehuivi-hannele-wh\\\/#breadcrumb\"},\"inLanguage\":\"fi-FI\",\"potentialAction\":[{\"@type\":\"ReadAction\",\"target\":[\"https:\\\/\\\/www.mithio.com\\\/fi\\\/pood\\\/huivit\\\/villaneulehuivi-hannele-wh\\\/\"]}]},{\"@type\":\"ImageObject\",\"inLanguage\":\"fi-FI\",\"@id\":\"https:\\\/\\\/www.mithio.com\\\/fi\\\/pood\\\/huivit\\\/villaneulehuivi-hannele-wh\\\/#primaryimage\",\"url\":\"https:\\\/\\\/www.mithio.com\\\/wp-content\\\/uploads\\\/2022\\\/12\\\/HANNELE-shawl.jpg\",\"contentUrl\":\"https:\\\/\\\/www.mithio.com\\\/wp-content\\\/uploads\\\/2022\\\/12\\\/HANNELE-shawl.jpg\",\"width\":1584,\"height\":2376,\"caption\":\"HANNELE white\"},{\"@type\":\"BreadcrumbList\",\"@id\":\"https:\\\/\\\/www.mithio.com\\\/fi\\\/pood\\\/huivit\\\/villaneulehuivi-hannele-wh\\\/#breadcrumb\",\"itemListElement\":[{\"@type\":\"ListItem\",\"position\":1,\"name\":\"Home\",\"item\":\"https:\\\/\\\/www.mithio.com\\\/fi\\\/\"},{\"@type\":\"ListItem\",\"position\":2,\"name\":\"KAUPPA\",\"item\":\"https:\\\/\\\/www.mithio.com\\\/pood\\\/\"},{\"@type\":\"ListItem\",\"position\":3,\"name\":\"Villaneulehuivi HANNELE WH\"}]},{\"@type\":\"WebSite\",\"@id\":\"https:\\\/\\\/www.mithio.com\\\/fi\\\/#website\",\"url\":\"https:\\\/\\\/www.mithio.com\\\/fi\\\/\",\"name\":\"Mithio | Clothing\",\"description\":\"Etnost futuni\",\"publisher\":{\"@id\":\"https:\\\/\\\/www.mithio.com\\\/fi\\\/#organization\"},\"potentialAction\":[{\"@type\":\"SearchAction\",\"target\":{\"@type\":\"EntryPoint\",\"urlTemplate\":\"https:\\\/\\\/www.mithio.com\\\/fi\\\/?s={search_term_string}\"},\"query-input\":{\"@type\":\"PropertyValueSpecification\",\"valueRequired\":true,\"valueName\":\"search_term_string\"}}],\"inLanguage\":\"fi-FI\"},{\"@type\":\"Organization\",\"@id\":\"https:\\\/\\\/www.mithio.com\\\/fi\\\/#organization\",\"name\":\"Mithio\",\"url\":\"https:\\\/\\\/www.mithio.com\\\/fi\\\/\",\"logo\":{\"@type\":\"ImageObject\",\"inLanguage\":\"fi-FI\",\"@id\":\"https:\\\/\\\/www.mithio.com\\\/fi\\\/#\\\/schema\\\/logo\\\/image\\\/\",\"url\":\"https:\\\/\\\/www.mithio.com\\\/wp-content\\\/uploads\\\/2022\\\/05\\\/Mithio_logo.svg\",\"contentUrl\":\"https:\\\/\\\/www.mithio.com\\\/wp-content\\\/uploads\\\/2022\\\/05\\\/Mithio_logo.svg\",\"width\":\"1024\",\"height\":\"1024\",\"caption\":\"Mithio\"},\"image\":{\"@id\":\"https:\\\/\\\/www.mithio.com\\\/fi\\\/#\\\/schema\\\/logo\\\/image\\\/\"},\"sameAs\":[\"https:\\\/\\\/www.facebook.com\\\/MithioBrand\\\/?fref=ts\",\"https:\\\/\\\/www.instagram.com\\\/mithiobrand\\\/\",\"https:\\\/\\\/www.pinterest.com\\\/mithiobrand\\\/\"]}]}<\/script>\n<!-- \/ Yoast SEO plugin. -->","yoast_head_json":{"title":"Villaneulehuivi HANNELE WH - Mithio | Clothing","robots":{"index":"index","follow":"follow","max-snippet":"max-snippet:-1","max-image-preview":"max-image-preview:large","max-video-preview":"max-video-preview:-1"},"canonical":"https:\/\/www.mithio.com\/fi\/pood\/huivit\/villaneulehuivi-hannele-wh\/","og_locale":"fi_FI","og_type":"article","og_title":"Villaneulehuivi HANNELE WH - Mithio | Clothing","og_description":"Miellytt\u00e4v\u00e4n suuri hapsutettu huivi on aika iso ja eritt\u00e4in pehme\u00e4. Runsaat palmikkorivit kulkevat huivilla. Huivilla on yksi koko ja mitat ovat: pituus ~ 185 cm ja leveys ~ 65 cm. Villa on itse\u00e4\u00e4n puhdistava luonnonkuitu ja puhdistuu ensisijaisesti tuulettamalla k\u00e4yt\u00f6n j\u00e4lkeen. Tarvittaessa k\u00e4sinpesu tai villapesuohjelmalla viile\u00e4ll\u00e4 vedell\u00e4 ja villanpesuaineella. Suunniteltu Virossa, valmistettu vastuullisesti Liettuassa.  Koostumus: 100% hienoa lampaanvillaa  V\u00e4ri: luonnonvalkoinen  MITTAUS Huivilla on yksi koko ja mitat ovat: pituus ~ 185 cm ja leveys ~ 65 cm, hapsut 12 cm","og_url":"https:\/\/www.mithio.com\/fi\/pood\/huivit\/villaneulehuivi-hannele-wh\/","og_site_name":"Mithio | Clothing","article_publisher":"https:\/\/www.facebook.com\/MithioBrand\/?fref=ts","article_modified_time":"2023-03-23T14:27:01+00:00","og_image":[{"width":1584,"height":2376,"url":"https:\/\/www.mithio.com\/wp-content\/uploads\/2022\/12\/HANNELE-shawl.jpg","type":"image\/jpeg"}],"twitter_card":"summary_large_image","schema":{"@context":"https:\/\/schema.org","@graph":[{"@type":"WebPage","@id":"https:\/\/www.mithio.com\/fi\/pood\/huivit\/villaneulehuivi-hannele-wh\/","url":"https:\/\/www.mithio.com\/fi\/pood\/huivit\/villaneulehuivi-hannele-wh\/","name":"Villaneulehuivi HANNELE WH - Mithio | Clothing","isPartOf":{"@id":"https:\/\/www.mithio.com\/fi\/#website"},"primaryImageOfPage":{"@id":"https:\/\/www.mithio.com\/fi\/pood\/huivit\/villaneulehuivi-hannele-wh\/#primaryimage"},"image":{"@id":"https:\/\/www.mithio.com\/fi\/pood\/huivit\/villaneulehuivi-hannele-wh\/#primaryimage"},"thumbnailUrl":"https:\/\/www.mithio.com\/wp-content\/uploads\/2022\/12\/HANNELE-shawl.jpg","datePublished":"2022-12-13T14:15:07+00:00","dateModified":"2023-03-23T14:27:01+00:00","breadcrumb":{"@id":"https:\/\/www.mithio.com\/fi\/pood\/huivit\/villaneulehuivi-hannele-wh\/#breadcrumb"},"inLanguage":"fi-FI","potentialAction":[{"@type":"ReadAction","target":["https:\/\/www.mithio.com\/fi\/pood\/huivit\/villaneulehuivi-hannele-wh\/"]}]},{"@type":"ImageObject","inLanguage":"fi-FI","@id":"https:\/\/www.mithio.com\/fi\/pood\/huivit\/villaneulehuivi-hannele-wh\/#primaryimage","url":"https:\/\/www.mithio.com\/wp-content\/uploads\/2022\/12\/HANNELE-shawl.jpg","contentUrl":"https:\/\/www.mithio.com\/wp-content\/uploads\/2022\/12\/HANNELE-shawl.jpg","width":1584,"height":2376,"caption":"HANNELE white"},{"@type":"BreadcrumbList","@id":"https:\/\/www.mithio.com\/fi\/pood\/huivit\/villaneulehuivi-hannele-wh\/#breadcrumb","itemListElement":[{"@type":"ListItem","position":1,"name":"Home","item":"https:\/\/www.mithio.com\/fi\/"},{"@type":"ListItem","position":2,"name":"KAUPPA","item":"https:\/\/www.mithio.com\/pood\/"},{"@type":"ListItem","position":3,"name":"Villaneulehuivi HANNELE WH"}]},{"@type":"WebSite","@id":"https:\/\/www.mithio.com\/fi\/#website","url":"https:\/\/www.mithio.com\/fi\/","name":"Mithio | Clothing","description":"Etnost futuni","publisher":{"@id":"https:\/\/www.mithio.com\/fi\/#organization"},"potentialAction":[{"@type":"SearchAction","target":{"@type":"EntryPoint","urlTemplate":"https:\/\/www.mithio.com\/fi\/?s={search_term_string}"},"query-input":{"@type":"PropertyValueSpecification","valueRequired":true,"valueName":"search_term_string"}}],"inLanguage":"fi-FI"},{"@type":"Organization","@id":"https:\/\/www.mithio.com\/fi\/#organization","name":"Mithio","url":"https:\/\/www.mithio.com\/fi\/","logo":{"@type":"ImageObject","inLanguage":"fi-FI","@id":"https:\/\/www.mithio.com\/fi\/#\/schema\/logo\/image\/","url":"https:\/\/www.mithio.com\/wp-content\/uploads\/2022\/05\/Mithio_logo.svg","contentUrl":"https:\/\/www.mithio.com\/wp-content\/uploads\/2022\/05\/Mithio_logo.svg","width":"1024","height":"1024","caption":"Mithio"},"image":{"@id":"https:\/\/www.mithio.com\/fi\/#\/schema\/logo\/image\/"},"sameAs":["https:\/\/www.facebook.com\/MithioBrand\/?fref=ts","https:\/\/www.instagram.com\/mithiobrand\/","https:\/\/www.pinterest.com\/mithiobrand\/"]}]}},"jetpack_sharing_enabled":true,"_links":{"self":[{"href":"https:\/\/www.mithio.com\/fi\/wp-json\/wp\/v2\/product\/14702","targetHints":{"allow":["GET"]}}],"collection":[{"href":"https:\/\/www.mithio.com\/fi\/wp-json\/wp\/v2\/product"}],"about":[{"href":"https:\/\/www.mithio.com\/fi\/wp-json\/wp\/v2\/types\/product"}],"wp:featuredmedia":[{"embeddable":true,"href":"https:\/\/www.mithio.com\/fi\/wp-json\/wp\/v2\/media\/15494"}],"wp:attachment":[{"href":"https:\/\/www.mithio.com\/fi\/wp-json\/wp\/v2\/media?parent=14702"}],"wp:term":[{"taxonomy":"product_brand","embeddable":true,"href":"https:\/\/www.mithio.com\/fi\/wp-json\/wp\/v2\/product_brand?post=14702"},{"taxonomy":"product_cat","embeddable":true,"href":"https:\/\/www.mithio.com\/fi\/wp-json\/wp\/v2\/product_cat?post=14702"},{"taxonomy":"product_tag","embeddable":true,"href":"https:\/\/www.mithio.com\/fi\/wp-json\/wp\/v2\/product_tag?post=14702"}],"curies":[{"name":"wp","href":"https:\/\/api.w.org\/{rel}","templated":true}]}}