{"id":15623,"date":"2023-10-23T15:59:02","date_gmt":"2023-10-23T12:59:02","guid":{"rendered":"https:\/\/www.mithio.com\/?post_type=product&#038;p=15623"},"modified":"2025-10-20T19:07:36","modified_gmt":"2025-10-20T16:07:36","slug":"villaneule-astrid-gr","status":"publish","type":"product","link":"https:\/\/www.mithio.com\/fi\/pood\/naiset\/villaneule-astrid-gr\/","title":{"rendered":"Villaneule ASTRID GR"},"content":{"rendered":"","protected":false},"excerpt":{"rendered":"<p>Naisten rento, keskipaksu l\u00e4mmin ja ihanan pehme\u00e4 villapaita on kudottu ripsikuosilla. Korkea kaulus. Reilu mitoitus \u2013 jos haluat paidasta istuvamman, voit valita normaalia pienemm\u00e4n koon. Malli sopii yht\u00e4 hyvin lyhyelle ja pitk\u00e4lle.<br \/>\nSuunniteltu Virossa, valmistettu vastuullisesti Liettuassa<\/p>\n<p>Koostumus: 100% hieno lampaanvillaa<\/p>\n<p>V\u00e4ri: melange harmaa<\/p>\n<p>MITTAUS<br \/>\nKatso kokotaulukkokuvasta tuotteen tasomitat. Voit mitata ja verrata niit\u00e4 samanlaiseen villapaitaan, l\u00f6yt\u00e4\u00e4ksesi sopivan koon.<\/p>\n","protected":false},"featured_media":15634,"template":"","meta":{"inline_featured_image":false,"ngg_post_thumbnail":0,"jetpack_post_was_ever_published":false},"product_brand":[],"product_cat":[730,503],"product_tag":[523,524,647,527,530,520,533],"class_list":{"0":"post-15623","1":"product","2":"type-product","3":"status-publish","4":"has-post-thumbnail","6":"product_cat-outlet","7":"product_cat-naiset","8":"product_tag-lambswool-fi","9":"product_tag-naiste-villane-kampsun-fi","10":"product_tag-naisten-neule","11":"product_tag-soft-wool-fi","12":"product_tag-villane-kampsun-fi","13":"product_tag-villaneule","14":"product_tag-wool-fi","15":"pa_size-l-fi","16":"pa_size-m-fi","17":"pa_size-s-fi","18":"pa_size-xl-fi","19":"pa_size-xs-fi","21":"first","22":"outofstock","23":"sale","24":"taxable","25":"shipping-taxable","26":"purchasable","27":"product-type-variable","28":"has-default-attributes"},"exclude_global_add_ons":false,"addons":[{"name":"Tilaan tuotteen lahjapakkauksessa","type":"multiple_choice","position":0,"required":false,"title_format":"heading","description_enable":true,"description":"Paina laatikon kuvaa, jos haluat tuotteen lahjapakkaukseen.","placeholder_enable":false,"placeholder":"","display":"images","restrictions_type":"any_text","adjust_price":false,"price":"","price_type":"flat_fee","restrictions":false,"min":0,"max":0,"options":[{"label":"Mithio lahjapakkaus","price":"3","price_type":"flat_fee","image":10345}]}],"yoast_head":"<!-- This site is optimized with the Yoast SEO plugin v27.3 - https:\/\/yoast.com\/product\/yoast-seo-wordpress\/ -->\n<title>Villaneule ASTRID GR - Mithio | Clothing<\/title>\n<meta name=\"robots\" content=\"index, follow, max-snippet:-1, max-image-preview:large, max-video-preview:-1\" \/>\n<link rel=\"canonical\" href=\"https:\/\/www.mithio.com\/fi\/pood\/naiset\/villaneule-astrid-gr\/\" \/>\n<meta property=\"og:locale\" content=\"fi_FI\" \/>\n<meta property=\"og:type\" content=\"article\" \/>\n<meta property=\"og:title\" content=\"Villaneule ASTRID GR - Mithio | Clothing\" \/>\n<meta property=\"og:description\" content=\"Naisten rento, keskipaksu l\u00e4mmin ja ihanan pehme\u00e4 villapaita on kudottu ripsikuosilla. Korkea kaulus. Reilu mitoitus \u2013 jos haluat paidasta istuvamman, voit valita normaalia pienemm\u00e4n koon. Malli sopii yht\u00e4 hyvin lyhyelle ja pitk\u00e4lle. Suunniteltu Virossa, valmistettu vastuullisesti Liettuassa  Koostumus: 100% hieno lampaanvillaa  V\u00e4ri: melange harmaa  MITTAUS Katso kokotaulukkokuvasta tuotteen tasomitat. Voit mitata ja verrata niit\u00e4 samanlaiseen villapaitaan, l\u00f6yt\u00e4\u00e4ksesi sopivan koon.\" \/>\n<meta property=\"og:url\" content=\"https:\/\/www.mithio.com\/fi\/pood\/naiset\/villaneule-astrid-gr\/\" \/>\n<meta property=\"og:site_name\" content=\"Mithio | Clothing\" \/>\n<meta property=\"article:publisher\" content=\"https:\/\/www.facebook.com\/MithioBrand\/?fref=ts\" \/>\n<meta property=\"article:modified_time\" content=\"2025-10-20T16:07:36+00:00\" \/>\n<meta property=\"og:image\" content=\"https:\/\/www.mithio.com\/wp-content\/uploads\/2023\/10\/ASTRID-GREY--683x1024.jpg\" \/>\n\t<meta property=\"og:image:width\" content=\"683\" \/>\n\t<meta property=\"og:image:height\" content=\"1024\" \/>\n\t<meta property=\"og:image:type\" content=\"image\/jpeg\" \/>\n<meta name=\"twitter:card\" content=\"summary_large_image\" \/>\n<script type=\"application\/ld+json\" class=\"yoast-schema-graph\">{\"@context\":\"https:\\\/\\\/schema.org\",\"@graph\":[{\"@type\":\"WebPage\",\"@id\":\"https:\\\/\\\/www.mithio.com\\\/fi\\\/pood\\\/naiset\\\/villaneule-astrid-gr\\\/\",\"url\":\"https:\\\/\\\/www.mithio.com\\\/fi\\\/pood\\\/naiset\\\/villaneule-astrid-gr\\\/\",\"name\":\"Villaneule ASTRID GR - Mithio | Clothing\",\"isPartOf\":{\"@id\":\"https:\\\/\\\/www.mithio.com\\\/fi\\\/#website\"},\"primaryImageOfPage\":{\"@id\":\"https:\\\/\\\/www.mithio.com\\\/fi\\\/pood\\\/naiset\\\/villaneule-astrid-gr\\\/#primaryimage\"},\"image\":{\"@id\":\"https:\\\/\\\/www.mithio.com\\\/fi\\\/pood\\\/naiset\\\/villaneule-astrid-gr\\\/#primaryimage\"},\"thumbnailUrl\":\"https:\\\/\\\/www.mithio.com\\\/wp-content\\\/uploads\\\/2023\\\/10\\\/ASTRID-GREY-.jpg\",\"datePublished\":\"2023-10-23T12:59:02+00:00\",\"dateModified\":\"2025-10-20T16:07:36+00:00\",\"breadcrumb\":{\"@id\":\"https:\\\/\\\/www.mithio.com\\\/fi\\\/pood\\\/naiset\\\/villaneule-astrid-gr\\\/#breadcrumb\"},\"inLanguage\":\"fi-FI\",\"potentialAction\":[{\"@type\":\"ReadAction\",\"target\":[\"https:\\\/\\\/www.mithio.com\\\/fi\\\/pood\\\/naiset\\\/villaneule-astrid-gr\\\/\"]}]},{\"@type\":\"ImageObject\",\"inLanguage\":\"fi-FI\",\"@id\":\"https:\\\/\\\/www.mithio.com\\\/fi\\\/pood\\\/naiset\\\/villaneule-astrid-gr\\\/#primaryimage\",\"url\":\"https:\\\/\\\/www.mithio.com\\\/wp-content\\\/uploads\\\/2023\\\/10\\\/ASTRID-GREY-.jpg\",\"contentUrl\":\"https:\\\/\\\/www.mithio.com\\\/wp-content\\\/uploads\\\/2023\\\/10\\\/ASTRID-GREY-.jpg\",\"width\":1584,\"height\":2376,\"caption\":\"ASTRID sweater\"},{\"@type\":\"BreadcrumbList\",\"@id\":\"https:\\\/\\\/www.mithio.com\\\/fi\\\/pood\\\/naiset\\\/villaneule-astrid-gr\\\/#breadcrumb\",\"itemListElement\":[{\"@type\":\"ListItem\",\"position\":1,\"name\":\"Home\",\"item\":\"https:\\\/\\\/www.mithio.com\\\/fi\\\/\"},{\"@type\":\"ListItem\",\"position\":2,\"name\":\"KAUPPA\",\"item\":\"https:\\\/\\\/www.mithio.com\\\/pood\\\/\"},{\"@type\":\"ListItem\",\"position\":3,\"name\":\"Villaneule ASTRID GR\"}]},{\"@type\":\"WebSite\",\"@id\":\"https:\\\/\\\/www.mithio.com\\\/fi\\\/#website\",\"url\":\"https:\\\/\\\/www.mithio.com\\\/fi\\\/\",\"name\":\"Mithio | Clothing\",\"description\":\"Etnost futuni\",\"publisher\":{\"@id\":\"https:\\\/\\\/www.mithio.com\\\/fi\\\/#organization\"},\"potentialAction\":[{\"@type\":\"SearchAction\",\"target\":{\"@type\":\"EntryPoint\",\"urlTemplate\":\"https:\\\/\\\/www.mithio.com\\\/fi\\\/?s={search_term_string}\"},\"query-input\":{\"@type\":\"PropertyValueSpecification\",\"valueRequired\":true,\"valueName\":\"search_term_string\"}}],\"inLanguage\":\"fi-FI\"},{\"@type\":\"Organization\",\"@id\":\"https:\\\/\\\/www.mithio.com\\\/fi\\\/#organization\",\"name\":\"Mithio\",\"url\":\"https:\\\/\\\/www.mithio.com\\\/fi\\\/\",\"logo\":{\"@type\":\"ImageObject\",\"inLanguage\":\"fi-FI\",\"@id\":\"https:\\\/\\\/www.mithio.com\\\/fi\\\/#\\\/schema\\\/logo\\\/image\\\/\",\"url\":\"https:\\\/\\\/www.mithio.com\\\/wp-content\\\/uploads\\\/2022\\\/05\\\/Mithio_logo.svg\",\"contentUrl\":\"https:\\\/\\\/www.mithio.com\\\/wp-content\\\/uploads\\\/2022\\\/05\\\/Mithio_logo.svg\",\"width\":\"1024\",\"height\":\"1024\",\"caption\":\"Mithio\"},\"image\":{\"@id\":\"https:\\\/\\\/www.mithio.com\\\/fi\\\/#\\\/schema\\\/logo\\\/image\\\/\"},\"sameAs\":[\"https:\\\/\\\/www.facebook.com\\\/MithioBrand\\\/?fref=ts\",\"https:\\\/\\\/www.instagram.com\\\/mithiobrand\\\/\",\"https:\\\/\\\/www.pinterest.com\\\/mithiobrand\\\/\"]}]}<\/script>\n<!-- \/ Yoast SEO plugin. -->","yoast_head_json":{"title":"Villaneule ASTRID GR - Mithio | Clothing","robots":{"index":"index","follow":"follow","max-snippet":"max-snippet:-1","max-image-preview":"max-image-preview:large","max-video-preview":"max-video-preview:-1"},"canonical":"https:\/\/www.mithio.com\/fi\/pood\/naiset\/villaneule-astrid-gr\/","og_locale":"fi_FI","og_type":"article","og_title":"Villaneule ASTRID GR - Mithio | Clothing","og_description":"Naisten rento, keskipaksu l\u00e4mmin ja ihanan pehme\u00e4 villapaita on kudottu ripsikuosilla. Korkea kaulus. Reilu mitoitus \u2013 jos haluat paidasta istuvamman, voit valita normaalia pienemm\u00e4n koon. Malli sopii yht\u00e4 hyvin lyhyelle ja pitk\u00e4lle. Suunniteltu Virossa, valmistettu vastuullisesti Liettuassa  Koostumus: 100% hieno lampaanvillaa  V\u00e4ri: melange harmaa  MITTAUS Katso kokotaulukkokuvasta tuotteen tasomitat. Voit mitata ja verrata niit\u00e4 samanlaiseen villapaitaan, l\u00f6yt\u00e4\u00e4ksesi sopivan koon.","og_url":"https:\/\/www.mithio.com\/fi\/pood\/naiset\/villaneule-astrid-gr\/","og_site_name":"Mithio | Clothing","article_publisher":"https:\/\/www.facebook.com\/MithioBrand\/?fref=ts","article_modified_time":"2025-10-20T16:07:36+00:00","og_image":[{"width":683,"height":1024,"url":"https:\/\/www.mithio.com\/wp-content\/uploads\/2023\/10\/ASTRID-GREY--683x1024.jpg","type":"image\/jpeg"}],"twitter_card":"summary_large_image","schema":{"@context":"https:\/\/schema.org","@graph":[{"@type":"WebPage","@id":"https:\/\/www.mithio.com\/fi\/pood\/naiset\/villaneule-astrid-gr\/","url":"https:\/\/www.mithio.com\/fi\/pood\/naiset\/villaneule-astrid-gr\/","name":"Villaneule ASTRID GR - Mithio | Clothing","isPartOf":{"@id":"https:\/\/www.mithio.com\/fi\/#website"},"primaryImageOfPage":{"@id":"https:\/\/www.mithio.com\/fi\/pood\/naiset\/villaneule-astrid-gr\/#primaryimage"},"image":{"@id":"https:\/\/www.mithio.com\/fi\/pood\/naiset\/villaneule-astrid-gr\/#primaryimage"},"thumbnailUrl":"https:\/\/www.mithio.com\/wp-content\/uploads\/2023\/10\/ASTRID-GREY-.jpg","datePublished":"2023-10-23T12:59:02+00:00","dateModified":"2025-10-20T16:07:36+00:00","breadcrumb":{"@id":"https:\/\/www.mithio.com\/fi\/pood\/naiset\/villaneule-astrid-gr\/#breadcrumb"},"inLanguage":"fi-FI","potentialAction":[{"@type":"ReadAction","target":["https:\/\/www.mithio.com\/fi\/pood\/naiset\/villaneule-astrid-gr\/"]}]},{"@type":"ImageObject","inLanguage":"fi-FI","@id":"https:\/\/www.mithio.com\/fi\/pood\/naiset\/villaneule-astrid-gr\/#primaryimage","url":"https:\/\/www.mithio.com\/wp-content\/uploads\/2023\/10\/ASTRID-GREY-.jpg","contentUrl":"https:\/\/www.mithio.com\/wp-content\/uploads\/2023\/10\/ASTRID-GREY-.jpg","width":1584,"height":2376,"caption":"ASTRID sweater"},{"@type":"BreadcrumbList","@id":"https:\/\/www.mithio.com\/fi\/pood\/naiset\/villaneule-astrid-gr\/#breadcrumb","itemListElement":[{"@type":"ListItem","position":1,"name":"Home","item":"https:\/\/www.mithio.com\/fi\/"},{"@type":"ListItem","position":2,"name":"KAUPPA","item":"https:\/\/www.mithio.com\/pood\/"},{"@type":"ListItem","position":3,"name":"Villaneule ASTRID GR"}]},{"@type":"WebSite","@id":"https:\/\/www.mithio.com\/fi\/#website","url":"https:\/\/www.mithio.com\/fi\/","name":"Mithio | Clothing","description":"Etnost futuni","publisher":{"@id":"https:\/\/www.mithio.com\/fi\/#organization"},"potentialAction":[{"@type":"SearchAction","target":{"@type":"EntryPoint","urlTemplate":"https:\/\/www.mithio.com\/fi\/?s={search_term_string}"},"query-input":{"@type":"PropertyValueSpecification","valueRequired":true,"valueName":"search_term_string"}}],"inLanguage":"fi-FI"},{"@type":"Organization","@id":"https:\/\/www.mithio.com\/fi\/#organization","name":"Mithio","url":"https:\/\/www.mithio.com\/fi\/","logo":{"@type":"ImageObject","inLanguage":"fi-FI","@id":"https:\/\/www.mithio.com\/fi\/#\/schema\/logo\/image\/","url":"https:\/\/www.mithio.com\/wp-content\/uploads\/2022\/05\/Mithio_logo.svg","contentUrl":"https:\/\/www.mithio.com\/wp-content\/uploads\/2022\/05\/Mithio_logo.svg","width":"1024","height":"1024","caption":"Mithio"},"image":{"@id":"https:\/\/www.mithio.com\/fi\/#\/schema\/logo\/image\/"},"sameAs":["https:\/\/www.facebook.com\/MithioBrand\/?fref=ts","https:\/\/www.instagram.com\/mithiobrand\/","https:\/\/www.pinterest.com\/mithiobrand\/"]}]}},"jetpack_sharing_enabled":true,"_links":{"self":[{"href":"https:\/\/www.mithio.com\/fi\/wp-json\/wp\/v2\/product\/15623","targetHints":{"allow":["GET"]}}],"collection":[{"href":"https:\/\/www.mithio.com\/fi\/wp-json\/wp\/v2\/product"}],"about":[{"href":"https:\/\/www.mithio.com\/fi\/wp-json\/wp\/v2\/types\/product"}],"wp:featuredmedia":[{"embeddable":true,"href":"https:\/\/www.mithio.com\/fi\/wp-json\/wp\/v2\/media\/15634"}],"wp:attachment":[{"href":"https:\/\/www.mithio.com\/fi\/wp-json\/wp\/v2\/media?parent=15623"}],"wp:term":[{"taxonomy":"product_brand","embeddable":true,"href":"https:\/\/www.mithio.com\/fi\/wp-json\/wp\/v2\/product_brand?post=15623"},{"taxonomy":"product_cat","embeddable":true,"href":"https:\/\/www.mithio.com\/fi\/wp-json\/wp\/v2\/product_cat?post=15623"},{"taxonomy":"product_tag","embeddable":true,"href":"https:\/\/www.mithio.com\/fi\/wp-json\/wp\/v2\/product_tag?post=15623"}],"curies":[{"name":"wp","href":"https:\/\/api.w.org\/{rel}","templated":true}]}}