{"id":15850,"date":"2023-10-30T20:56:50","date_gmt":"2023-10-30T18:56:50","guid":{"rendered":"https:\/\/www.mithio.com\/pood\/villaneule-juss-je\/"},"modified":"2025-10-20T19:09:13","modified_gmt":"2025-10-20T16:09:13","slug":"villaneule-juss-je","status":"publish","type":"product","link":"https:\/\/www.mithio.com\/fi\/pood\/miehet\/villaneule-juss-je\/","title":{"rendered":"Villaneule JUSS JE"},"content":{"rendered":"","protected":false},"excerpt":{"rendered":"<p>Juss mallilla on py\u00f6re\u00e4 p\u00e4\u00e4nitie. Se on kevyt, hyvin l\u00e4mmin ja pehme\u00e4 villapaita. Neulepuserossa on kokonaan pienet palmikot.<br \/>\nNormaali mitoitus.<br \/>\nVilla on itse\u00e4\u00e4n puhdistava luonnonkuitu ja puhdistuu ensisijaisesti tuulettamalla k\u00e4yt\u00f6n j\u00e4lkeen.<br \/>\nSuunniteltu Virossa, valmistettu vastuullisesti Liettuassa.<\/p>\n<p>Koostumus: 100% hieno merinovillaa<\/p>\n<p>V\u00e4ri: jeans<\/p>\n<p>MITTAUS<br \/>\nKatso kokotaulukkokuvasta tuotteen tasomitat. Voit mitata ja verrata niit\u00e4 samanlaiseen villapaitaan, l\u00f6yt\u00e4\u00e4ksesi sopivan koon.<\/p>\n","protected":false},"featured_media":15803,"template":"","meta":{"inline_featured_image":false,"ngg_post_thumbnail":0,"jetpack_post_was_ever_published":false},"product_brand":[],"product_cat":[565],"product_tag":[699,734,506,568,698,569,562,527,510,701,686,530,700],"class_list":{"0":"post-15850","1":"product","2":"type-product","3":"status-publish","4":"has-post-thumbnail","6":"product_cat-miehet","7":"product_tag-crewneck-sweater-fi","8":"product_tag-kingitus-mehele","9":"product_tag-kootud-kampsun-fi","10":"product_tag-miehet","11":"product_tag-miesten-neule-fi-2","12":"product_tag-miesten-neule","13":"product_tag-palmikkokuosi","14":"product_tag-soft-wool-fi","15":"product_tag-sweater-fi","16":"product_tag-ullgenser-fi","17":"product_tag-ulltroja-fi","18":"product_tag-villane-kampsun-fi","19":"product_tag-vilnas-dzemperis-fi","20":"pa_size-l-fi","21":"pa_size-m-fi","22":"pa_size-xl-fi","23":"pa_size-xxl-fi","25":"first","26":"instock","27":"taxable","28":"shipping-taxable","29":"purchasable","30":"product-type-variable","31":"has-default-attributes"},"exclude_global_add_ons":false,"addons":[{"name":"Tilaan tuotteen lahjapakkauksessa","type":"multiple_choice","position":0,"required":false,"title_format":"heading","description_enable":true,"description":"Paina laatikon kuvaa, jos haluat tuotteen lahjapakkaukseen.","placeholder_enable":false,"placeholder":"","display":"images","restrictions_type":"any_text","adjust_price":false,"price":"","price_type":"flat_fee","restrictions":false,"min":0,"max":0,"options":[{"label":"Mithio lahjapakkaus","price":"3","price_type":"flat_fee","image":10345}]}],"yoast_head":"<!-- This site is optimized with the Yoast SEO plugin v27.3 - https:\/\/yoast.com\/product\/yoast-seo-wordpress\/ -->\n<title>Villaneule JUSS JE - Mithio | Clothing<\/title>\n<meta name=\"robots\" content=\"index, follow, max-snippet:-1, max-image-preview:large, max-video-preview:-1\" \/>\n<link rel=\"canonical\" href=\"https:\/\/www.mithio.com\/fi\/pood\/miehet\/villaneule-juss-je\/\" \/>\n<meta property=\"og:locale\" content=\"fi_FI\" \/>\n<meta property=\"og:type\" content=\"article\" \/>\n<meta property=\"og:title\" content=\"Villaneule JUSS JE - Mithio | Clothing\" \/>\n<meta property=\"og:description\" content=\"Juss mallilla on py\u00f6re\u00e4 p\u00e4\u00e4nitie. Se on kevyt, hyvin l\u00e4mmin ja pehme\u00e4 villapaita. Neulepuserossa on kokonaan pienet palmikot. Normaali mitoitus. Villa on itse\u00e4\u00e4n puhdistava luonnonkuitu ja puhdistuu ensisijaisesti tuulettamalla k\u00e4yt\u00f6n j\u00e4lkeen. Suunniteltu Virossa, valmistettu vastuullisesti Liettuassa.  Koostumus: 100% hieno merinovillaa  V\u00e4ri: jeans  MITTAUS Katso kokotaulukkokuvasta tuotteen tasomitat. Voit mitata ja verrata niit\u00e4 samanlaiseen villapaitaan, l\u00f6yt\u00e4\u00e4ksesi sopivan koon.\" \/>\n<meta property=\"og:url\" content=\"https:\/\/www.mithio.com\/fi\/pood\/miehet\/villaneule-juss-je\/\" \/>\n<meta property=\"og:site_name\" content=\"Mithio | Clothing\" \/>\n<meta property=\"article:publisher\" content=\"https:\/\/www.facebook.com\/MithioBrand\/?fref=ts\" \/>\n<meta property=\"article:modified_time\" content=\"2025-10-20T16:09:13+00:00\" \/>\n<meta property=\"og:image\" content=\"https:\/\/www.mithio.com\/wp-content\/uploads\/2023\/10\/JUSS-jeans-683x1024.jpg\" \/>\n\t<meta property=\"og:image:width\" content=\"683\" \/>\n\t<meta property=\"og:image:height\" content=\"1024\" \/>\n\t<meta property=\"og:image:type\" content=\"image\/jpeg\" \/>\n<meta name=\"twitter:card\" content=\"summary_large_image\" \/>\n<script type=\"application\/ld+json\" class=\"yoast-schema-graph\">{\"@context\":\"https:\\\/\\\/schema.org\",\"@graph\":[{\"@type\":\"WebPage\",\"@id\":\"https:\\\/\\\/www.mithio.com\\\/fi\\\/pood\\\/miehet\\\/villaneule-juss-je\\\/\",\"url\":\"https:\\\/\\\/www.mithio.com\\\/fi\\\/pood\\\/miehet\\\/villaneule-juss-je\\\/\",\"name\":\"Villaneule JUSS JE - Mithio | Clothing\",\"isPartOf\":{\"@id\":\"https:\\\/\\\/www.mithio.com\\\/fi\\\/#website\"},\"primaryImageOfPage\":{\"@id\":\"https:\\\/\\\/www.mithio.com\\\/fi\\\/pood\\\/miehet\\\/villaneule-juss-je\\\/#primaryimage\"},\"image\":{\"@id\":\"https:\\\/\\\/www.mithio.com\\\/fi\\\/pood\\\/miehet\\\/villaneule-juss-je\\\/#primaryimage\"},\"thumbnailUrl\":\"https:\\\/\\\/www.mithio.com\\\/wp-content\\\/uploads\\\/2023\\\/10\\\/JUSS-jeans.jpg\",\"datePublished\":\"2023-10-30T18:56:50+00:00\",\"dateModified\":\"2025-10-20T16:09:13+00:00\",\"breadcrumb\":{\"@id\":\"https:\\\/\\\/www.mithio.com\\\/fi\\\/pood\\\/miehet\\\/villaneule-juss-je\\\/#breadcrumb\"},\"inLanguage\":\"fi-FI\",\"potentialAction\":[{\"@type\":\"ReadAction\",\"target\":[\"https:\\\/\\\/www.mithio.com\\\/fi\\\/pood\\\/miehet\\\/villaneule-juss-je\\\/\"]}]},{\"@type\":\"ImageObject\",\"inLanguage\":\"fi-FI\",\"@id\":\"https:\\\/\\\/www.mithio.com\\\/fi\\\/pood\\\/miehet\\\/villaneule-juss-je\\\/#primaryimage\",\"url\":\"https:\\\/\\\/www.mithio.com\\\/wp-content\\\/uploads\\\/2023\\\/10\\\/JUSS-jeans.jpg\",\"contentUrl\":\"https:\\\/\\\/www.mithio.com\\\/wp-content\\\/uploads\\\/2023\\\/10\\\/JUSS-jeans.jpg\",\"width\":1584,\"height\":2376,\"caption\":\"sweater JUSS jeans\"},{\"@type\":\"BreadcrumbList\",\"@id\":\"https:\\\/\\\/www.mithio.com\\\/fi\\\/pood\\\/miehet\\\/villaneule-juss-je\\\/#breadcrumb\",\"itemListElement\":[{\"@type\":\"ListItem\",\"position\":1,\"name\":\"Home\",\"item\":\"https:\\\/\\\/www.mithio.com\\\/fi\\\/\"},{\"@type\":\"ListItem\",\"position\":2,\"name\":\"KAUPPA\",\"item\":\"https:\\\/\\\/www.mithio.com\\\/pood\\\/\"},{\"@type\":\"ListItem\",\"position\":3,\"name\":\"Villaneule JUSS JE\"}]},{\"@type\":\"WebSite\",\"@id\":\"https:\\\/\\\/www.mithio.com\\\/fi\\\/#website\",\"url\":\"https:\\\/\\\/www.mithio.com\\\/fi\\\/\",\"name\":\"Mithio | Clothing\",\"description\":\"Etnost futuni\",\"publisher\":{\"@id\":\"https:\\\/\\\/www.mithio.com\\\/fi\\\/#organization\"},\"potentialAction\":[{\"@type\":\"SearchAction\",\"target\":{\"@type\":\"EntryPoint\",\"urlTemplate\":\"https:\\\/\\\/www.mithio.com\\\/fi\\\/?s={search_term_string}\"},\"query-input\":{\"@type\":\"PropertyValueSpecification\",\"valueRequired\":true,\"valueName\":\"search_term_string\"}}],\"inLanguage\":\"fi-FI\"},{\"@type\":\"Organization\",\"@id\":\"https:\\\/\\\/www.mithio.com\\\/fi\\\/#organization\",\"name\":\"Mithio\",\"url\":\"https:\\\/\\\/www.mithio.com\\\/fi\\\/\",\"logo\":{\"@type\":\"ImageObject\",\"inLanguage\":\"fi-FI\",\"@id\":\"https:\\\/\\\/www.mithio.com\\\/fi\\\/#\\\/schema\\\/logo\\\/image\\\/\",\"url\":\"https:\\\/\\\/www.mithio.com\\\/wp-content\\\/uploads\\\/2022\\\/05\\\/Mithio_logo.svg\",\"contentUrl\":\"https:\\\/\\\/www.mithio.com\\\/wp-content\\\/uploads\\\/2022\\\/05\\\/Mithio_logo.svg\",\"width\":\"1024\",\"height\":\"1024\",\"caption\":\"Mithio\"},\"image\":{\"@id\":\"https:\\\/\\\/www.mithio.com\\\/fi\\\/#\\\/schema\\\/logo\\\/image\\\/\"},\"sameAs\":[\"https:\\\/\\\/www.facebook.com\\\/MithioBrand\\\/?fref=ts\",\"https:\\\/\\\/www.instagram.com\\\/mithiobrand\\\/\",\"https:\\\/\\\/www.pinterest.com\\\/mithiobrand\\\/\"]}]}<\/script>\n<!-- \/ Yoast SEO plugin. -->","yoast_head_json":{"title":"Villaneule JUSS JE - Mithio | Clothing","robots":{"index":"index","follow":"follow","max-snippet":"max-snippet:-1","max-image-preview":"max-image-preview:large","max-video-preview":"max-video-preview:-1"},"canonical":"https:\/\/www.mithio.com\/fi\/pood\/miehet\/villaneule-juss-je\/","og_locale":"fi_FI","og_type":"article","og_title":"Villaneule JUSS JE - Mithio | Clothing","og_description":"Juss mallilla on py\u00f6re\u00e4 p\u00e4\u00e4nitie. Se on kevyt, hyvin l\u00e4mmin ja pehme\u00e4 villapaita. Neulepuserossa on kokonaan pienet palmikot. Normaali mitoitus. Villa on itse\u00e4\u00e4n puhdistava luonnonkuitu ja puhdistuu ensisijaisesti tuulettamalla k\u00e4yt\u00f6n j\u00e4lkeen. Suunniteltu Virossa, valmistettu vastuullisesti Liettuassa.  Koostumus: 100% hieno merinovillaa  V\u00e4ri: jeans  MITTAUS Katso kokotaulukkokuvasta tuotteen tasomitat. Voit mitata ja verrata niit\u00e4 samanlaiseen villapaitaan, l\u00f6yt\u00e4\u00e4ksesi sopivan koon.","og_url":"https:\/\/www.mithio.com\/fi\/pood\/miehet\/villaneule-juss-je\/","og_site_name":"Mithio | Clothing","article_publisher":"https:\/\/www.facebook.com\/MithioBrand\/?fref=ts","article_modified_time":"2025-10-20T16:09:13+00:00","og_image":[{"width":683,"height":1024,"url":"https:\/\/www.mithio.com\/wp-content\/uploads\/2023\/10\/JUSS-jeans-683x1024.jpg","type":"image\/jpeg"}],"twitter_card":"summary_large_image","schema":{"@context":"https:\/\/schema.org","@graph":[{"@type":"WebPage","@id":"https:\/\/www.mithio.com\/fi\/pood\/miehet\/villaneule-juss-je\/","url":"https:\/\/www.mithio.com\/fi\/pood\/miehet\/villaneule-juss-je\/","name":"Villaneule JUSS JE - Mithio | Clothing","isPartOf":{"@id":"https:\/\/www.mithio.com\/fi\/#website"},"primaryImageOfPage":{"@id":"https:\/\/www.mithio.com\/fi\/pood\/miehet\/villaneule-juss-je\/#primaryimage"},"image":{"@id":"https:\/\/www.mithio.com\/fi\/pood\/miehet\/villaneule-juss-je\/#primaryimage"},"thumbnailUrl":"https:\/\/www.mithio.com\/wp-content\/uploads\/2023\/10\/JUSS-jeans.jpg","datePublished":"2023-10-30T18:56:50+00:00","dateModified":"2025-10-20T16:09:13+00:00","breadcrumb":{"@id":"https:\/\/www.mithio.com\/fi\/pood\/miehet\/villaneule-juss-je\/#breadcrumb"},"inLanguage":"fi-FI","potentialAction":[{"@type":"ReadAction","target":["https:\/\/www.mithio.com\/fi\/pood\/miehet\/villaneule-juss-je\/"]}]},{"@type":"ImageObject","inLanguage":"fi-FI","@id":"https:\/\/www.mithio.com\/fi\/pood\/miehet\/villaneule-juss-je\/#primaryimage","url":"https:\/\/www.mithio.com\/wp-content\/uploads\/2023\/10\/JUSS-jeans.jpg","contentUrl":"https:\/\/www.mithio.com\/wp-content\/uploads\/2023\/10\/JUSS-jeans.jpg","width":1584,"height":2376,"caption":"sweater JUSS jeans"},{"@type":"BreadcrumbList","@id":"https:\/\/www.mithio.com\/fi\/pood\/miehet\/villaneule-juss-je\/#breadcrumb","itemListElement":[{"@type":"ListItem","position":1,"name":"Home","item":"https:\/\/www.mithio.com\/fi\/"},{"@type":"ListItem","position":2,"name":"KAUPPA","item":"https:\/\/www.mithio.com\/pood\/"},{"@type":"ListItem","position":3,"name":"Villaneule JUSS JE"}]},{"@type":"WebSite","@id":"https:\/\/www.mithio.com\/fi\/#website","url":"https:\/\/www.mithio.com\/fi\/","name":"Mithio | Clothing","description":"Etnost futuni","publisher":{"@id":"https:\/\/www.mithio.com\/fi\/#organization"},"potentialAction":[{"@type":"SearchAction","target":{"@type":"EntryPoint","urlTemplate":"https:\/\/www.mithio.com\/fi\/?s={search_term_string}"},"query-input":{"@type":"PropertyValueSpecification","valueRequired":true,"valueName":"search_term_string"}}],"inLanguage":"fi-FI"},{"@type":"Organization","@id":"https:\/\/www.mithio.com\/fi\/#organization","name":"Mithio","url":"https:\/\/www.mithio.com\/fi\/","logo":{"@type":"ImageObject","inLanguage":"fi-FI","@id":"https:\/\/www.mithio.com\/fi\/#\/schema\/logo\/image\/","url":"https:\/\/www.mithio.com\/wp-content\/uploads\/2022\/05\/Mithio_logo.svg","contentUrl":"https:\/\/www.mithio.com\/wp-content\/uploads\/2022\/05\/Mithio_logo.svg","width":"1024","height":"1024","caption":"Mithio"},"image":{"@id":"https:\/\/www.mithio.com\/fi\/#\/schema\/logo\/image\/"},"sameAs":["https:\/\/www.facebook.com\/MithioBrand\/?fref=ts","https:\/\/www.instagram.com\/mithiobrand\/","https:\/\/www.pinterest.com\/mithiobrand\/"]}]}},"jetpack_sharing_enabled":true,"_links":{"self":[{"href":"https:\/\/www.mithio.com\/fi\/wp-json\/wp\/v2\/product\/15850","targetHints":{"allow":["GET"]}}],"collection":[{"href":"https:\/\/www.mithio.com\/fi\/wp-json\/wp\/v2\/product"}],"about":[{"href":"https:\/\/www.mithio.com\/fi\/wp-json\/wp\/v2\/types\/product"}],"wp:featuredmedia":[{"embeddable":true,"href":"https:\/\/www.mithio.com\/fi\/wp-json\/wp\/v2\/media\/15803"}],"wp:attachment":[{"href":"https:\/\/www.mithio.com\/fi\/wp-json\/wp\/v2\/media?parent=15850"}],"wp:term":[{"taxonomy":"product_brand","embeddable":true,"href":"https:\/\/www.mithio.com\/fi\/wp-json\/wp\/v2\/product_brand?post=15850"},{"taxonomy":"product_cat","embeddable":true,"href":"https:\/\/www.mithio.com\/fi\/wp-json\/wp\/v2\/product_cat?post=15850"},{"taxonomy":"product_tag","embeddable":true,"href":"https:\/\/www.mithio.com\/fi\/wp-json\/wp\/v2\/product_tag?post=15850"}],"curies":[{"name":"wp","href":"https:\/\/api.w.org\/{rel}","templated":true}]}}