{"id":16547,"date":"2024-08-12T17:44:17","date_gmt":"2024-08-12T14:44:17","guid":{"rendered":"https:\/\/www.mithio.com\/pood\/villaneule-dan-zip-ny\/"},"modified":"2025-10-15T21:47:09","modified_gmt":"2025-10-15T18:47:09","slug":"villaneule-dan-zip-ny","status":"publish","type":"product","link":"https:\/\/www.mithio.com\/fi\/pood\/miehet\/villaneule-dan-zip-ny\/","title":{"rendered":"Villaneule DAN ZIP NY"},"content":{"rendered":"","protected":false},"excerpt":{"rendered":"<p>Dan Zip on miellytt\u00e4v\u00e4n keskipaksu, pehme\u00e4 ja l\u00e4mmin neule, \u00a0lyhyell\u00e4 muovisella vetoketjulla. Ristikk\u00e4iset palmikot on kudottu vuorotellen koko puseron l\u00e4pi. Hihan ja helman alareunassa on jeans v\u00e4rinen kudosraita, mik\u00e4 on k\u00e4yt\u00e4nn\u00f6llinen ja ei n\u00e4yt\u00e4 helpolla likaantumisen j\u00e4lki\u00e4. Kauluksen sis\u00e4puoli on my\u00f6s jeans v\u00e4rinen.<\/p>\n<p>Dan Zip on Slim Fit pusero, ota yhden koon suuremman, jos toivot v\u00e4ljemp\u00e4\u00e4 istuvuutta tai lis\u00e4\u00e4 tilaa hihoihin.<br \/>\nVilla on itse\u00e4\u00e4n puhdistava luonnonkuitu ja puhdistuu ensisijaisesti tuulettamalla k\u00e4yt\u00f6n j\u00e4lkeen.<br \/>\nSuunniteltu Virossa, valmistettu vastuullisesti Liettuassa.<\/p>\n<p>Koostumus: 100% hienoa lampaanvillaa<\/p>\n<p>V\u00e4ri: tummansininen<\/p>\n<p>MITTAUS<br \/>\nKatso kokotaulukkokuvasta tuotteen tasomitat. Voit mitata ja verrata niit\u00e4 samanlaiseen villapaitaan, l\u00f6yt\u00e4\u00e4ksesi sopivan koon.<\/p>\n","protected":false},"featured_media":17919,"template":"","meta":{"inline_featured_image":false,"ngg_post_thumbnail":0,"jetpack_post_was_ever_published":false},"product_brand":[],"product_cat":[565],"product_tag":[715,523,716,568,709,525,526,582,527],"class_list":{"0":"post-16547","1":"product","2":"type-product","3":"status-publish","4":"has-post-thumbnail","6":"product_cat-miehet","7":"product_tag-lahja-miehelle-fi","8":"product_tag-lambswool-fi","9":"product_tag-mens-sweater-fi","10":"product_tag-miehet","11":"product_tag-naisten-villaneule","12":"product_tag-navy-fi","13":"product_tag-pure-wool-fi","14":"product_tag-short-zip-sweater-fi","15":"product_tag-soft-wool-fi","16":"pa_size-l-fi","17":"pa_size-m-fi","18":"pa_size-xl-fi","19":"pa_size-xxl-fi","21":"first","22":"instock","23":"taxable","24":"shipping-taxable","25":"purchasable","26":"product-type-variable","27":"has-default-attributes"},"exclude_global_add_ons":false,"addons":[{"name":"Tilaan tuotteen lahjapakkauksessa","type":"multiple_choice","position":0,"required":false,"title_format":"heading","description_enable":true,"description":"Paina laatikon kuvaa, jos haluat tuotteen lahjapakkaukseen.","placeholder_enable":false,"placeholder":"","display":"images","restrictions_type":"any_text","adjust_price":false,"price":"","price_type":"flat_fee","restrictions":false,"min":0,"max":0,"options":[{"label":"Mithio lahjapakkaus","price":"3","price_type":"flat_fee","image":10345}]}],"yoast_head":"<!-- This site is optimized with the Yoast SEO plugin v27.3 - https:\/\/yoast.com\/product\/yoast-seo-wordpress\/ -->\n<title>Villaneule DAN ZIP NY - Mithio | Clothing<\/title>\n<meta name=\"robots\" content=\"index, follow, max-snippet:-1, max-image-preview:large, max-video-preview:-1\" \/>\n<link rel=\"canonical\" href=\"https:\/\/www.mithio.com\/fi\/pood\/miehet\/villaneule-dan-zip-ny\/\" \/>\n<meta property=\"og:locale\" content=\"fi_FI\" \/>\n<meta property=\"og:type\" content=\"article\" \/>\n<meta property=\"og:title\" content=\"Villaneule DAN ZIP NY - Mithio | Clothing\" \/>\n<meta property=\"og:description\" content=\"Dan Zip on miellytt\u00e4v\u00e4n keskipaksu, pehme\u00e4 ja l\u00e4mmin neule, \u00a0lyhyell\u00e4 muovisella vetoketjulla. Ristikk\u00e4iset palmikot on kudottu vuorotellen koko puseron l\u00e4pi. Hihan ja helman alareunassa on jeans v\u00e4rinen kudosraita, mik\u00e4 on k\u00e4yt\u00e4nn\u00f6llinen ja ei n\u00e4yt\u00e4 helpolla likaantumisen j\u00e4lki\u00e4. Kauluksen sis\u00e4puoli on my\u00f6s jeans v\u00e4rinen.  Dan Zip on Slim Fit pusero, ota yhden koon suuremman, jos toivot v\u00e4ljemp\u00e4\u00e4 istuvuutta tai lis\u00e4\u00e4 tilaa hihoihin. Villa on itse\u00e4\u00e4n puhdistava luonnonkuitu ja puhdistuu ensisijaisesti tuulettamalla k\u00e4yt\u00f6n j\u00e4lkeen. Suunniteltu Virossa, valmistettu vastuullisesti Liettuassa.  Koostumus: 100% hienoa lampaanvillaa  V\u00e4ri: tummansininen  MITTAUS Katso kokotaulukkokuvasta tuotteen tasomitat. Voit mitata ja verrata niit\u00e4 samanlaiseen villapaitaan, l\u00f6yt\u00e4\u00e4ksesi sopivan koon.\" \/>\n<meta property=\"og:url\" content=\"https:\/\/www.mithio.com\/fi\/pood\/miehet\/villaneule-dan-zip-ny\/\" \/>\n<meta property=\"og:site_name\" content=\"Mithio | Clothing\" \/>\n<meta property=\"article:publisher\" content=\"https:\/\/www.facebook.com\/MithioBrand\/?fref=ts\" \/>\n<meta property=\"article:modified_time\" content=\"2025-10-15T18:47:09+00:00\" \/>\n<meta property=\"og:image\" content=\"https:\/\/www.mithio.com\/wp-content\/uploads\/2024\/08\/DAN-ZIP-NY.jpg\" \/>\n\t<meta property=\"og:image:width\" content=\"1584\" \/>\n\t<meta property=\"og:image:height\" content=\"2376\" \/>\n\t<meta property=\"og:image:type\" content=\"image\/jpeg\" \/>\n<meta name=\"twitter:card\" content=\"summary_large_image\" \/>\n<script type=\"application\/ld+json\" class=\"yoast-schema-graph\">{\"@context\":\"https:\\\/\\\/schema.org\",\"@graph\":[{\"@type\":\"WebPage\",\"@id\":\"https:\\\/\\\/www.mithio.com\\\/fi\\\/pood\\\/miehet\\\/villaneule-dan-zip-ny\\\/\",\"url\":\"https:\\\/\\\/www.mithio.com\\\/fi\\\/pood\\\/miehet\\\/villaneule-dan-zip-ny\\\/\",\"name\":\"Villaneule DAN ZIP NY - Mithio | Clothing\",\"isPartOf\":{\"@id\":\"https:\\\/\\\/www.mithio.com\\\/fi\\\/#website\"},\"primaryImageOfPage\":{\"@id\":\"https:\\\/\\\/www.mithio.com\\\/fi\\\/pood\\\/miehet\\\/villaneule-dan-zip-ny\\\/#primaryimage\"},\"image\":{\"@id\":\"https:\\\/\\\/www.mithio.com\\\/fi\\\/pood\\\/miehet\\\/villaneule-dan-zip-ny\\\/#primaryimage\"},\"thumbnailUrl\":\"https:\\\/\\\/www.mithio.com\\\/wp-content\\\/uploads\\\/2024\\\/08\\\/DAN-ZIP-NY-1.jpg\",\"datePublished\":\"2024-08-12T14:44:17+00:00\",\"dateModified\":\"2025-10-15T18:47:09+00:00\",\"breadcrumb\":{\"@id\":\"https:\\\/\\\/www.mithio.com\\\/fi\\\/pood\\\/miehet\\\/villaneule-dan-zip-ny\\\/#breadcrumb\"},\"inLanguage\":\"fi-FI\",\"potentialAction\":[{\"@type\":\"ReadAction\",\"target\":[\"https:\\\/\\\/www.mithio.com\\\/fi\\\/pood\\\/miehet\\\/villaneule-dan-zip-ny\\\/\"]}]},{\"@type\":\"ImageObject\",\"inLanguage\":\"fi-FI\",\"@id\":\"https:\\\/\\\/www.mithio.com\\\/fi\\\/pood\\\/miehet\\\/villaneule-dan-zip-ny\\\/#primaryimage\",\"url\":\"https:\\\/\\\/www.mithio.com\\\/wp-content\\\/uploads\\\/2024\\\/08\\\/DAN-ZIP-NY-1.jpg\",\"contentUrl\":\"https:\\\/\\\/www.mithio.com\\\/wp-content\\\/uploads\\\/2024\\\/08\\\/DAN-ZIP-NY-1.jpg\",\"width\":1584,\"height\":2376,\"caption\":\"MITHIO men\u00b4s quarter zipper sweater DAN ZIP Navy\"},{\"@type\":\"BreadcrumbList\",\"@id\":\"https:\\\/\\\/www.mithio.com\\\/fi\\\/pood\\\/miehet\\\/villaneule-dan-zip-ny\\\/#breadcrumb\",\"itemListElement\":[{\"@type\":\"ListItem\",\"position\":1,\"name\":\"Home\",\"item\":\"https:\\\/\\\/www.mithio.com\\\/fi\\\/\"},{\"@type\":\"ListItem\",\"position\":2,\"name\":\"KAUPPA\",\"item\":\"https:\\\/\\\/www.mithio.com\\\/pood\\\/\"},{\"@type\":\"ListItem\",\"position\":3,\"name\":\"Villaneule DAN ZIP NY\"}]},{\"@type\":\"WebSite\",\"@id\":\"https:\\\/\\\/www.mithio.com\\\/fi\\\/#website\",\"url\":\"https:\\\/\\\/www.mithio.com\\\/fi\\\/\",\"name\":\"Mithio | Clothing\",\"description\":\"Etnost futuni\",\"publisher\":{\"@id\":\"https:\\\/\\\/www.mithio.com\\\/fi\\\/#organization\"},\"potentialAction\":[{\"@type\":\"SearchAction\",\"target\":{\"@type\":\"EntryPoint\",\"urlTemplate\":\"https:\\\/\\\/www.mithio.com\\\/fi\\\/?s={search_term_string}\"},\"query-input\":{\"@type\":\"PropertyValueSpecification\",\"valueRequired\":true,\"valueName\":\"search_term_string\"}}],\"inLanguage\":\"fi-FI\"},{\"@type\":\"Organization\",\"@id\":\"https:\\\/\\\/www.mithio.com\\\/fi\\\/#organization\",\"name\":\"Mithio\",\"url\":\"https:\\\/\\\/www.mithio.com\\\/fi\\\/\",\"logo\":{\"@type\":\"ImageObject\",\"inLanguage\":\"fi-FI\",\"@id\":\"https:\\\/\\\/www.mithio.com\\\/fi\\\/#\\\/schema\\\/logo\\\/image\\\/\",\"url\":\"https:\\\/\\\/www.mithio.com\\\/wp-content\\\/uploads\\\/2022\\\/05\\\/Mithio_logo.svg\",\"contentUrl\":\"https:\\\/\\\/www.mithio.com\\\/wp-content\\\/uploads\\\/2022\\\/05\\\/Mithio_logo.svg\",\"width\":\"1024\",\"height\":\"1024\",\"caption\":\"Mithio\"},\"image\":{\"@id\":\"https:\\\/\\\/www.mithio.com\\\/fi\\\/#\\\/schema\\\/logo\\\/image\\\/\"},\"sameAs\":[\"https:\\\/\\\/www.facebook.com\\\/MithioBrand\\\/?fref=ts\",\"https:\\\/\\\/www.instagram.com\\\/mithiobrand\\\/\",\"https:\\\/\\\/www.pinterest.com\\\/mithiobrand\\\/\"]}]}<\/script>\n<!-- \/ Yoast SEO plugin. -->","yoast_head_json":{"title":"Villaneule DAN ZIP NY - Mithio | Clothing","robots":{"index":"index","follow":"follow","max-snippet":"max-snippet:-1","max-image-preview":"max-image-preview:large","max-video-preview":"max-video-preview:-1"},"canonical":"https:\/\/www.mithio.com\/fi\/pood\/miehet\/villaneule-dan-zip-ny\/","og_locale":"fi_FI","og_type":"article","og_title":"Villaneule DAN ZIP NY - Mithio | Clothing","og_description":"Dan Zip on miellytt\u00e4v\u00e4n keskipaksu, pehme\u00e4 ja l\u00e4mmin neule, \u00a0lyhyell\u00e4 muovisella vetoketjulla. Ristikk\u00e4iset palmikot on kudottu vuorotellen koko puseron l\u00e4pi. Hihan ja helman alareunassa on jeans v\u00e4rinen kudosraita, mik\u00e4 on k\u00e4yt\u00e4nn\u00f6llinen ja ei n\u00e4yt\u00e4 helpolla likaantumisen j\u00e4lki\u00e4. Kauluksen sis\u00e4puoli on my\u00f6s jeans v\u00e4rinen.  Dan Zip on Slim Fit pusero, ota yhden koon suuremman, jos toivot v\u00e4ljemp\u00e4\u00e4 istuvuutta tai lis\u00e4\u00e4 tilaa hihoihin. Villa on itse\u00e4\u00e4n puhdistava luonnonkuitu ja puhdistuu ensisijaisesti tuulettamalla k\u00e4yt\u00f6n j\u00e4lkeen. Suunniteltu Virossa, valmistettu vastuullisesti Liettuassa.  Koostumus: 100% hienoa lampaanvillaa  V\u00e4ri: tummansininen  MITTAUS Katso kokotaulukkokuvasta tuotteen tasomitat. Voit mitata ja verrata niit\u00e4 samanlaiseen villapaitaan, l\u00f6yt\u00e4\u00e4ksesi sopivan koon.","og_url":"https:\/\/www.mithio.com\/fi\/pood\/miehet\/villaneule-dan-zip-ny\/","og_site_name":"Mithio | Clothing","article_publisher":"https:\/\/www.facebook.com\/MithioBrand\/?fref=ts","article_modified_time":"2025-10-15T18:47:09+00:00","og_image":[{"width":1584,"height":2376,"url":"https:\/\/www.mithio.com\/wp-content\/uploads\/2024\/08\/DAN-ZIP-NY.jpg","type":"image\/jpeg"}],"twitter_card":"summary_large_image","schema":{"@context":"https:\/\/schema.org","@graph":[{"@type":"WebPage","@id":"https:\/\/www.mithio.com\/fi\/pood\/miehet\/villaneule-dan-zip-ny\/","url":"https:\/\/www.mithio.com\/fi\/pood\/miehet\/villaneule-dan-zip-ny\/","name":"Villaneule DAN ZIP NY - Mithio | Clothing","isPartOf":{"@id":"https:\/\/www.mithio.com\/fi\/#website"},"primaryImageOfPage":{"@id":"https:\/\/www.mithio.com\/fi\/pood\/miehet\/villaneule-dan-zip-ny\/#primaryimage"},"image":{"@id":"https:\/\/www.mithio.com\/fi\/pood\/miehet\/villaneule-dan-zip-ny\/#primaryimage"},"thumbnailUrl":"https:\/\/www.mithio.com\/wp-content\/uploads\/2024\/08\/DAN-ZIP-NY-1.jpg","datePublished":"2024-08-12T14:44:17+00:00","dateModified":"2025-10-15T18:47:09+00:00","breadcrumb":{"@id":"https:\/\/www.mithio.com\/fi\/pood\/miehet\/villaneule-dan-zip-ny\/#breadcrumb"},"inLanguage":"fi-FI","potentialAction":[{"@type":"ReadAction","target":["https:\/\/www.mithio.com\/fi\/pood\/miehet\/villaneule-dan-zip-ny\/"]}]},{"@type":"ImageObject","inLanguage":"fi-FI","@id":"https:\/\/www.mithio.com\/fi\/pood\/miehet\/villaneule-dan-zip-ny\/#primaryimage","url":"https:\/\/www.mithio.com\/wp-content\/uploads\/2024\/08\/DAN-ZIP-NY-1.jpg","contentUrl":"https:\/\/www.mithio.com\/wp-content\/uploads\/2024\/08\/DAN-ZIP-NY-1.jpg","width":1584,"height":2376,"caption":"MITHIO men\u00b4s quarter zipper sweater DAN ZIP Navy"},{"@type":"BreadcrumbList","@id":"https:\/\/www.mithio.com\/fi\/pood\/miehet\/villaneule-dan-zip-ny\/#breadcrumb","itemListElement":[{"@type":"ListItem","position":1,"name":"Home","item":"https:\/\/www.mithio.com\/fi\/"},{"@type":"ListItem","position":2,"name":"KAUPPA","item":"https:\/\/www.mithio.com\/pood\/"},{"@type":"ListItem","position":3,"name":"Villaneule DAN ZIP NY"}]},{"@type":"WebSite","@id":"https:\/\/www.mithio.com\/fi\/#website","url":"https:\/\/www.mithio.com\/fi\/","name":"Mithio | Clothing","description":"Etnost futuni","publisher":{"@id":"https:\/\/www.mithio.com\/fi\/#organization"},"potentialAction":[{"@type":"SearchAction","target":{"@type":"EntryPoint","urlTemplate":"https:\/\/www.mithio.com\/fi\/?s={search_term_string}"},"query-input":{"@type":"PropertyValueSpecification","valueRequired":true,"valueName":"search_term_string"}}],"inLanguage":"fi-FI"},{"@type":"Organization","@id":"https:\/\/www.mithio.com\/fi\/#organization","name":"Mithio","url":"https:\/\/www.mithio.com\/fi\/","logo":{"@type":"ImageObject","inLanguage":"fi-FI","@id":"https:\/\/www.mithio.com\/fi\/#\/schema\/logo\/image\/","url":"https:\/\/www.mithio.com\/wp-content\/uploads\/2022\/05\/Mithio_logo.svg","contentUrl":"https:\/\/www.mithio.com\/wp-content\/uploads\/2022\/05\/Mithio_logo.svg","width":"1024","height":"1024","caption":"Mithio"},"image":{"@id":"https:\/\/www.mithio.com\/fi\/#\/schema\/logo\/image\/"},"sameAs":["https:\/\/www.facebook.com\/MithioBrand\/?fref=ts","https:\/\/www.instagram.com\/mithiobrand\/","https:\/\/www.pinterest.com\/mithiobrand\/"]}]}},"jetpack_sharing_enabled":true,"_links":{"self":[{"href":"https:\/\/www.mithio.com\/fi\/wp-json\/wp\/v2\/product\/16547","targetHints":{"allow":["GET"]}}],"collection":[{"href":"https:\/\/www.mithio.com\/fi\/wp-json\/wp\/v2\/product"}],"about":[{"href":"https:\/\/www.mithio.com\/fi\/wp-json\/wp\/v2\/types\/product"}],"wp:featuredmedia":[{"embeddable":true,"href":"https:\/\/www.mithio.com\/fi\/wp-json\/wp\/v2\/media\/17919"}],"wp:attachment":[{"href":"https:\/\/www.mithio.com\/fi\/wp-json\/wp\/v2\/media?parent=16547"}],"wp:term":[{"taxonomy":"product_brand","embeddable":true,"href":"https:\/\/www.mithio.com\/fi\/wp-json\/wp\/v2\/product_brand?post=16547"},{"taxonomy":"product_cat","embeddable":true,"href":"https:\/\/www.mithio.com\/fi\/wp-json\/wp\/v2\/product_cat?post=16547"},{"taxonomy":"product_tag","embeddable":true,"href":"https:\/\/www.mithio.com\/fi\/wp-json\/wp\/v2\/product_tag?post=16547"}],"curies":[{"name":"wp","href":"https:\/\/api.w.org\/{rel}","templated":true}]}}