{"id":16757,"date":"2024-08-12T20:06:11","date_gmt":"2024-08-12T17:06:11","guid":{"rendered":"https:\/\/www.mithio.com\/?post_type=product&#038;p=16757"},"modified":"2025-06-27T10:13:42","modified_gmt":"2025-06-27T07:13:42","slug":"villaneule-pretti-je-copy","status":"publish","type":"product","link":"https:\/\/www.mithio.com\/fi\/pood\/miehet\/villaneule-pretti-je-copy\/","title":{"rendered":"Villaneule PRETTI GR"},"content":{"rendered":"","protected":false},"excerpt":{"rendered":"<p>Pretti unisex mallilla on py\u00f6re\u00e4 p\u00e4\u00e4nitie. Se on puolipaksu, hyvin l\u00e4mmin ja pehme\u00e4 villapaita. Oikea syksy ja talvineule. Neulepuserossa on kokonaan palmikkokuosi, muodostaen kuin hunajakennon. Pretti on hyvin k\u00e4yt\u00e4nn\u00f6llinen perusneule, jota haluat pit\u00e4\u00e4 p\u00e4\u00e4ll\u00e4 p\u00e4iv\u00e4t ja y\u00f6t. Koot XS, S ja M sopivat naisille, koot M, L, XL ja XXL sopivat miehille. Normaali mitoitus.<br \/>\nVilla on itse\u00e4\u00e4n puhdistava luonnonkuitu ja puhdistuu ensisijaisesti tuulettamalla k\u00e4yt\u00f6n j\u00e4lkeen.<br \/>\nSuunniteltu Virossa, valmistettu vastuullisesti Liettuassa.<\/p>\n<p>Koostumus: 100% hieno lampaanvillaa<\/p>\n<p>V\u00e4ri: oliivivihre\u00e4<\/p>\n<p>MITTAUS<br \/>\nKatso kokotaulukkokuvasta tuotteen tasomitat. Voit mitata ja verrata niit\u00e4 samanlaiseen villapaitaan, l\u00f6yt\u00e4\u00e4ksesi sopivan koon.<\/p>\n","protected":false},"featured_media":17940,"template":"","meta":{"inline_featured_image":false,"ngg_post_thumbnail":0,"jetpack_post_was_ever_published":false},"product_brand":[],"product_cat":[730,565],"product_tag":[699,523,716,568,709,526],"class_list":{"0":"post-16757","1":"product","2":"type-product","3":"status-publish","4":"has-post-thumbnail","6":"product_cat-outlet","7":"product_cat-miehet","8":"product_tag-crewneck-sweater-fi","9":"product_tag-lambswool-fi","10":"product_tag-mens-sweater-fi","11":"product_tag-miehet","12":"product_tag-naisten-villaneule","13":"product_tag-pure-wool-fi","14":"pa_size-l-fi","15":"pa_size-m-fi","16":"pa_size-s-fi","17":"pa_size-xl-fi","18":"pa_size-xxl-fi","20":"first","21":"instock","22":"sale","23":"taxable","24":"shipping-taxable","25":"purchasable","26":"product-type-variable","27":"has-default-attributes"},"exclude_global_add_ons":false,"addons":[{"name":"Tilaan tuotteen lahjapakkauksessa","type":"multiple_choice","position":0,"required":false,"title_format":"heading","description_enable":true,"description":"Paina laatikon kuvaa, jos haluat tuotteen lahjapakkaukseen.","placeholder_enable":false,"placeholder":"","display":"images","restrictions_type":"any_text","adjust_price":false,"price":"","price_type":"flat_fee","restrictions":false,"min":0,"max":0,"options":[{"label":"Mithio lahjapakkaus","price":"3","price_type":"flat_fee","image":10345}]}],"yoast_head":"<!-- This site is optimized with the Yoast SEO plugin v27.3 - https:\/\/yoast.com\/product\/yoast-seo-wordpress\/ -->\n<title>Villaneule PRETTI GR - Mithio | Clothing<\/title>\n<meta name=\"robots\" content=\"index, follow, max-snippet:-1, max-image-preview:large, max-video-preview:-1\" \/>\n<link rel=\"canonical\" href=\"https:\/\/www.mithio.com\/fi\/pood\/miehet\/villaneule-pretti-je-copy\/\" \/>\n<meta property=\"og:locale\" content=\"fi_FI\" \/>\n<meta property=\"og:type\" content=\"article\" \/>\n<meta property=\"og:title\" content=\"Villaneule PRETTI GR - Mithio | Clothing\" \/>\n<meta property=\"og:description\" content=\"Pretti unisex mallilla on py\u00f6re\u00e4 p\u00e4\u00e4nitie. Se on puolipaksu, hyvin l\u00e4mmin ja pehme\u00e4 villapaita. Oikea syksy ja talvineule. Neulepuserossa on kokonaan palmikkokuosi, muodostaen kuin hunajakennon. Pretti on hyvin k\u00e4yt\u00e4nn\u00f6llinen perusneule, jota haluat pit\u00e4\u00e4 p\u00e4\u00e4ll\u00e4 p\u00e4iv\u00e4t ja y\u00f6t. Koot XS, S ja M sopivat naisille, koot M, L, XL ja XXL sopivat miehille. Normaali mitoitus. Villa on itse\u00e4\u00e4n puhdistava luonnonkuitu ja puhdistuu ensisijaisesti tuulettamalla k\u00e4yt\u00f6n j\u00e4lkeen. Suunniteltu Virossa, valmistettu vastuullisesti Liettuassa.  Koostumus: 100% hieno lampaanvillaa  V\u00e4ri: oliivivihre\u00e4  MITTAUS Katso kokotaulukkokuvasta tuotteen tasomitat. Voit mitata ja verrata niit\u00e4 samanlaiseen villapaitaan, l\u00f6yt\u00e4\u00e4ksesi sopivan koon.\" \/>\n<meta property=\"og:url\" content=\"https:\/\/www.mithio.com\/fi\/pood\/miehet\/villaneule-pretti-je-copy\/\" \/>\n<meta property=\"og:site_name\" content=\"Mithio | Clothing\" \/>\n<meta property=\"article:publisher\" content=\"https:\/\/www.facebook.com\/MithioBrand\/?fref=ts\" \/>\n<meta property=\"article:modified_time\" content=\"2025-06-27T07:13:42+00:00\" \/>\n<meta property=\"og:image\" content=\"https:\/\/www.mithio.com\/wp-content\/uploads\/2024\/08\/PRETTI-GR-683x1024.jpg\" \/>\n\t<meta property=\"og:image:width\" content=\"683\" \/>\n\t<meta property=\"og:image:height\" content=\"1024\" \/>\n\t<meta property=\"og:image:type\" content=\"image\/jpeg\" \/>\n<meta name=\"twitter:card\" content=\"summary_large_image\" \/>\n<script type=\"application\/ld+json\" class=\"yoast-schema-graph\">{\"@context\":\"https:\\\/\\\/schema.org\",\"@graph\":[{\"@type\":\"WebPage\",\"@id\":\"https:\\\/\\\/www.mithio.com\\\/fi\\\/pood\\\/miehet\\\/villaneule-pretti-je-copy\\\/\",\"url\":\"https:\\\/\\\/www.mithio.com\\\/fi\\\/pood\\\/miehet\\\/villaneule-pretti-je-copy\\\/\",\"name\":\"Villaneule PRETTI GR - Mithio | Clothing\",\"isPartOf\":{\"@id\":\"https:\\\/\\\/www.mithio.com\\\/fi\\\/#website\"},\"primaryImageOfPage\":{\"@id\":\"https:\\\/\\\/www.mithio.com\\\/fi\\\/pood\\\/miehet\\\/villaneule-pretti-je-copy\\\/#primaryimage\"},\"image\":{\"@id\":\"https:\\\/\\\/www.mithio.com\\\/fi\\\/pood\\\/miehet\\\/villaneule-pretti-je-copy\\\/#primaryimage\"},\"thumbnailUrl\":\"https:\\\/\\\/www.mithio.com\\\/wp-content\\\/uploads\\\/2024\\\/08\\\/PRETTI-GR-1.jpg\",\"datePublished\":\"2024-08-12T17:06:11+00:00\",\"dateModified\":\"2025-06-27T07:13:42+00:00\",\"breadcrumb\":{\"@id\":\"https:\\\/\\\/www.mithio.com\\\/fi\\\/pood\\\/miehet\\\/villaneule-pretti-je-copy\\\/#breadcrumb\"},\"inLanguage\":\"fi-FI\",\"potentialAction\":[{\"@type\":\"ReadAction\",\"target\":[\"https:\\\/\\\/www.mithio.com\\\/fi\\\/pood\\\/miehet\\\/villaneule-pretti-je-copy\\\/\"]}]},{\"@type\":\"ImageObject\",\"inLanguage\":\"fi-FI\",\"@id\":\"https:\\\/\\\/www.mithio.com\\\/fi\\\/pood\\\/miehet\\\/villaneule-pretti-je-copy\\\/#primaryimage\",\"url\":\"https:\\\/\\\/www.mithio.com\\\/wp-content\\\/uploads\\\/2024\\\/08\\\/PRETTI-GR-1.jpg\",\"contentUrl\":\"https:\\\/\\\/www.mithio.com\\\/wp-content\\\/uploads\\\/2024\\\/08\\\/PRETTI-GR-1.jpg\",\"width\":1584,\"height\":2376,\"caption\":\"MITHIO men\u00b4s O-neck sweater PRETTI green\"},{\"@type\":\"BreadcrumbList\",\"@id\":\"https:\\\/\\\/www.mithio.com\\\/fi\\\/pood\\\/miehet\\\/villaneule-pretti-je-copy\\\/#breadcrumb\",\"itemListElement\":[{\"@type\":\"ListItem\",\"position\":1,\"name\":\"Home\",\"item\":\"https:\\\/\\\/www.mithio.com\\\/fi\\\/\"},{\"@type\":\"ListItem\",\"position\":2,\"name\":\"KAUPPA\",\"item\":\"https:\\\/\\\/www.mithio.com\\\/pood\\\/\"},{\"@type\":\"ListItem\",\"position\":3,\"name\":\"Villaneule PRETTI GR\"}]},{\"@type\":\"WebSite\",\"@id\":\"https:\\\/\\\/www.mithio.com\\\/fi\\\/#website\",\"url\":\"https:\\\/\\\/www.mithio.com\\\/fi\\\/\",\"name\":\"Mithio | Clothing\",\"description\":\"Etnost futuni\",\"publisher\":{\"@id\":\"https:\\\/\\\/www.mithio.com\\\/fi\\\/#organization\"},\"potentialAction\":[{\"@type\":\"SearchAction\",\"target\":{\"@type\":\"EntryPoint\",\"urlTemplate\":\"https:\\\/\\\/www.mithio.com\\\/fi\\\/?s={search_term_string}\"},\"query-input\":{\"@type\":\"PropertyValueSpecification\",\"valueRequired\":true,\"valueName\":\"search_term_string\"}}],\"inLanguage\":\"fi-FI\"},{\"@type\":\"Organization\",\"@id\":\"https:\\\/\\\/www.mithio.com\\\/fi\\\/#organization\",\"name\":\"Mithio\",\"url\":\"https:\\\/\\\/www.mithio.com\\\/fi\\\/\",\"logo\":{\"@type\":\"ImageObject\",\"inLanguage\":\"fi-FI\",\"@id\":\"https:\\\/\\\/www.mithio.com\\\/fi\\\/#\\\/schema\\\/logo\\\/image\\\/\",\"url\":\"https:\\\/\\\/www.mithio.com\\\/wp-content\\\/uploads\\\/2022\\\/05\\\/Mithio_logo.svg\",\"contentUrl\":\"https:\\\/\\\/www.mithio.com\\\/wp-content\\\/uploads\\\/2022\\\/05\\\/Mithio_logo.svg\",\"width\":\"1024\",\"height\":\"1024\",\"caption\":\"Mithio\"},\"image\":{\"@id\":\"https:\\\/\\\/www.mithio.com\\\/fi\\\/#\\\/schema\\\/logo\\\/image\\\/\"},\"sameAs\":[\"https:\\\/\\\/www.facebook.com\\\/MithioBrand\\\/?fref=ts\",\"https:\\\/\\\/www.instagram.com\\\/mithiobrand\\\/\",\"https:\\\/\\\/www.pinterest.com\\\/mithiobrand\\\/\"]}]}<\/script>\n<!-- \/ Yoast SEO plugin. -->","yoast_head_json":{"title":"Villaneule PRETTI GR - Mithio | Clothing","robots":{"index":"index","follow":"follow","max-snippet":"max-snippet:-1","max-image-preview":"max-image-preview:large","max-video-preview":"max-video-preview:-1"},"canonical":"https:\/\/www.mithio.com\/fi\/pood\/miehet\/villaneule-pretti-je-copy\/","og_locale":"fi_FI","og_type":"article","og_title":"Villaneule PRETTI GR - Mithio | Clothing","og_description":"Pretti unisex mallilla on py\u00f6re\u00e4 p\u00e4\u00e4nitie. Se on puolipaksu, hyvin l\u00e4mmin ja pehme\u00e4 villapaita. Oikea syksy ja talvineule. Neulepuserossa on kokonaan palmikkokuosi, muodostaen kuin hunajakennon. Pretti on hyvin k\u00e4yt\u00e4nn\u00f6llinen perusneule, jota haluat pit\u00e4\u00e4 p\u00e4\u00e4ll\u00e4 p\u00e4iv\u00e4t ja y\u00f6t. Koot XS, S ja M sopivat naisille, koot M, L, XL ja XXL sopivat miehille. Normaali mitoitus. Villa on itse\u00e4\u00e4n puhdistava luonnonkuitu ja puhdistuu ensisijaisesti tuulettamalla k\u00e4yt\u00f6n j\u00e4lkeen. Suunniteltu Virossa, valmistettu vastuullisesti Liettuassa.  Koostumus: 100% hieno lampaanvillaa  V\u00e4ri: oliivivihre\u00e4  MITTAUS Katso kokotaulukkokuvasta tuotteen tasomitat. Voit mitata ja verrata niit\u00e4 samanlaiseen villapaitaan, l\u00f6yt\u00e4\u00e4ksesi sopivan koon.","og_url":"https:\/\/www.mithio.com\/fi\/pood\/miehet\/villaneule-pretti-je-copy\/","og_site_name":"Mithio | Clothing","article_publisher":"https:\/\/www.facebook.com\/MithioBrand\/?fref=ts","article_modified_time":"2025-06-27T07:13:42+00:00","og_image":[{"width":683,"height":1024,"url":"https:\/\/www.mithio.com\/wp-content\/uploads\/2024\/08\/PRETTI-GR-683x1024.jpg","type":"image\/jpeg"}],"twitter_card":"summary_large_image","schema":{"@context":"https:\/\/schema.org","@graph":[{"@type":"WebPage","@id":"https:\/\/www.mithio.com\/fi\/pood\/miehet\/villaneule-pretti-je-copy\/","url":"https:\/\/www.mithio.com\/fi\/pood\/miehet\/villaneule-pretti-je-copy\/","name":"Villaneule PRETTI GR - Mithio | Clothing","isPartOf":{"@id":"https:\/\/www.mithio.com\/fi\/#website"},"primaryImageOfPage":{"@id":"https:\/\/www.mithio.com\/fi\/pood\/miehet\/villaneule-pretti-je-copy\/#primaryimage"},"image":{"@id":"https:\/\/www.mithio.com\/fi\/pood\/miehet\/villaneule-pretti-je-copy\/#primaryimage"},"thumbnailUrl":"https:\/\/www.mithio.com\/wp-content\/uploads\/2024\/08\/PRETTI-GR-1.jpg","datePublished":"2024-08-12T17:06:11+00:00","dateModified":"2025-06-27T07:13:42+00:00","breadcrumb":{"@id":"https:\/\/www.mithio.com\/fi\/pood\/miehet\/villaneule-pretti-je-copy\/#breadcrumb"},"inLanguage":"fi-FI","potentialAction":[{"@type":"ReadAction","target":["https:\/\/www.mithio.com\/fi\/pood\/miehet\/villaneule-pretti-je-copy\/"]}]},{"@type":"ImageObject","inLanguage":"fi-FI","@id":"https:\/\/www.mithio.com\/fi\/pood\/miehet\/villaneule-pretti-je-copy\/#primaryimage","url":"https:\/\/www.mithio.com\/wp-content\/uploads\/2024\/08\/PRETTI-GR-1.jpg","contentUrl":"https:\/\/www.mithio.com\/wp-content\/uploads\/2024\/08\/PRETTI-GR-1.jpg","width":1584,"height":2376,"caption":"MITHIO men\u00b4s O-neck sweater PRETTI green"},{"@type":"BreadcrumbList","@id":"https:\/\/www.mithio.com\/fi\/pood\/miehet\/villaneule-pretti-je-copy\/#breadcrumb","itemListElement":[{"@type":"ListItem","position":1,"name":"Home","item":"https:\/\/www.mithio.com\/fi\/"},{"@type":"ListItem","position":2,"name":"KAUPPA","item":"https:\/\/www.mithio.com\/pood\/"},{"@type":"ListItem","position":3,"name":"Villaneule PRETTI GR"}]},{"@type":"WebSite","@id":"https:\/\/www.mithio.com\/fi\/#website","url":"https:\/\/www.mithio.com\/fi\/","name":"Mithio | Clothing","description":"Etnost futuni","publisher":{"@id":"https:\/\/www.mithio.com\/fi\/#organization"},"potentialAction":[{"@type":"SearchAction","target":{"@type":"EntryPoint","urlTemplate":"https:\/\/www.mithio.com\/fi\/?s={search_term_string}"},"query-input":{"@type":"PropertyValueSpecification","valueRequired":true,"valueName":"search_term_string"}}],"inLanguage":"fi-FI"},{"@type":"Organization","@id":"https:\/\/www.mithio.com\/fi\/#organization","name":"Mithio","url":"https:\/\/www.mithio.com\/fi\/","logo":{"@type":"ImageObject","inLanguage":"fi-FI","@id":"https:\/\/www.mithio.com\/fi\/#\/schema\/logo\/image\/","url":"https:\/\/www.mithio.com\/wp-content\/uploads\/2022\/05\/Mithio_logo.svg","contentUrl":"https:\/\/www.mithio.com\/wp-content\/uploads\/2022\/05\/Mithio_logo.svg","width":"1024","height":"1024","caption":"Mithio"},"image":{"@id":"https:\/\/www.mithio.com\/fi\/#\/schema\/logo\/image\/"},"sameAs":["https:\/\/www.facebook.com\/MithioBrand\/?fref=ts","https:\/\/www.instagram.com\/mithiobrand\/","https:\/\/www.pinterest.com\/mithiobrand\/"]}]}},"jetpack_sharing_enabled":true,"_links":{"self":[{"href":"https:\/\/www.mithio.com\/fi\/wp-json\/wp\/v2\/product\/16757","targetHints":{"allow":["GET"]}}],"collection":[{"href":"https:\/\/www.mithio.com\/fi\/wp-json\/wp\/v2\/product"}],"about":[{"href":"https:\/\/www.mithio.com\/fi\/wp-json\/wp\/v2\/types\/product"}],"wp:featuredmedia":[{"embeddable":true,"href":"https:\/\/www.mithio.com\/fi\/wp-json\/wp\/v2\/media\/17940"}],"wp:attachment":[{"href":"https:\/\/www.mithio.com\/fi\/wp-json\/wp\/v2\/media?parent=16757"}],"wp:term":[{"taxonomy":"product_brand","embeddable":true,"href":"https:\/\/www.mithio.com\/fi\/wp-json\/wp\/v2\/product_brand?post=16757"},{"taxonomy":"product_cat","embeddable":true,"href":"https:\/\/www.mithio.com\/fi\/wp-json\/wp\/v2\/product_cat?post=16757"},{"taxonomy":"product_tag","embeddable":true,"href":"https:\/\/www.mithio.com\/fi\/wp-json\/wp\/v2\/product_tag?post=16757"}],"curies":[{"name":"wp","href":"https:\/\/api.w.org\/{rel}","templated":true}]}}