{"id":17999,"date":"2025-10-20T17:46:12","date_gmt":"2025-10-20T14:46:12","guid":{"rendered":"https:\/\/www.mithio.com\/pood\/uncategorized\/villaneule-agnes-dl\/"},"modified":"2025-10-20T19:13:33","modified_gmt":"2025-10-20T16:13:33","slug":"villaneule-agnes-dl","status":"publish","type":"product","link":"https:\/\/www.mithio.com\/fi\/pood\/naiset\/villaneule-agnes-dl\/","title":{"rendered":"Villaneule AGNES DL"},"content":{"rendered":"","protected":false},"excerpt":{"rendered":"<p>Agnes malli on leve\u00e4ll\u00e4 korkealla kauluksella, keskipaksuinen, mutta kuitenkin aika kevyt, l\u00e4mmin ja pehme\u00e4 merinovillapaita. Pusero on kudottu kokonaan palmikoilla. Agnes malli on v\u00e4h\u00e4n pidempi kuin muut meid\u00e4n mallit, mutta sen alahelman ribbiosan voi k\u00e4\u00e4nt\u00e4\u00e4 sis\u00e4\u00e4np\u00e4in, silloin se sopii mainiosti my\u00f6s lyhyelle naiselle. Agnes paidalla on reilu mitoitus. Jos haluat paidasta istuvamman, voit valita normaalia pienemm\u00e4n koon.<br \/>\nVilla on itse\u00e4\u00e4n puhdistava luonnonkuitu ja puhdistuu ensisijaisesti tuulettamalla k\u00e4yt\u00f6n j\u00e4lkeen.<br \/>\nSuunniteltu Virossa, valmistettu vastuullisesti Liettuassa.<\/p>\n<p>Koostumus: 100% merinovillaa<\/p>\n<p>V\u00e4ri: tumman violetti<\/p>\n<p>MITTAUS<br \/>\nKatso kokotaulukkokuvasta tuotteen tasomitat. Voit mitata ja verrata niit\u00e4 samanlaiseen villapaitaan, l\u00f6yt\u00e4\u00e4ksesi sopivan koon.<\/p>\n","protected":false},"featured_media":17974,"template":"","meta":{"inline_featured_image":false,"ngg_post_thumbnail":0,"jetpack_post_was_ever_published":false},"product_brand":[],"product_cat":[503],"product_tag":[559,506,507,647,562,530],"class_list":{"0":"post-17999","1":"product","2":"type-product","3":"status-publish","4":"has-post-thumbnail","6":"product_cat-naiset","7":"product_tag-aran-fi","8":"product_tag-kootud-kampsun-fi","9":"product_tag-naiste-kampsun-fi","10":"product_tag-naisten-neule","11":"product_tag-palmikkokuosi","12":"product_tag-villane-kampsun-fi","13":"pa_size-l-fi","14":"pa_size-m-fi","15":"pa_size-s-fi","16":"pa_size-xl-fi","17":"pa_size-xs-fi","19":"first","20":"instock","21":"taxable","22":"shipping-taxable","23":"purchasable","24":"product-type-variable","25":"has-default-attributes"},"exclude_global_add_ons":false,"addons":[{"name":"Tilaan tuotteen lahjapakkauksessa","type":"multiple_choice","position":0,"required":false,"title_format":"heading","description_enable":true,"description":"Paina laatikon kuvaa, jos haluat tuotteen lahjapakkaukseen.","placeholder_enable":false,"placeholder":"","display":"images","restrictions_type":"any_text","adjust_price":false,"price":"","price_type":"flat_fee","restrictions":false,"min":0,"max":0,"options":[{"label":"Mithio lahjapakkaus","price":"3","price_type":"flat_fee","image":10345}]}],"yoast_head":"<!-- This site is optimized with the Yoast SEO plugin v27.3 - https:\/\/yoast.com\/product\/yoast-seo-wordpress\/ -->\n<title>Villaneule AGNES DL - Mithio | Clothing<\/title>\n<meta name=\"robots\" content=\"index, follow, max-snippet:-1, max-image-preview:large, max-video-preview:-1\" \/>\n<link rel=\"canonical\" href=\"https:\/\/www.mithio.com\/fi\/pood\/naiset\/villaneule-agnes-dl\/\" \/>\n<meta property=\"og:locale\" content=\"fi_FI\" \/>\n<meta property=\"og:type\" content=\"article\" \/>\n<meta property=\"og:title\" content=\"Villaneule AGNES DL - Mithio | Clothing\" \/>\n<meta property=\"og:description\" content=\"Agnes malli on leve\u00e4ll\u00e4 korkealla kauluksella, keskipaksuinen, mutta kuitenkin aika kevyt, l\u00e4mmin ja pehme\u00e4 merinovillapaita. Pusero on kudottu kokonaan palmikoilla. Agnes malli on v\u00e4h\u00e4n pidempi kuin muut meid\u00e4n mallit, mutta sen alahelman ribbiosan voi k\u00e4\u00e4nt\u00e4\u00e4 sis\u00e4\u00e4np\u00e4in, silloin se sopii mainiosti my\u00f6s lyhyelle naiselle. Agnes paidalla on reilu mitoitus. Jos haluat paidasta istuvamman, voit valita normaalia pienemm\u00e4n koon. Villa on itse\u00e4\u00e4n puhdistava luonnonkuitu ja puhdistuu ensisijaisesti tuulettamalla k\u00e4yt\u00f6n j\u00e4lkeen. Suunniteltu Virossa, valmistettu vastuullisesti Liettuassa.  Koostumus: 100% merinovillaa  V\u00e4ri: tumman violetti  MITTAUS Katso kokotaulukkokuvasta tuotteen tasomitat. Voit mitata ja verrata niit\u00e4 samanlaiseen villapaitaan, l\u00f6yt\u00e4\u00e4ksesi sopivan koon.\" \/>\n<meta property=\"og:url\" content=\"https:\/\/www.mithio.com\/fi\/pood\/naiset\/villaneule-agnes-dl\/\" \/>\n<meta property=\"og:site_name\" content=\"Mithio | Clothing\" \/>\n<meta property=\"article:publisher\" content=\"https:\/\/www.facebook.com\/MithioBrand\/?fref=ts\" \/>\n<meta property=\"article:modified_time\" content=\"2025-10-20T16:13:33+00:00\" \/>\n<meta property=\"og:image\" content=\"https:\/\/www.mithio.com\/wp-content\/uploads\/2025\/10\/AGNES-dark-lilac.jpg\" \/>\n\t<meta property=\"og:image:width\" content=\"1584\" \/>\n\t<meta property=\"og:image:height\" content=\"2376\" \/>\n\t<meta property=\"og:image:type\" content=\"image\/jpeg\" \/>\n<meta name=\"twitter:card\" content=\"summary_large_image\" \/>\n<script type=\"application\/ld+json\" class=\"yoast-schema-graph\">{\"@context\":\"https:\\\/\\\/schema.org\",\"@graph\":[{\"@type\":\"WebPage\",\"@id\":\"https:\\\/\\\/www.mithio.com\\\/fi\\\/pood\\\/naiset\\\/villaneule-agnes-dl\\\/\",\"url\":\"https:\\\/\\\/www.mithio.com\\\/fi\\\/pood\\\/naiset\\\/villaneule-agnes-dl\\\/\",\"name\":\"Villaneule AGNES DL - Mithio | Clothing\",\"isPartOf\":{\"@id\":\"https:\\\/\\\/www.mithio.com\\\/fi\\\/#website\"},\"primaryImageOfPage\":{\"@id\":\"https:\\\/\\\/www.mithio.com\\\/fi\\\/pood\\\/naiset\\\/villaneule-agnes-dl\\\/#primaryimage\"},\"image\":{\"@id\":\"https:\\\/\\\/www.mithio.com\\\/fi\\\/pood\\\/naiset\\\/villaneule-agnes-dl\\\/#primaryimage\"},\"thumbnailUrl\":\"https:\\\/\\\/www.mithio.com\\\/wp-content\\\/uploads\\\/2025\\\/10\\\/AGNES-dark-lilac.jpg\",\"datePublished\":\"2025-10-20T14:46:12+00:00\",\"dateModified\":\"2025-10-20T16:13:33+00:00\",\"breadcrumb\":{\"@id\":\"https:\\\/\\\/www.mithio.com\\\/fi\\\/pood\\\/naiset\\\/villaneule-agnes-dl\\\/#breadcrumb\"},\"inLanguage\":\"fi-FI\",\"potentialAction\":[{\"@type\":\"ReadAction\",\"target\":[\"https:\\\/\\\/www.mithio.com\\\/fi\\\/pood\\\/naiset\\\/villaneule-agnes-dl\\\/\"]}]},{\"@type\":\"ImageObject\",\"inLanguage\":\"fi-FI\",\"@id\":\"https:\\\/\\\/www.mithio.com\\\/fi\\\/pood\\\/naiset\\\/villaneule-agnes-dl\\\/#primaryimage\",\"url\":\"https:\\\/\\\/www.mithio.com\\\/wp-content\\\/uploads\\\/2025\\\/10\\\/AGNES-dark-lilac.jpg\",\"contentUrl\":\"https:\\\/\\\/www.mithio.com\\\/wp-content\\\/uploads\\\/2025\\\/10\\\/AGNES-dark-lilac.jpg\",\"width\":1584,\"height\":2376,\"caption\":\"MITHIO AGNES women\u00b4s merinowool hight neck cable knit sweater\"},{\"@type\":\"BreadcrumbList\",\"@id\":\"https:\\\/\\\/www.mithio.com\\\/fi\\\/pood\\\/naiset\\\/villaneule-agnes-dl\\\/#breadcrumb\",\"itemListElement\":[{\"@type\":\"ListItem\",\"position\":1,\"name\":\"Home\",\"item\":\"https:\\\/\\\/www.mithio.com\\\/fi\\\/\"},{\"@type\":\"ListItem\",\"position\":2,\"name\":\"KAUPPA\",\"item\":\"https:\\\/\\\/www.mithio.com\\\/pood\\\/\"},{\"@type\":\"ListItem\",\"position\":3,\"name\":\"Villaneule AGNES DL\"}]},{\"@type\":\"WebSite\",\"@id\":\"https:\\\/\\\/www.mithio.com\\\/fi\\\/#website\",\"url\":\"https:\\\/\\\/www.mithio.com\\\/fi\\\/\",\"name\":\"Mithio | Clothing\",\"description\":\"Etnost futuni\",\"publisher\":{\"@id\":\"https:\\\/\\\/www.mithio.com\\\/fi\\\/#organization\"},\"potentialAction\":[{\"@type\":\"SearchAction\",\"target\":{\"@type\":\"EntryPoint\",\"urlTemplate\":\"https:\\\/\\\/www.mithio.com\\\/fi\\\/?s={search_term_string}\"},\"query-input\":{\"@type\":\"PropertyValueSpecification\",\"valueRequired\":true,\"valueName\":\"search_term_string\"}}],\"inLanguage\":\"fi-FI\"},{\"@type\":\"Organization\",\"@id\":\"https:\\\/\\\/www.mithio.com\\\/fi\\\/#organization\",\"name\":\"Mithio\",\"url\":\"https:\\\/\\\/www.mithio.com\\\/fi\\\/\",\"logo\":{\"@type\":\"ImageObject\",\"inLanguage\":\"fi-FI\",\"@id\":\"https:\\\/\\\/www.mithio.com\\\/fi\\\/#\\\/schema\\\/logo\\\/image\\\/\",\"url\":\"https:\\\/\\\/www.mithio.com\\\/wp-content\\\/uploads\\\/2022\\\/05\\\/Mithio_logo.svg\",\"contentUrl\":\"https:\\\/\\\/www.mithio.com\\\/wp-content\\\/uploads\\\/2022\\\/05\\\/Mithio_logo.svg\",\"width\":\"1024\",\"height\":\"1024\",\"caption\":\"Mithio\"},\"image\":{\"@id\":\"https:\\\/\\\/www.mithio.com\\\/fi\\\/#\\\/schema\\\/logo\\\/image\\\/\"},\"sameAs\":[\"https:\\\/\\\/www.facebook.com\\\/MithioBrand\\\/?fref=ts\",\"https:\\\/\\\/www.instagram.com\\\/mithiobrand\\\/\",\"https:\\\/\\\/www.pinterest.com\\\/mithiobrand\\\/\"]}]}<\/script>\n<!-- \/ Yoast SEO plugin. -->","yoast_head_json":{"title":"Villaneule AGNES DL - Mithio | Clothing","robots":{"index":"index","follow":"follow","max-snippet":"max-snippet:-1","max-image-preview":"max-image-preview:large","max-video-preview":"max-video-preview:-1"},"canonical":"https:\/\/www.mithio.com\/fi\/pood\/naiset\/villaneule-agnes-dl\/","og_locale":"fi_FI","og_type":"article","og_title":"Villaneule AGNES DL - Mithio | Clothing","og_description":"Agnes malli on leve\u00e4ll\u00e4 korkealla kauluksella, keskipaksuinen, mutta kuitenkin aika kevyt, l\u00e4mmin ja pehme\u00e4 merinovillapaita. Pusero on kudottu kokonaan palmikoilla. Agnes malli on v\u00e4h\u00e4n pidempi kuin muut meid\u00e4n mallit, mutta sen alahelman ribbiosan voi k\u00e4\u00e4nt\u00e4\u00e4 sis\u00e4\u00e4np\u00e4in, silloin se sopii mainiosti my\u00f6s lyhyelle naiselle. Agnes paidalla on reilu mitoitus. Jos haluat paidasta istuvamman, voit valita normaalia pienemm\u00e4n koon. Villa on itse\u00e4\u00e4n puhdistava luonnonkuitu ja puhdistuu ensisijaisesti tuulettamalla k\u00e4yt\u00f6n j\u00e4lkeen. Suunniteltu Virossa, valmistettu vastuullisesti Liettuassa.  Koostumus: 100% merinovillaa  V\u00e4ri: tumman violetti  MITTAUS Katso kokotaulukkokuvasta tuotteen tasomitat. Voit mitata ja verrata niit\u00e4 samanlaiseen villapaitaan, l\u00f6yt\u00e4\u00e4ksesi sopivan koon.","og_url":"https:\/\/www.mithio.com\/fi\/pood\/naiset\/villaneule-agnes-dl\/","og_site_name":"Mithio | Clothing","article_publisher":"https:\/\/www.facebook.com\/MithioBrand\/?fref=ts","article_modified_time":"2025-10-20T16:13:33+00:00","og_image":[{"width":1584,"height":2376,"url":"https:\/\/www.mithio.com\/wp-content\/uploads\/2025\/10\/AGNES-dark-lilac.jpg","type":"image\/jpeg"}],"twitter_card":"summary_large_image","schema":{"@context":"https:\/\/schema.org","@graph":[{"@type":"WebPage","@id":"https:\/\/www.mithio.com\/fi\/pood\/naiset\/villaneule-agnes-dl\/","url":"https:\/\/www.mithio.com\/fi\/pood\/naiset\/villaneule-agnes-dl\/","name":"Villaneule AGNES DL - Mithio | Clothing","isPartOf":{"@id":"https:\/\/www.mithio.com\/fi\/#website"},"primaryImageOfPage":{"@id":"https:\/\/www.mithio.com\/fi\/pood\/naiset\/villaneule-agnes-dl\/#primaryimage"},"image":{"@id":"https:\/\/www.mithio.com\/fi\/pood\/naiset\/villaneule-agnes-dl\/#primaryimage"},"thumbnailUrl":"https:\/\/www.mithio.com\/wp-content\/uploads\/2025\/10\/AGNES-dark-lilac.jpg","datePublished":"2025-10-20T14:46:12+00:00","dateModified":"2025-10-20T16:13:33+00:00","breadcrumb":{"@id":"https:\/\/www.mithio.com\/fi\/pood\/naiset\/villaneule-agnes-dl\/#breadcrumb"},"inLanguage":"fi-FI","potentialAction":[{"@type":"ReadAction","target":["https:\/\/www.mithio.com\/fi\/pood\/naiset\/villaneule-agnes-dl\/"]}]},{"@type":"ImageObject","inLanguage":"fi-FI","@id":"https:\/\/www.mithio.com\/fi\/pood\/naiset\/villaneule-agnes-dl\/#primaryimage","url":"https:\/\/www.mithio.com\/wp-content\/uploads\/2025\/10\/AGNES-dark-lilac.jpg","contentUrl":"https:\/\/www.mithio.com\/wp-content\/uploads\/2025\/10\/AGNES-dark-lilac.jpg","width":1584,"height":2376,"caption":"MITHIO AGNES women\u00b4s merinowool hight neck cable knit sweater"},{"@type":"BreadcrumbList","@id":"https:\/\/www.mithio.com\/fi\/pood\/naiset\/villaneule-agnes-dl\/#breadcrumb","itemListElement":[{"@type":"ListItem","position":1,"name":"Home","item":"https:\/\/www.mithio.com\/fi\/"},{"@type":"ListItem","position":2,"name":"KAUPPA","item":"https:\/\/www.mithio.com\/pood\/"},{"@type":"ListItem","position":3,"name":"Villaneule AGNES DL"}]},{"@type":"WebSite","@id":"https:\/\/www.mithio.com\/fi\/#website","url":"https:\/\/www.mithio.com\/fi\/","name":"Mithio | Clothing","description":"Etnost futuni","publisher":{"@id":"https:\/\/www.mithio.com\/fi\/#organization"},"potentialAction":[{"@type":"SearchAction","target":{"@type":"EntryPoint","urlTemplate":"https:\/\/www.mithio.com\/fi\/?s={search_term_string}"},"query-input":{"@type":"PropertyValueSpecification","valueRequired":true,"valueName":"search_term_string"}}],"inLanguage":"fi-FI"},{"@type":"Organization","@id":"https:\/\/www.mithio.com\/fi\/#organization","name":"Mithio","url":"https:\/\/www.mithio.com\/fi\/","logo":{"@type":"ImageObject","inLanguage":"fi-FI","@id":"https:\/\/www.mithio.com\/fi\/#\/schema\/logo\/image\/","url":"https:\/\/www.mithio.com\/wp-content\/uploads\/2022\/05\/Mithio_logo.svg","contentUrl":"https:\/\/www.mithio.com\/wp-content\/uploads\/2022\/05\/Mithio_logo.svg","width":"1024","height":"1024","caption":"Mithio"},"image":{"@id":"https:\/\/www.mithio.com\/fi\/#\/schema\/logo\/image\/"},"sameAs":["https:\/\/www.facebook.com\/MithioBrand\/?fref=ts","https:\/\/www.instagram.com\/mithiobrand\/","https:\/\/www.pinterest.com\/mithiobrand\/"]}]}},"jetpack_sharing_enabled":true,"_links":{"self":[{"href":"https:\/\/www.mithio.com\/fi\/wp-json\/wp\/v2\/product\/17999","targetHints":{"allow":["GET"]}}],"collection":[{"href":"https:\/\/www.mithio.com\/fi\/wp-json\/wp\/v2\/product"}],"about":[{"href":"https:\/\/www.mithio.com\/fi\/wp-json\/wp\/v2\/types\/product"}],"wp:featuredmedia":[{"embeddable":true,"href":"https:\/\/www.mithio.com\/fi\/wp-json\/wp\/v2\/media\/17974"}],"wp:attachment":[{"href":"https:\/\/www.mithio.com\/fi\/wp-json\/wp\/v2\/media?parent=17999"}],"wp:term":[{"taxonomy":"product_brand","embeddable":true,"href":"https:\/\/www.mithio.com\/fi\/wp-json\/wp\/v2\/product_brand?post=17999"},{"taxonomy":"product_cat","embeddable":true,"href":"https:\/\/www.mithio.com\/fi\/wp-json\/wp\/v2\/product_cat?post=17999"},{"taxonomy":"product_tag","embeddable":true,"href":"https:\/\/www.mithio.com\/fi\/wp-json\/wp\/v2\/product_tag?post=17999"}],"curies":[{"name":"wp","href":"https:\/\/api.w.org\/{rel}","templated":true}]}}